{"id":999,"date":"2018-06-01T12:46:41","date_gmt":"2018-06-01T10:46:41","guid":{"rendered":"http:\/\/www.invest-con.com\/homepages\/investcon\/?page_id=999"},"modified":"2021-10-27T13:16:32","modified_gmt":"2021-10-27T11:16:32","slug":"kindervorsorge","status":"publish","type":"page","link":"https:\/\/www.invest-con.com\/homepages\/investcon\/kindervorsorge\/","title":{"rendered":"Kindervorsorge"},"content":{"rendered":"<h3>Kindervorsorge<\/h3>\n<p>Immer mehr Eltern und Gro\u00dfeltern wollen f\u00fcr Ihre Liebsten vorsorgen. Dieser Wunsch ist verst\u00e4ndlich, n\u00e4mlich den eigenen Kindern ein gewisses Startkapital zur Verf\u00fcgung zu stellen bzw. sie finanziell m\u00f6glichst gut abzusichern.<\/p>\n<p>Folgende Themen sollten bei der finanziellen Vorsorge f\u00fcr Ihren Nachwuchs Beachtung finden:<\/p>\n<ul>\n<li>Versicherungsschutz f\u00fcr Unfall und Invalidit\u00e4t<\/li>\n<li>Ausbildungsvorsorge<\/li>\n<li>Startkapital f\u00fcr Autokauf oder die eigenen vier W\u00e4nde<\/li>\n<li>Pensionsvorsorge<\/li>\n<\/ul>\n<p>Die Produktanbieter haben dieses Bed\u00fcrfnis erkannt und stellen besonders im Bereich der Altersvorsorge entsprechende \u201ekindgerechte\u201c Produkte zur Verf\u00fcgung.<\/p>\n<p>Angeboten werden neben der klassischen Vorsorgeform vor allem die staatlich gef\u00f6rderte Zukunftsvorsorge und fondsgebundene Lebensversicherungsprodukte. Da sich die Versicherungssummen, die Gewinnanteile und Zusatzleistungen der einzelnen Varianten sehr unterscheiden, ist eine individuelle Analyse im Bezug auf jeden unserer KlientInnen, unabl\u00e4ssig.<\/p>\n","protected":false},"excerpt":{"rendered":"<p>Kindervorsorge Immer mehr Eltern und Gro\u00dfeltern wollen f\u00fcr Ihre Liebsten vorsorgen. Dieser Wunsch ist verst\u00e4ndlich, n\u00e4mlich den eigenen Kindern ein &hellip; <\/p>\n","protected":false},"author":1,"featured_media":0,"parent":0,"menu_order":0,"comment_status":"closed","ping_status":"closed","template":"","meta":{"footnotes":""},"_links":{"self":[{"href":"https:\/\/www.invest-con.com\/homepages\/investcon\/wp-json\/wp\/v2\/pages\/999"}],"collection":[{"href":"https:\/\/www.invest-con.com\/homepages\/investcon\/wp-json\/wp\/v2\/pages"}],"about":[{"href":"https:\/\/www.invest-con.com\/homepages\/investcon\/wp-json\/wp\/v2\/types\/page"}],"author":[{"embeddable":true,"href":"https:\/\/www.invest-con.com\/homepages\/investcon\/wp-json\/wp\/v2\/users\/1"}],"replies":[{"embeddable":true,"href":"https:\/\/www.invest-con.com\/homepages\/investcon\/wp-json\/wp\/v2\/comments?post=999"}],"version-history":[{"count":3,"href":"https:\/\/www.invest-con.com\/homepages\/investcon\/wp-json\/wp\/v2\/pages\/999\/revisions"}],"predecessor-version":[{"id":3473,"href":"https:\/\/www.invest-con.com\/homepages\/investcon\/wp-json\/wp\/v2\/pages\/999\/revisions\/3473"}],"wp:attachment":[{"href":"https:\/\/www.invest-con.com\/homepages\/investcon\/wp-json\/wp\/v2\/media?parent=999"}],"curies":[{"name":"wp","href":"https:\/\/api.w.org\/{rel}","templated":true}]}}