{"id":991,"date":"2018-06-01T12:20:57","date_gmt":"2018-06-01T10:20:57","guid":{"rendered":"http:\/\/www.invest-con.com\/homepages\/investcon\/?page_id=991"},"modified":"2023-09-01T11:15:28","modified_gmt":"2023-09-01T09:15:28","slug":"altersvorsorge","status":"publish","type":"page","link":"https:\/\/www.invest-con.com\/homepages\/investcon\/altersvorsorge\/","title":{"rendered":"Altersvorsorge"},"content":{"rendered":"<h3>Altersvorsorge<\/h3>\n<p>Dass das staatliche Pensionssystem in der gegenw\u00e4rtigen Form zuk\u00fcnftig nicht mehr finanzierbar sein wird, gilt mittlerweile als unbestritten. Prinzipiell gibt es unterschiedliche M\u00f6glichkeiten zus\u00e4tzliches Kapital f\u00fcr die Pension anzusparen, eines haben aber alle Varianten gemeinsam: Je fr\u00fcher mit der privaten Vorsorge begonnen wird, desto h\u00f6her wird die zu erwartende Zusatzpension bzw. das angesparte Kapital sein.<\/p>\n<h3>Die Qual der Wahl:<\/h3>\n<p>Der Markt an angebotenen bzw. angepriesenen Produkten zur privaten Altersvorsorge ist mittlerweile un\u00fcberschaubar geworden. Das macht die Auswahl der geeigneten Produkte naturgem\u00e4\u00df nicht leichter.<\/p>\n<h3>Zu den g\u00e4ngigsten Produktkategorien z\u00e4hlen:<\/h3>\n<ul>\n<li>Pr\u00e4mienbeg\u00fcnstigte Zukunftsvorsorge<\/li>\n<li>Klassische und fondsgebundene Lebensversicherung<\/li>\n<li>Fondssparpl\u00e4ne<\/li>\n<\/ul>\n<p>F\u00fcr welche Form der Pensionsvorsorge man sich schlussendlich entscheidet, h\u00e4ngt sowohl von den Lebensumst\u00e4nden als auch den W\u00fcnschen jedes Einzelnen ab. Jedes Instrument verf\u00fcgt \u00fcber seine bestimmten St\u00e4rken, denn die einzelnen Instrumente unterscheiden sich zum Teil relativ stark hinsichtlich Flexibilit\u00e4t, Renditeerwartungen und auch steuerlicher Behandlung. H\u00e4ufig ist eine Kombination unterschiedlicher Formen sinnvoll. Gemeinsam mit unseren Consultern finden Sie die beste L\u00f6sung.<\/p>\n","protected":false},"excerpt":{"rendered":"<p>Altersvorsorge Dass das staatliche Pensionssystem in der gegenw\u00e4rtigen Form zuk\u00fcnftig nicht mehr finanzierbar sein wird, gilt mittlerweile als unbestritten. Prinzipiell &hellip; <\/p>\n","protected":false},"author":3,"featured_media":0,"parent":0,"menu_order":0,"comment_status":"closed","ping_status":"closed","template":"","meta":{"footnotes":""},"_links":{"self":[{"href":"https:\/\/www.invest-con.com\/homepages\/investcon\/wp-json\/wp\/v2\/pages\/991"}],"collection":[{"href":"https:\/\/www.invest-con.com\/homepages\/investcon\/wp-json\/wp\/v2\/pages"}],"about":[{"href":"https:\/\/www.invest-con.com\/homepages\/investcon\/wp-json\/wp\/v2\/types\/page"}],"author":[{"embeddable":true,"href":"https:\/\/www.invest-con.com\/homepages\/investcon\/wp-json\/wp\/v2\/users\/3"}],"replies":[{"embeddable":true,"href":"https:\/\/www.invest-con.com\/homepages\/investcon\/wp-json\/wp\/v2\/comments?post=991"}],"version-history":[{"count":1,"href":"https:\/\/www.invest-con.com\/homepages\/investcon\/wp-json\/wp\/v2\/pages\/991\/revisions"}],"predecessor-version":[{"id":4002,"href":"https:\/\/www.invest-con.com\/homepages\/investcon\/wp-json\/wp\/v2\/pages\/991\/revisions\/4002"}],"wp:attachment":[{"href":"https:\/\/www.invest-con.com\/homepages\/investcon\/wp-json\/wp\/v2\/media?parent=991"}],"curies":[{"name":"wp","href":"https:\/\/api.w.org\/{rel}","templated":true}]}}