{"id":98,"date":"2018-02-16T14:00:24","date_gmt":"2018-02-16T13:00:24","guid":{"rendered":"http:\/\/www.invest-con.com\/homepages\/investcon\/?page_id=98"},"modified":"2018-06-01T13:02:19","modified_gmt":"2018-06-01T11:02:19","slug":"vorsorge","status":"publish","type":"page","link":"https:\/\/www.invest-con.com\/homepages\/investcon\/finanzconsulting\/vorsorge\/","title":{"rendered":"Vorsorge"},"content":{"rendered":"<h1>Biometrie<\/h1>\n<p>Von Beginn an setzten unsere Berater hier einen besonderen Schwerpunkt.<br \/>\nBeim Eintreten eines Schadenfalles, kann sich fast alles schlagartig ver\u00e4ndern! Es ist sowohl vom Verlust des Arbeitsplatzes bis hin zum Verlust des Eigenheimes alles m\u00f6glich, jedoch haben hierf\u00fcr nur die wenigsten \u00d6sterreicher vorgesorgt!<br \/>\nUnd so freuen wir uns besonders, in solchen komplexen Bereichen unseren Klienten mit den besten Spezialisten zur Seite stehen zu k\u00f6nnen. Sowohl in der Pr\u00e4vention als dann auch in der beratenden Begleitung im Ungl\u00fccksfall!<\/p>\n<p>Wir beraten und betreuen Sie gerne bei Fragen zur:<\/p>\n<div>\n<div class=\"mod_lightbox clearfix\">\n<div id=\"mod-lightbox-altersvorsorge\" class=\"box visuallyhidden\">\n<p><img decoding=\"async\" title=\"\" src=\"http:\/\/investcon.at\/uploads\/resampled\/530x177_fw\/images\/\" alt=\"\" \/><\/p>\n<ul>\n<li>\n<h2><a href=\"http:\/\/www.invest-con.com\/homepages\/investcon\/altersvorsorge\/\">Altersvorsorge<\/a><\/h2>\n<\/li>\n<\/ul>\n<p>&nbsp;<\/p>\n<\/div>\n<div id=\"mod-lightbox-kindervorsorge\" class=\"box visuallyhidden\">\n<ul>\n<li>\n<h2><a href=\"http:\/\/www.invest-con.com\/homepages\/investcon\/kindervorsorge\/\">Kindervorsorge<\/a><\/h2>\n<\/li>\n<\/ul>\n<p>&nbsp;<\/p>\n<\/div>\n<div id=\"mod-lightbox-unfallvorsorge\" class=\"box visuallyhidden\">\n<ul>\n<li>\n<h2><a href=\"http:\/\/www.invest-con.com\/homepages\/investcon\/unfallvorsorge\/\">Unfallvorsorge<\/a><\/h2>\n<\/li>\n<\/ul>\n<p>&nbsp;<\/p>\n<\/div>\n<div id=\"mod-lightbox-gesundheitsvorsorge\" class=\"box visuallyhidden\">\n<ul>\n<li>\n<h2><a href=\"http:\/\/www.invest-con.com\/homepages\/investcon\/gesundheitsvorsorge\/\">Gesundheitsvorsorge<\/a><\/h2>\n<\/li>\n<\/ul>\n<p>&nbsp;<\/p>\n<\/div>\n<div id=\"mod-lightbox-berufsunfaehigkeit\" class=\"box visuallyhidden\">\n<ul>\n<li>\n<h2><a href=\"http:\/\/www.invest-con.com\/homepages\/investcon\/berufsunfaehigkeit\/\">Berufsunf\u00e4higkeitsvorsorge<\/a><\/h2>\n<\/li>\n<\/ul>\n<\/div>\n<\/div>\n<\/div>\n<p>&nbsp;<\/p>\n","protected":false},"excerpt":{"rendered":"<p>Biometrie Von Beginn an setzten unsere Berater hier einen besonderen Schwerpunkt. Beim Eintreten eines Schadenfalles, kann sich fast alles schlagartig &hellip; <\/p>\n","protected":false},"author":1,"featured_media":0,"parent":94,"menu_order":0,"comment_status":"closed","ping_status":"closed","template":"","meta":{"footnotes":""},"_links":{"self":[{"href":"https:\/\/www.invest-con.com\/homepages\/investcon\/wp-json\/wp\/v2\/pages\/98"}],"collection":[{"href":"https:\/\/www.invest-con.com\/homepages\/investcon\/wp-json\/wp\/v2\/pages"}],"about":[{"href":"https:\/\/www.invest-con.com\/homepages\/investcon\/wp-json\/wp\/v2\/types\/page"}],"author":[{"embeddable":true,"href":"https:\/\/www.invest-con.com\/homepages\/investcon\/wp-json\/wp\/v2\/users\/1"}],"replies":[{"embeddable":true,"href":"https:\/\/www.invest-con.com\/homepages\/investcon\/wp-json\/wp\/v2\/comments?post=98"}],"version-history":[{"count":0,"href":"https:\/\/www.invest-con.com\/homepages\/investcon\/wp-json\/wp\/v2\/pages\/98\/revisions"}],"up":[{"embeddable":true,"href":"https:\/\/www.invest-con.com\/homepages\/investcon\/wp-json\/wp\/v2\/pages\/94"}],"wp:attachment":[{"href":"https:\/\/www.invest-con.com\/homepages\/investcon\/wp-json\/wp\/v2\/media?parent=98"}],"curies":[{"name":"wp","href":"https:\/\/api.w.org\/{rel}","templated":true}]}}