{"id":974,"date":"2018-05-24T11:49:00","date_gmt":"2018-05-24T09:49:00","guid":{"rendered":"http:\/\/www.invest-con.com\/homepages\/investcon\/?page_id=974"},"modified":"2020-12-11T10:11:23","modified_gmt":"2020-12-11T09:11:23","slug":"viereckl","status":"publish","type":"page","link":"https:\/\/www.invest-con.com\/homepages\/investcon\/management\/viereckl\/","title":{"rendered":"S. Viereckl, Senior Consulter"},"content":{"rendered":"<p><img decoding=\"async\" loading=\"lazy\" class=\"alignleft  wp-image-1281\" src=\"http:\/\/www.invest-con.com\/homepages\/investcon\/wp-content\/uploads\/2018\/08\/BM7D2065.jpg\" alt=\"\" width=\"177\" height=\"266\" srcset=\"https:\/\/www.invest-con.com\/homepages\/investcon\/wp-content\/uploads\/2018\/08\/BM7D2065.jpg 3264w, https:\/\/www.invest-con.com\/homepages\/investcon\/wp-content\/uploads\/2018\/08\/BM7D2065-200x300.jpg 200w, https:\/\/www.invest-con.com\/homepages\/investcon\/wp-content\/uploads\/2018\/08\/BM7D2065-768x1152.jpg 768w, https:\/\/www.invest-con.com\/homepages\/investcon\/wp-content\/uploads\/2018\/08\/BM7D2065-683x1024.jpg 683w\" sizes=\"(max-width: 177px) 100vw, 177px\" \/><\/p>\n<div class=\"clearfix rara-row\"><div class=\"rara_column rara-span3\"><div id=\"cc-m-12748434431\" class=\"j-module n j-text \">\n<ul>\n<li>staatlich gepr\u00fcfte Verm\u00f6gensberaterin<\/li>\n<li>Vermittlung von Lebens- und Unfallversicherungen in der Form Versicherungsmakler\nund Beratungen in Versicherungsangelegenheiten<\/li>\n<li>vertraglich gebundene Vermittlerin f\u00fcr die Invest-con Finanzconsulting GmbH<\/li>\n<li>Email: office@invest-con.at<\/li>\n<li>Tel.: +43 732 302075-0<\/li>\n<li>Fax: +43 732 302075-20<\/li>\n<\/ul>\n<\/div>\n<p><strong>Angaben zur Person:<\/strong><\/p>\n<p>Alter: 43 Jahre, gl\u00fccklich verheiratet<\/p>\n<p>2 Kinder im Alter von 12 und 15 Jahren<\/p>\n<p><strong>Aus- und Weiterbildungen:<\/strong><\/p>\n<p>1991 \u2013 1994 Lehre B\u00fcrokauffrau<\/p>\n<p>1994 \u2013 10\/2010 kfm. B\u00fcroangestellte im Gro\u00dfhandel, inkl. Karenzzeiten<\/p>\n<p>seit 11\/2010 als Business Partnerin bei Invest-con Finanzconsulting GmbH<\/p>\n<p>12\/2011 Bef\u00e4higungspr\u00fcfung zur gewerblichen Verm\u00f6gensberaterin<\/p>\n<div id=\"cc-m-12748434431\" class=\"j-module n j-text \">\n<p>Termine nach Vereinbarung<\/p>\n<p><a href=\"https:\/\/firmen.wko.at\/Web\/DetailsKontakt.aspx?FirmaID=060ae068-6851-4149-9331-a7ea08233bdc&amp;StandortID=0&amp;Suchbegriff=sabine+viereckl&amp;Page=1\"><img decoding=\"async\" loading=\"lazy\" class=\"alignleft\" src=\"https:\/\/image.jimcdn.com\/app\/cms\/image\/transf\/none\/path\/s05287fd395bf8ff0\/image\/i1ceaef5d7576072d\/version\/1517940481\/image.gif\" alt=\"\" width=\"169\" height=\"23\" \/><\/a><\/p>\n<\/div><\/div>\n<div class=\"rara_column rara-span3\"><\/div><\/div>\n","protected":false},"excerpt":{"rendered":"","protected":false},"author":1,"featured_media":0,"parent":657,"menu_order":0,"comment_status":"closed","ping_status":"closed","template":"","meta":{"footnotes":""},"_links":{"self":[{"href":"https:\/\/www.invest-con.com\/homepages\/investcon\/wp-json\/wp\/v2\/pages\/974"}],"collection":[{"href":"https:\/\/www.invest-con.com\/homepages\/investcon\/wp-json\/wp\/v2\/pages"}],"about":[{"href":"https:\/\/www.invest-con.com\/homepages\/investcon\/wp-json\/wp\/v2\/types\/page"}],"author":[{"embeddable":true,"href":"https:\/\/www.invest-con.com\/homepages\/investcon\/wp-json\/wp\/v2\/users\/1"}],"replies":[{"embeddable":true,"href":"https:\/\/www.invest-con.com\/homepages\/investcon\/wp-json\/wp\/v2\/comments?post=974"}],"version-history":[{"count":1,"href":"https:\/\/www.invest-con.com\/homepages\/investcon\/wp-json\/wp\/v2\/pages\/974\/revisions"}],"predecessor-version":[{"id":2792,"href":"https:\/\/www.invest-con.com\/homepages\/investcon\/wp-json\/wp\/v2\/pages\/974\/revisions\/2792"}],"up":[{"embeddable":true,"href":"https:\/\/www.invest-con.com\/homepages\/investcon\/wp-json\/wp\/v2\/pages\/657"}],"wp:attachment":[{"href":"https:\/\/www.invest-con.com\/homepages\/investcon\/wp-json\/wp\/v2\/media?parent=974"}],"curies":[{"name":"wp","href":"https:\/\/api.w.org\/{rel}","templated":true}]}}