{"id":94,"date":"2018-02-16T13:59:57","date_gmt":"2018-02-16T12:59:57","guid":{"rendered":"http:\/\/www.invest-con.com\/homepages\/investcon\/?page_id=94"},"modified":"2021-10-25T15:39:01","modified_gmt":"2021-10-25T13:39:01","slug":"finanzconsulting","status":"publish","type":"page","link":"https:\/\/www.invest-con.com\/homepages\/investcon\/finanzconsulting\/","title":{"rendered":"Finanzconsulting"},"content":{"rendered":"<div id=\"sub-page-44\" class=\"sub-page sub-page-first\">\n<h1>Kompetenzen<\/h1>\n<p>Allein f\u00fcr die Grundausbildung einer unserer neuen Mitarbeiter werden mindestens 180 Schulungsstunden, zus\u00e4tzlich zu den staatlichen Voraussetzungen, abgehalten. Unser Partnergef\u00fchrtes Finanzunternehmen b\u00fcrgt mit seinem Namen daf\u00fcr, dass es niemals 179 Stunden werden.<\/p>\n<p>50 &#8211; 70 Arbeitsschritte und Berechnungen sind alleine f\u00fcr die Herstellung eines einzigen Konzeptes n\u00f6tig. Drei bis f\u00fcnf Spezialisten brauchen wir f\u00fcr die Fertigstellung einer Finanzstrategie.<br \/>\nS\u00e4mtliche Konzepte und Strategien, ausgearbeitet nach dem Teamwork-Prinzip von unseren Mitarbeitern und Spezialisten, m\u00fcssen mit den Anforderungen nach unserem Motto \u201elangfristig Investieren statt spekulieren\u201c\u00a0\u00fcbereinstimmen.<\/p>\n<p>Unsere Experten arbeiten interdisziplin\u00e4r. Das bedeutet, fach\u00fcbergreifende Zusammenarbeit und aktueller Wissenstransfer wird jeden Tag aktiv gelebt. Hinter Ihrem pers\u00f6nlichen Ansprechpartner stehen rund 200 Mitarbeiter in ganz \u00d6sterreich, die Ihnen in den unten angef\u00fchrten Spezialgebieten \u00fcberdurchschnittliche Expertise bieten k\u00f6nnen!<\/p>\n<p>&nbsp;<\/p>\n<h2>Finanzierung<\/h2>\n<p>Das eigene Landhaus mit Garten, das Reihenhaus am Stadtrand, oder die Villa am Meer? Viele planen ihr Eigenheim bis ins kleinste Detail. Mit Themen wie Fenster, Heizung, Einrichtung etc. werden zahlreiche Stunden verbracht, nur mit den Finanzierungsfragen wird oft bis zum Schluss gewartet. Doch gerade hier ist bei rechtzeitiger Planung viel Einsparungspotenzial m\u00f6glich. Jedoch einen Kreditantrag zu stellen bedeutet f\u00fcr viele nach wie vor sich einem m\u00fchseligen Papierkrieg und unangenehmen Fragen \u00fcber die privaten Finanzen auszusetzen. Viele Kreditwerber scheuen sich, bei anderen Kreditinstituten als der Hausbank Angebote einzuholen, da dort der Aufwand f\u00fcr die Antragstellung noch gr\u00f6\u00dfer ist. Mit einem Finanzierungsspezialisten der INVESTcon an Ihrer Seite wird man von jeder Bank als gleichberechtigter Verhandlungspartner akzeptiert und man \u00fcbernimmt die Rolle, die einem zusteht!<\/p>\n<p>INVESTcon macht den Traum von Ihren eigenen vier W\u00e4nden wahr!<\/p>\n<p>Unsere Consulter beraten Sie ausf\u00fchrlich zu folgenden Punkten:<\/p>\n<ul>\n<li>Eigenmittelaufbau<\/li>\n<li>Landesf\u00f6rderungen<\/li>\n<li>Finanzierungsvarianten<\/li>\n<li>Analyse bestehender Kredite<\/li>\n<li>Umschuldungen<\/li>\n<li>Vergleich der Zinskonditionen<\/li>\n<li>laufende Betreuung bestehender Kreditkunden<\/li>\n<\/ul>\n<p>Unsere Aufgabe ist es, f\u00fcr Sie den Finanzierungspartner der das f\u00fcr Sie passendste Finanzierungspaket in seinem Repertoire, hat ausfindig zu machen und die erforderlichen Unterlagen aufzubereiten. Auf diese Art und Weise sparen Sie nicht nur Zeit und Nerven, sondern nat\u00fcrlich auch Geld, da Sie durch die Einreichung \u00fcber INVEST-CON auch die bestm\u00f6glichen Kreditkonditionen (Nominalzinsen, Nebenkosten usw.) erzielen werden!<\/p>\n<p>Somit k\u00f6nnen Sie sich auf das konzentrieren was Sie wirklich wollen:<\/p>\n<h3>Sie wollen ja nicht finanzieren &#8211; Sie wollen ein Eigenheim!<\/h3>\n<\/div>\n<div id=\"sub-page-45\" class=\"sub-page\">\n<p><a id=\"Vorsorge-Biometrie\" name=\"Vorsorge-Biometrie\"><\/a><\/p>\n<p>&nbsp;<\/p>\n<\/div>\n","protected":false},"excerpt":{"rendered":"<p>Kompetenzen Allein f\u00fcr die Grundausbildung einer unserer neuen Mitarbeiter werden mindestens 180 Schulungsstunden, zus\u00e4tzlich zu den staatlichen Voraussetzungen, abgehalten. Unser &hellip; <\/p>\n","protected":false},"author":1,"featured_media":0,"parent":0,"menu_order":0,"comment_status":"closed","ping_status":"closed","template":"","meta":{"footnotes":""},"_links":{"self":[{"href":"https:\/\/www.invest-con.com\/homepages\/investcon\/wp-json\/wp\/v2\/pages\/94"}],"collection":[{"href":"https:\/\/www.invest-con.com\/homepages\/investcon\/wp-json\/wp\/v2\/pages"}],"about":[{"href":"https:\/\/www.invest-con.com\/homepages\/investcon\/wp-json\/wp\/v2\/types\/page"}],"author":[{"embeddable":true,"href":"https:\/\/www.invest-con.com\/homepages\/investcon\/wp-json\/wp\/v2\/users\/1"}],"replies":[{"embeddable":true,"href":"https:\/\/www.invest-con.com\/homepages\/investcon\/wp-json\/wp\/v2\/comments?post=94"}],"version-history":[{"count":4,"href":"https:\/\/www.invest-con.com\/homepages\/investcon\/wp-json\/wp\/v2\/pages\/94\/revisions"}],"predecessor-version":[{"id":3471,"href":"https:\/\/www.invest-con.com\/homepages\/investcon\/wp-json\/wp\/v2\/pages\/94\/revisions\/3471"}],"wp:attachment":[{"href":"https:\/\/www.invest-con.com\/homepages\/investcon\/wp-json\/wp\/v2\/media?parent=94"}],"curies":[{"name":"wp","href":"https:\/\/api.w.org\/{rel}","templated":true}]}}