{"id":88,"date":"2018-02-16T13:59:15","date_gmt":"2018-02-16T12:59:15","guid":{"rendered":"http:\/\/www.invest-con.com\/homepages\/investcon\/?page_id=88"},"modified":"2023-06-07T15:18:17","modified_gmt":"2023-06-07T13:18:17","slug":"werte","status":"publish","type":"page","link":"https:\/\/www.invest-con.com\/homepages\/investcon\/ueber-uns\/karriere\/werte\/","title":{"rendered":"Werte &#038; Leitbild"},"content":{"rendered":"<p>Unsere Arbeit beruht auf Werten, die zu h\u00f6chsten professionellen Standards verpflichten. Client first ist der wichtigste Grundsatz der Beratungst\u00e4tigkeit. Der Vorrang des Klienteninteresses geht so weit, dass wir einen Auftrag nur annehmen, wenn unsere Berater \u00fcberzeugt sind, wesentlich zur L\u00f6sung f\u00fcr ein Problem beitragen zu k\u00f6nnen. Glaubt andererseits der Klient im Verlauf der Beratung nicht mehr an den gew\u00fcnschten Nutzen, kann er die Zusammenarbeit jederzeit beenden.<\/p>\n<h3>Innovation<\/h3>\n<p>Wir zeichnen uns nicht aus durch innovative und neue Produkte, sondern durch innovative Beratung und perfekten Kundenservice!<\/p>\n<h3>Mehrwert f\u00fcr die Gesellschaft:<\/h3>\n<p>Ziel und Aufgabe ist es, einen Beitrag zum sozialen Ausgleich zu leisten und allgemeine Werte zu schaffen.<\/p>\n<p>Invest-con &#8211; Berater schaffen es, dass auch Kleinstkunden von den Vorteilen einer unabh\u00e4ngigen und hochwertigen Finanzberatung profitieren k\u00f6nnen.<br \/>\nDies bringt viel Verantwortung mit sich und sollte immer bei Erstellung von Konzepten ber\u00fccksichtigt werden.<\/p>\n<h3>Erfolgreiche Unternehmer:<\/h3>\n<p>Jeder GP sollte sein Bestes daransetzen, als selbstst\u00e4ndig handelnder Unternehmer zu arbeiten. Erfolgreiche Unternehmer schaffen Arbeitspl\u00e4tze und sozialen Wohlstand und<br \/>\nk\u00f6nnen dadurch der Gesellschaft etwas zur\u00fcckgeben.<\/p>\n<h3>Service<\/h3>\n<p>Kundenbetreuung und Zufriedenheit ist eines der obersten Prinzipien im Unternehmen, Qualit\u00e4t und Ruf h\u00e4ngen ma\u00dfgeblich davon ab!<\/p>\n<p>Zuviel an Kundenbetreuung gibt es nicht, ein zufriedener Klient ist die beste Werbung!<\/p>\n<p>&nbsp;<\/p>\n<h3>Vision<\/h3>\n<p>Invest-con hat sich innerhalb weniger Jahre von einem kleinen Team zu einer der f\u00fchrenden Finanzconsultingkanzleien \u00d6sterreichs entwickelt. Eine Erfolgsgeschichte, die man nicht schreibt, wenn man die Erwartungen seiner Kunden voll und ganz erf\u00fcllt, sondern nur wenn man diese Erwartungen immer wieder \u00fcbertrifft.<\/p>\n<p>Wir haben es geschafft immer wieder neue L\u00f6sungen und Ans\u00e4tze zu bieten. Dies funktioniert nur, weil jeder unserer Consultants mit h\u00f6chstem Einsatz an seine Arbeit herantritt. Wir haben es uns zur Aufgabe gemacht bis 2025 Marktf\u00fchrer in \u00d6sterreich bei ESG-Veranlagungen zu sein um hier einen wesentlichen Beitrag zum Umweltschutz und nachhaltigen Wirtschaften auf der Welt beizutragen. Dies ist ganz entscheident um unseren Kindern und \u00e4rmeren Menschen in Entwicklungsl\u00e4ndern eine bessere Zukunft zu erm\u00f6glichen.<br \/>\nWir setzen sich als Ziel dieses Konzept europaweit bis 2030 als Standard einzuf\u00fchren!<\/p>\n<h3><\/h3>\n","protected":false},"excerpt":{"rendered":"<p>Unsere Arbeit beruht auf Werten, die zu h\u00f6chsten professionellen Standards verpflichten. Client first ist der wichtigste Grundsatz der Beratungst\u00e4tigkeit. Der &hellip; <\/p>\n","protected":false},"author":1,"featured_media":0,"parent":90,"menu_order":0,"comment_status":"closed","ping_status":"closed","template":"","meta":{"footnotes":""},"_links":{"self":[{"href":"https:\/\/www.invest-con.com\/homepages\/investcon\/wp-json\/wp\/v2\/pages\/88"}],"collection":[{"href":"https:\/\/www.invest-con.com\/homepages\/investcon\/wp-json\/wp\/v2\/pages"}],"about":[{"href":"https:\/\/www.invest-con.com\/homepages\/investcon\/wp-json\/wp\/v2\/types\/page"}],"author":[{"embeddable":true,"href":"https:\/\/www.invest-con.com\/homepages\/investcon\/wp-json\/wp\/v2\/users\/1"}],"replies":[{"embeddable":true,"href":"https:\/\/www.invest-con.com\/homepages\/investcon\/wp-json\/wp\/v2\/comments?post=88"}],"version-history":[{"count":4,"href":"https:\/\/www.invest-con.com\/homepages\/investcon\/wp-json\/wp\/v2\/pages\/88\/revisions"}],"predecessor-version":[{"id":3910,"href":"https:\/\/www.invest-con.com\/homepages\/investcon\/wp-json\/wp\/v2\/pages\/88\/revisions\/3910"}],"up":[{"embeddable":true,"href":"https:\/\/www.invest-con.com\/homepages\/investcon\/wp-json\/wp\/v2\/pages\/90"}],"wp:attachment":[{"href":"https:\/\/www.invest-con.com\/homepages\/investcon\/wp-json\/wp\/v2\/media?parent=88"}],"curies":[{"name":"wp","href":"https:\/\/api.w.org\/{rel}","templated":true}]}}