{"id":84,"date":"2018-02-16T13:58:47","date_gmt":"2018-02-16T12:58:47","guid":{"rendered":"http:\/\/www.invest-con.com\/homepages\/investcon\/?page_id=84"},"modified":"2023-08-08T13:21:40","modified_gmt":"2023-08-08T11:21:40","slug":"geschichte","status":"publish","type":"page","link":"https:\/\/www.invest-con.com\/homepages\/investcon\/ueber-uns\/geschichte\/","title":{"rendered":"Geschichte"},"content":{"rendered":"<figure id=\"attachment_835\" aria-describedby=\"caption-attachment-835\" style=\"width: 300px\" class=\"wp-caption alignleft\"><img decoding=\"async\" loading=\"lazy\" class=\"size-medium wp-image-835\" src=\"http:\/\/www.invest-con.com\/homepages\/investcon\/wp-content\/uploads\/2018\/04\/team_1524049113-300x228.jpg\" alt=\"\" width=\"300\" height=\"228\" srcset=\"https:\/\/www.invest-con.com\/homepages\/investcon\/wp-content\/uploads\/2018\/04\/team_1524049113-300x228.jpg 300w, https:\/\/www.invest-con.com\/homepages\/investcon\/wp-content\/uploads\/2018\/04\/team_1524049113-768x583.jpg 768w, https:\/\/www.invest-con.com\/homepages\/investcon\/wp-content\/uploads\/2018\/04\/team_1524049113-1024x778.jpg 1024w, https:\/\/www.invest-con.com\/homepages\/investcon\/wp-content\/uploads\/2018\/04\/team_1524049113.jpg 1280w\" sizes=\"(max-width: 300px) 100vw, 300px\" \/><figcaption id=\"caption-attachment-835\" class=\"wp-caption-text\"><span style=\"font-size: 10px;\"><a href=\"https:\/\/pixabay.com\/users\/mohamed_hassan\/\">mohamed_hassan<\/a> \/ Pixabay<\/span><\/figcaption><\/figure>\n<p>Am Anfang steht eine Vision:<br \/>\nEin Team von Pionieren beschloss 2003 in Linz\/Donau, bestehend aus Herrn\u00a0 M. Schacherbauer und\u00a0 U. B\u00f6heim mitten in der weltweiten Rezession, ein neuartiges Unternehmen zu gr\u00fcnden. Anders als ihre Mitbewerber sind sie nicht damit zufrieden, eng begrenztes Produktwissen zu vermitteln! Sie wollen ihre Klientinnen und Klienten bei der L\u00f6sung von vielf\u00e4ltigen Problemen, mit den besten Spezialisten, in mehreren Bereichen, mit innovativen L\u00f6sungsans\u00e4tzen, ganzheitlich unterst\u00fctzen und so startete INVEST-CON mit 8 Mitarbeiter als konzessioniertes <a class=\"external text\" href=\"https:\/\/de.wikipedia.org\/wiki\/Wertpapierdienstleistungsunternehmen\" target=\"_blank\" rel=\"noopener noreferrer\">WPDLU<\/a>. Aufgrund des Erfolges in den darauffolgenden Jahren, konnte INVEST-CON im Jahr 2005, die <a href=\"https:\/\/www.wko.at\/branchen\/information-consulting\/finanzdienstleister\/wertpapierunternehmen.html\">\u201egro\u00dfe Konzession&#8220;<\/a> erwerben und 2007 waren es bereits mehr als 70 Berater.<\/p>\n<div>\n<p>2007 kam der Wirtschaftsspezialist Mag. M. Pammer hinzu. Mag. Pammer ist als ehemaliger Chef der Wertpapierabteilung der Volkskreditbank und Verantwortlicher f\u00fcr die WSS Immobilien AG, ein Experte auf seinem Gebiet.<\/p>\n<p>Im J\u00e4nner 2013 w\u00e4hlten die Partner Herrn Mag. S. P\u00f6chinger zum zweiten Gesch\u00e4ftsf\u00fchrer. So wie Mag. M. Pammer kann er als Partner einer Firma, die ausschlie\u00dflich im Veranlagungswesen t\u00e4tig ist, als Spezialist f\u00fcr Fondsadvisory punkten: Angehende Beraterinnen und Berater schlie\u00dfen direkt nach der Grundausbildung mit der staatlichen Pr\u00fcfung ab. Neben den Neubau der Zentrale in Linz, wurde die Niederlassung im ersten Wiener Bezirk gegr\u00fcndet der schon bald die Niederlassung im noblen 13. Wiener Bezirk, Hietzing folgte. Damit interessierte Klienten\/innen auch immer am Laufenden bleiben, wie sich die Wirtschaftswelt und das Unternehmen entwickelt, wurde 2009 ein eigener Newsletter herausgebracht.<\/p>\n<p>Im Jahr 2018 wechselte Herr Mag. Pammer, nach zehn Jahren als Vorstand, zum b\u00f6rsennotierten Unternehmen Athos Immobilien AG und der langj\u00e4hrige Schulungsleiter, Spezialist im Finanzwesen und auch Gr\u00fcndungsmitglied, Herr Schacherbauer folgt ihm in die Gesch\u00e4ftsleitung nach! Mit innovativen Tools wie der Einf\u00fchrung der <a href=\"http:\/\/www.invest-con.com\/homepages\/investcon\/social-contacts\/\">App und unseren Blog f\u00fcr KlientInnen<\/a> und BeraterInnen ist INVEST-CON bestens f\u00fcr die stetigen Herausforderungen der Digitalisierung heute und in Zukunft ger\u00fcstet, um den Platz in der Top-Liga der \u00f6sterreichischen\u00a0 Beratungsunternehmen zu festigen.<\/p>\n<\/div>\n<p>&nbsp;<\/p>\n","protected":false},"excerpt":{"rendered":"<p>Am Anfang steht eine Vision: Ein Team von Pionieren beschloss 2003 in Linz\/Donau, bestehend aus Herrn\u00a0 M. Schacherbauer und\u00a0 U. &hellip; <\/p>\n","protected":false},"author":1,"featured_media":0,"parent":82,"menu_order":0,"comment_status":"closed","ping_status":"closed","template":"","meta":{"footnotes":""},"_links":{"self":[{"href":"https:\/\/www.invest-con.com\/homepages\/investcon\/wp-json\/wp\/v2\/pages\/84"}],"collection":[{"href":"https:\/\/www.invest-con.com\/homepages\/investcon\/wp-json\/wp\/v2\/pages"}],"about":[{"href":"https:\/\/www.invest-con.com\/homepages\/investcon\/wp-json\/wp\/v2\/types\/page"}],"author":[{"embeddable":true,"href":"https:\/\/www.invest-con.com\/homepages\/investcon\/wp-json\/wp\/v2\/users\/1"}],"replies":[{"embeddable":true,"href":"https:\/\/www.invest-con.com\/homepages\/investcon\/wp-json\/wp\/v2\/comments?post=84"}],"version-history":[{"count":4,"href":"https:\/\/www.invest-con.com\/homepages\/investcon\/wp-json\/wp\/v2\/pages\/84\/revisions"}],"predecessor-version":[{"id":3942,"href":"https:\/\/www.invest-con.com\/homepages\/investcon\/wp-json\/wp\/v2\/pages\/84\/revisions\/3942"}],"up":[{"embeddable":true,"href":"https:\/\/www.invest-con.com\/homepages\/investcon\/wp-json\/wp\/v2\/pages\/82"}],"wp:attachment":[{"href":"https:\/\/www.invest-con.com\/homepages\/investcon\/wp-json\/wp\/v2\/media?parent=84"}],"curies":[{"name":"wp","href":"https:\/\/api.w.org\/{rel}","templated":true}]}}