{"id":82,"date":"2018-02-16T13:58:30","date_gmt":"2018-02-16T12:58:30","guid":{"rendered":"http:\/\/www.invest-con.com\/homepages\/investcon\/?page_id=82"},"modified":"2022-04-25T16:56:21","modified_gmt":"2022-04-25T14:56:21","slug":"ueber-uns","status":"publish","type":"page","link":"https:\/\/www.invest-con.com\/homepages\/investcon\/ueber-uns\/","title":{"rendered":"\u00dcber uns"},"content":{"rendered":"<h2>Vision<\/h2>\n<p>INVEST-CON hat sich innerhalb weniger Jahre von einem kleinen Team zu einer der f\u00fchrenden Finanzconsultingkanzleien \u00d6sterreichs entwickelt. Eine Erfolgsgeschichte, die man nicht schreibt, wenn man die Erwartungen seiner Kunden voll und ganz erf\u00fcllt, sondern nur wenn man diese Erwartungen immer wieder \u00fcbertrifft.<\/p>\n<p>Wir haben es geschafft immer wieder neue L\u00f6sungen und Ans\u00e4tze zu bieten. Dies funktioniert nur, weil jeder unserer Consultants mit h\u00f6chstem Einsatz an seine Arbeit herantritt, mit <a href=\"http:\/\/investcon.blogspot.co.at\/\">Expertenwissen<\/a> seine Klienten am aktuellsten Stand h\u00e4lt. Wir haben es uns zur Aufgabe gemacht, dieses Konzept europaweit als Standard einzuf\u00fchren!<\/p>\n","protected":false},"excerpt":{"rendered":"<p>Vision INVEST-CON hat sich innerhalb weniger Jahre von einem kleinen Team zu einer der f\u00fchrenden Finanzconsultingkanzleien \u00d6sterreichs entwickelt. Eine Erfolgsgeschichte, &hellip; <\/p>\n","protected":false},"author":1,"featured_media":0,"parent":0,"menu_order":0,"comment_status":"closed","ping_status":"closed","template":"","meta":{"footnotes":""},"_links":{"self":[{"href":"https:\/\/www.invest-con.com\/homepages\/investcon\/wp-json\/wp\/v2\/pages\/82"}],"collection":[{"href":"https:\/\/www.invest-con.com\/homepages\/investcon\/wp-json\/wp\/v2\/pages"}],"about":[{"href":"https:\/\/www.invest-con.com\/homepages\/investcon\/wp-json\/wp\/v2\/types\/page"}],"author":[{"embeddable":true,"href":"https:\/\/www.invest-con.com\/homepages\/investcon\/wp-json\/wp\/v2\/users\/1"}],"replies":[{"embeddable":true,"href":"https:\/\/www.invest-con.com\/homepages\/investcon\/wp-json\/wp\/v2\/comments?post=82"}],"version-history":[{"count":2,"href":"https:\/\/www.invest-con.com\/homepages\/investcon\/wp-json\/wp\/v2\/pages\/82\/revisions"}],"predecessor-version":[{"id":3582,"href":"https:\/\/www.invest-con.com\/homepages\/investcon\/wp-json\/wp\/v2\/pages\/82\/revisions\/3582"}],"wp:attachment":[{"href":"https:\/\/www.invest-con.com\/homepages\/investcon\/wp-json\/wp\/v2\/media?parent=82"}],"curies":[{"name":"wp","href":"https:\/\/api.w.org\/{rel}","templated":true}]}}