{"id":80,"date":"2018-02-16T13:58:17","date_gmt":"2018-02-16T12:58:17","guid":{"rendered":"http:\/\/www.invest-con.com\/homepages\/investcon\/?page_id=80"},"modified":"2026-03-18T09:10:33","modified_gmt":"2026-03-18T08:10:33","slug":"agb","status":"publish","type":"page","link":"https:\/\/www.invest-con.com\/homepages\/investcon\/kontakt\/agb\/","title":{"rendered":"AGB"},"content":{"rendered":"<p>ALLGEMEINE GESCH\u00c4FTSBEDINGUNGEN (AGB) der INVEST-CON Finanzconsulting GmbH (nachstehend \u201eUnternehmen\u201c)<\/p>\n<p>Die AGB finden bei der Erbringung von folgender Dienstleistungen (nachstehend\u00a0 \u201eDienstleistungen\u201c) Anwendung:<\/p>\n<ul>\n<li>Dienstleistungen des gewerblichen Verm\u00f6gensberaters mit Berechtigung zur Vermittlung von Lebens- und Unfallversicherungen in der Form Versicherungsagent, Versicherungsvermittlerregisternummer: 401-31677<\/li>\n<li>Dienstleistungen der Versicherungsvermittlung in der Form Versicherungsagent, Versicherungsvermittlerregisternummer: 401-32472<\/li>\n<\/ul>\n<p>Informationen, Bedingungen und Vereinbarungen zu den Wertpapierdienstleistungen der Anlageberatung iSd \u00a7 3 Abs 2 Z 1 und der Annahme und \u00dcbermittlung von Auftr\u00e4gen iSd \u00a7 3 Abs 2 Z 3 WAG 2018 \u00fcber\u00a0 Finanzinstrumente iSd \u00a7 1 Z 7a WAG 2018 finden Sie in der Kundenbrosch\u00fcre \/ MiFID Mappe, (Link: <a href=\"https:\/\/group.invest-con.at\/wp-content\/uploads\/2026\/03\/MIFID-Mappe-03-2026-1-1.pdf\">MIFID_Mappe<\/a>)der INVEST-CON Finanzconsulting GmbH.<\/p>\n<p>1. Haftungsabgrenzung Emittent:<br \/>\nDas Unternehmen haftet f\u00fcr die Richtigkeit und Vollst\u00e4ndigkeit der vom Emittenten erhaltenen, an den Kunden weitergegebene Urkunden zu den Prospektangaben und den sonstigen nach dem KMG erforderlichen Angaben nur insoweit, als es bez\u00fcglich dieser Urkunden zur Plausibilit\u00e4tspr\u00fcfung verpflichtet ist. Eine dar\u00fcber hinausgehende Pr\u00fcfpflicht trifft das Unternehmen nicht. Insbesondere kann sich das Unternehmen auf die Richtigkeit und Vollst\u00e4ndigkeit eines von einem Prospektkontrollor iSd \u00a7 8 KMG gepr\u00fcften Prospekts und eines von einem Abschlusspr\u00fcfer gepr\u00fcften Jahresabschlusses verlassen und ist daher von einer Pr\u00fcfung dieser Urkunden generell befreit.<\/p>\n<p>2. Haftungsabgrenzung zu Rechtsanw\u00e4lten und Wirtschaftstreuh\u00e4nder:<br \/>\ndas Unternehmen trifft keine Haftung f\u00fcr die Pr\u00fcfung steuerlicher und rechtlicher Fragen. Diese Bereiche sind den Wirtschaftstreuh\u00e4ndern und Rechtsanw\u00e4lten vorbehalten.<\/p>\n<p>3. Zielschuldverh\u00e4ltnis:<br \/>\nDie zwischen dem Unternehmen einerseits und Kunden andererseits eingegangenen Rechtsverh\u00e4ltnisse sind ausschlie\u00dflich Zielschuldverh\u00e4ltnisse . Nach abgeschlossener Beratung und Vermittlung hat der Kunde keinen Rechtsanspruch auf weitere Dienstleistungen. Sollte es nach abgeschlossener Vermittlung und Beratung zu einem sp\u00e4teren Zeitpunkt eine Anfrage des Kunden oder einen sonstigen Austausch von Informationen zu dem vormals abgeschlossenen Gesch\u00e4ft geben, stellt dieser Vorgang ein gesondertes, separates Rechtsgesch\u00e4ft dar.<\/p>\n<p>4. Offenlegung der Vertretung:<br \/>\nDer f\u00fcr das Unternehmen auftretende Vertreter (nachstehend \u201eErf\u00fcllungsgehilfe\u201c)\u00a0 hat sp\u00e4testens bei Vertragsabschluss gegen\u00fcber dem Kunden seine Identit\u00e4t einschlie\u00dflich Kontaktdaten offenzulegen. Unterbleibt die Offenlegung des Vertretungsverh\u00e4ltnisses, haftet im Fall einer fehlerhaften Beratung die gegen\u00fcber dem Kunden auftretende nat\u00fcrliche Person pers\u00f6nlich.<\/p>\n<p>5. Einvernehmen zu \u00a7 108 TKG:<br \/>\n5.1. Um eine ordnungsgem\u00e4\u00dfe Gesch\u00e4ftsabwicklung zu gew\u00e4hrleisten, erkl\u00e4rt der Kunde sein\u00a0 Einvernehmen iSd \u00a7 108 TKG, sodass ihn das Unternehmen im Wege der Telekommunikation und mit elektronischer Post jederzeit ohne Einschr\u00e4nkung kontaktieren darf.<br \/>\n5.2. Einvernehmen elektronische Informationsbereitstellung:<br \/>\nDer Kunde erkl\u00e4rt in Kenntnis der M\u00f6glichkeit Informationen auf Papier zu erhalten, sein ausdr\u00fcckliches Einverst\u00e4ndnis zur Bereitstellung der in \u00a7 16 Abs 2 WAG 2007 genannten Informationen auf elektronischem Wege.<br \/>\n5.3. Haftungsausschluss f\u00fcr bei der \u00dcbermittlung verlorene Daten: Sollten im Wege der Telekommunikation oder per elektronische Post Daten verloren gehen oder verf\u00e4lscht werden, trifft das Unternehmen keine Haftung.<\/p>\n<p>6. Datenschutz:<br \/>\nDas Unternehmen ist verpflichtet, Daten des Kunden vertraulich zu behandeln und diese Pflicht auf seine Mitarbeiter zu \u00fcberbinden (\u00a7 15 Abs 1 und 2 DSG). Der Kunde stimmt zu, dass seine pers\u00f6nlichen Daten (Name, Adresse, Geburtsdatum, Gesundheitsdaten etc.) zum Zweck der Angebotslegung verarbeitet werden und an Banken und Versicherungen zum Zweck der Konto- bzw. Krediter\u00f6ffnung und Polizzierung \u00fcbermittelt werden. Diese Zustimmung kann vom Kunden jederzeit \u2013 auch ohne Angabe von Gr\u00fcnden \u2013 widerrufen werden (Widerspruchsrecht iSd \u00a7 28 DSG 2000).<\/p>\n<p>7. R\u00fccktrittsrechte<br \/>\n7.1. R\u00fccktrittsrechte gem\u00e4\u00df \u00a7 3 KSchG:<br \/>\nDer Kunde als Konsument iSd KSchG wird dar\u00fcber informiert, dass ihm gem\u00e4\u00df \u00a7 3 KSchG ein R\u00fccktrittsrecht vom Vertrag bis zu einer Woche nach Vertragsabschluss und Ausfolgung dieser Rechtsbelehrung zusteht. Dieses besteht, wenn der Kunde seine Vertragserkl\u00e4rung au\u00dferhalb der Gesch\u00e4ftsr\u00e4umlichkeiten des Unternehmers und nicht auf einem Messe- oder Marktstand abgegeben hat und beginnt mit Ausfolgung der Rechtsbelehrung, fr\u00fchestens mit Vertragsabschluss zu laufen. Bei Versicherungsvertr\u00e4gen erlischt das R\u00fccktrittsrecht sp\u00e4testens nach einem Monat ab Vertragsabschluss.<\/p>\n<p>7.2. R\u00fccktrittsrechte gem\u00e4\u00df \u00a7 3a KSchG:<br \/>\nGem\u00e4\u00df \u00a7 3a KSchG steht dem Kunden ein R\u00fccktrittsrecht zu, wenn Umst\u00e4nde (Zustimmung eines Dritten, steuerrechtliche Vorteile, \u00f6ffentliche F\u00f6rderungen, Erteilung eines Kredits), deren Eintritt das Unternehmen als wahrscheinlich dargestellt hat, nicht oder nicht in diesem Umfang eintreten. Ein R\u00fccktrittsrecht steht dem Kunden dann binnen einer Woche ab Kenntnis des Nichteintritts und Belehrung \u00fcber das R\u00fccktrittsrecht zu. Das R\u00fccktrittsrecht erlischt jedenfalls einen Monat nach Erf\u00fcllung des Vertrages, bzw. bei Bank- und Versicherungsvertr\u00e4gen mit mehr als einj\u00e4hriger Laufzeit sp\u00e4testens einen Monat nach Zustandekommen des Vertrags.<\/p>\n<p>8. Urheberrechte<br \/>\nDie vom Unternehmen erstellten Konzepte bilden eine eigent\u00fcmliche geistige Sch\u00f6pfung iSd \u00a7 1 Urheberrechtsgesetz. Jede vom Unternehmen nicht genehmigte Nutzung des Konzeptes, einschlie\u00dflich der Vervielf\u00e4ltigung, Verbreitung oder sonstigen Verwertung stellt einen Eingriff in das Urheberrecht des Unternehmens dar.<\/p>\n<p>9. Gerichtsstand<br \/>\nF\u00fcr s\u00e4mtliche Streitigkeiten aus oder im Zusammenhang mit dem zwischen dem Unternehmen und dem Kunden geschlossenen Vertrages ist das f\u00fcr den Sitz des Unternehmens sachlich zust\u00e4ndige Gericht zust\u00e4ndig. In diesem Fall das Landesgericht Linz. Verbraucher iSd \u00a7 1 KSchG k\u00f6nnen auch das sachlich zust\u00e4ndige Gericht am Ort ihres Wohnsitzes, gew\u00f6hnlichen Aufenthalts oder ihrer Besch\u00e4ftigung anrufen.<\/p>\n<p>10. Nebenabreden<br \/>\n\u00c4nderungen und Erg\u00e4nzungen dieser AGB bed\u00fcrfen der Schriftform mittels einer von beiden Parteien unterfertigten Urkunde.<\/p>\n<p>11. Schlussbestimmungen<br \/>\nSollten einzelne Bestimmungen dieser AGB ung\u00fcltig oder unwirksam sein oder werden, wird dadurch die G\u00fcltigkeit der anderen Bestimmungen dieser AGB nicht ber\u00fchrt. In einem solchen Fall werden die Parteien die ung\u00fcltige oder unwirksame Bestimmung umgehend durch eine solche zul\u00e4ssige Bestimmung ersetzen, die dem wirtschaftlichen Zweck der ung\u00fcltigen oder unwirksamen Bestimmung m\u00f6glichst nahe kommt.<\/p>\n<p>Auf die Gesch\u00e4ftsbeziehung zwischen INVEST-CON Finanzconsulting GmbH und unseren Kunden kommt \u00f6sterreichisches Recht zur Anwendung.<\/p>\n","protected":false},"excerpt":{"rendered":"<p>ALLGEMEINE GESCH\u00c4FTSBEDINGUNGEN (AGB) der INVEST-CON Finanzconsulting GmbH (nachstehend \u201eUnternehmen\u201c) Die AGB finden bei der Erbringung von folgender Dienstleistungen (nachstehend\u00a0 \u201eDienstleistungen\u201c) &hellip; <\/p>\n","protected":false},"author":1,"featured_media":0,"parent":114,"menu_order":0,"comment_status":"closed","ping_status":"closed","template":"","meta":{"footnotes":""},"_links":{"self":[{"href":"https:\/\/www.invest-con.com\/homepages\/investcon\/wp-json\/wp\/v2\/pages\/80"}],"collection":[{"href":"https:\/\/www.invest-con.com\/homepages\/investcon\/wp-json\/wp\/v2\/pages"}],"about":[{"href":"https:\/\/www.invest-con.com\/homepages\/investcon\/wp-json\/wp\/v2\/types\/page"}],"author":[{"embeddable":true,"href":"https:\/\/www.invest-con.com\/homepages\/investcon\/wp-json\/wp\/v2\/users\/1"}],"replies":[{"embeddable":true,"href":"https:\/\/www.invest-con.com\/homepages\/investcon\/wp-json\/wp\/v2\/comments?post=80"}],"version-history":[{"count":12,"href":"https:\/\/www.invest-con.com\/homepages\/investcon\/wp-json\/wp\/v2\/pages\/80\/revisions"}],"predecessor-version":[{"id":4414,"href":"https:\/\/www.invest-con.com\/homepages\/investcon\/wp-json\/wp\/v2\/pages\/80\/revisions\/4414"}],"up":[{"embeddable":true,"href":"https:\/\/www.invest-con.com\/homepages\/investcon\/wp-json\/wp\/v2\/pages\/114"}],"wp:attachment":[{"href":"https:\/\/www.invest-con.com\/homepages\/investcon\/wp-json\/wp\/v2\/media?parent=80"}],"curies":[{"name":"wp","href":"https:\/\/api.w.org\/{rel}","templated":true}]}}