{"id":640,"date":"2018-04-05T09:21:12","date_gmt":"2018-04-05T07:21:12","guid":{"rendered":"http:\/\/www.invest-con.com\/homepages\/investcon\/?page_id=640"},"modified":"2019-11-22T14:38:38","modified_gmt":"2019-11-22T13:38:38","slug":"manag","status":"publish","type":"page","link":"https:\/\/www.invest-con.com\/homepages\/investcon\/ueber-uns\/karriere\/manag\/","title":{"rendered":"Ihre Chancen"},"content":{"rendered":"<p>Ihre Karriere-Chance<\/p>\n<p>Als &#8222;Experienced Hire&#8220; k\u00f6nnen Sie Ihr Know-how auf einer strategischen Ebene und in einem h\u00f6chst stimulierenden Arbeitsumfeld weiterentwickeln. Sie werden an wegweisenden Entscheidungen auf internationaler Ebene mitwirken und so die Ausrichtung unseres Unternehmens nachhaltig mitbestimmen.<\/p>\n<p>Vom ersten Tag an arbeiten Sie mit Ihren Teams \u00fcberwiegend vor Ort beim Klienten und l\u00f6sen gemeinsam komplexe strategische Aufgaben &#8211; von der Analyse bis zur Umsetzung. Auch Knowledge Building und Management spielen in Ihrer t\u00e4glichen Arbeit eine wichtige Rolle.<\/p>\n<p>Beim Wechsel zu INVEST-CON erhalten Sie ein individuell zugeschnittenes Angebot. Vom Senior Consulter aufw\u00e4rts ist alles m\u00f6glich &#8211; entscheidend sind Ihre Erfahrungen, St\u00e4rken und Vorlieben. In jedem Fall haben Sie mit wachsender Leistung und Verantwortung die M\u00f6glichkeit, zum Partner und damit zum Teilhaber von INVEST-CON zu werden.<\/p>\n<p>&nbsp;<\/p>\n","protected":false},"excerpt":{"rendered":"<p>Ihre Karriere-Chance Als &#8222;Experienced Hire&#8220; k\u00f6nnen Sie Ihr Know-how auf einer strategischen Ebene und in einem h\u00f6chst stimulierenden Arbeitsumfeld weiterentwickeln. &hellip; <\/p>\n","protected":false},"author":1,"featured_media":0,"parent":90,"menu_order":0,"comment_status":"closed","ping_status":"closed","template":"","meta":{"footnotes":""},"_links":{"self":[{"href":"https:\/\/www.invest-con.com\/homepages\/investcon\/wp-json\/wp\/v2\/pages\/640"}],"collection":[{"href":"https:\/\/www.invest-con.com\/homepages\/investcon\/wp-json\/wp\/v2\/pages"}],"about":[{"href":"https:\/\/www.invest-con.com\/homepages\/investcon\/wp-json\/wp\/v2\/types\/page"}],"author":[{"embeddable":true,"href":"https:\/\/www.invest-con.com\/homepages\/investcon\/wp-json\/wp\/v2\/users\/1"}],"replies":[{"embeddable":true,"href":"https:\/\/www.invest-con.com\/homepages\/investcon\/wp-json\/wp\/v2\/comments?post=640"}],"version-history":[{"count":0,"href":"https:\/\/www.invest-con.com\/homepages\/investcon\/wp-json\/wp\/v2\/pages\/640\/revisions"}],"up":[{"embeddable":true,"href":"https:\/\/www.invest-con.com\/homepages\/investcon\/wp-json\/wp\/v2\/pages\/90"}],"wp:attachment":[{"href":"https:\/\/www.invest-con.com\/homepages\/investcon\/wp-json\/wp\/v2\/media?parent=640"}],"curies":[{"name":"wp","href":"https:\/\/api.w.org\/{rel}","templated":true}]}}