{"id":638,"date":"2018-04-05T09:20:59","date_gmt":"2018-04-05T07:20:59","guid":{"rendered":"http:\/\/www.invest-con.com\/homepages\/investcon\/?page_id=638"},"modified":"2019-01-21T12:32:59","modified_gmt":"2019-01-21T11:32:59","slug":"consulting","status":"publish","type":"page","link":"https:\/\/www.invest-con.com\/homepages\/investcon\/ueber-uns\/karriere\/consulting\/","title":{"rendered":"Consulting"},"content":{"rendered":"<figure id=\"attachment_843\" aria-describedby=\"caption-attachment-843\" style=\"width: 300px\" class=\"wp-caption alignleft\"><img decoding=\"async\" loading=\"lazy\" class=\"size-medium wp-image-843\" src=\"http:\/\/www.invest-con.com\/homepages\/investcon\/wp-content\/uploads\/2018\/04\/beratung_1524049410-300x200.jpg\" alt=\"\" width=\"300\" height=\"200\" \/><figcaption id=\"caption-attachment-843\" class=\"wp-caption-text\"><span style=\"font-size: 10px;\"><a href=\"https:\/\/pixabay.com\/users\/FotografieLink\/\">FotografieLink<\/a> \/ Pixabay<\/span><\/figcaption><\/figure>\n<p>Bachelor<\/p>\n<p>Internationalit\u00e4t, Flexibilit\u00e4t und ein speziell entwickeltes Trainingsprogramm \u2013 das erwartet Bachelor-Absolventen bei INVESTcon. Sie arbeiten von Beginn vollwertig in einem unserer Teams bei Klienten. Nach einem halben Jahr steht der Wechsel in unser attraktives Fellowship-Programm an.<\/p>\n<p>Diplom\/Master<\/p>\n<p>Mit einem Diplom- oder Master-Abschluss einer Universit\u00e4t nehmen wir Sie in unser Fellowship-Programm auf. Das Besondere: Nach zwei Jahren als Berater besteht die M\u00f6glichkeit, Sie f\u00fcr eine Promotion oder einen MBA berufsbegleitend freizustellen, bei Fortzahlung Ihres Einkommens f\u00fcr ein Jahr.<\/p>\n<p>Promotion\/MBA<\/p>\n<p>Das Programm bietet Hochschulabsolventen mit Promotion, MBA oder relevanter Berufserfahrung einen exzellenten Einstieg in die Topmanagement-Beratung. Wir bereiten Sie intensiv darauf vor, schon nach kurzer Zeit selbst F\u00fchrungsaufgaben im Team zu \u00fcbernehmen.<\/p>\n<div id=\"fancybox-bg-s\" class=\"fancybox-bg\"><\/div>\n<div id=\"fancybox-bg-nw\" class=\"fancybox-bg\"><\/div>\n","protected":false},"excerpt":{"rendered":"<p>Bachelor Internationalit\u00e4t, Flexibilit\u00e4t und ein speziell entwickeltes Trainingsprogramm \u2013 das erwartet Bachelor-Absolventen bei INVESTcon. Sie arbeiten von Beginn vollwertig in &hellip; <\/p>\n","protected":false},"author":1,"featured_media":0,"parent":90,"menu_order":0,"comment_status":"closed","ping_status":"closed","template":"","meta":{"footnotes":""},"_links":{"self":[{"href":"https:\/\/www.invest-con.com\/homepages\/investcon\/wp-json\/wp\/v2\/pages\/638"}],"collection":[{"href":"https:\/\/www.invest-con.com\/homepages\/investcon\/wp-json\/wp\/v2\/pages"}],"about":[{"href":"https:\/\/www.invest-con.com\/homepages\/investcon\/wp-json\/wp\/v2\/types\/page"}],"author":[{"embeddable":true,"href":"https:\/\/www.invest-con.com\/homepages\/investcon\/wp-json\/wp\/v2\/users\/1"}],"replies":[{"embeddable":true,"href":"https:\/\/www.invest-con.com\/homepages\/investcon\/wp-json\/wp\/v2\/comments?post=638"}],"version-history":[{"count":0,"href":"https:\/\/www.invest-con.com\/homepages\/investcon\/wp-json\/wp\/v2\/pages\/638\/revisions"}],"up":[{"embeddable":true,"href":"https:\/\/www.invest-con.com\/homepages\/investcon\/wp-json\/wp\/v2\/pages\/90"}],"wp:attachment":[{"href":"https:\/\/www.invest-con.com\/homepages\/investcon\/wp-json\/wp\/v2\/media?parent=638"}],"curies":[{"name":"wp","href":"https:\/\/api.w.org\/{rel}","templated":true}]}}