{"id":634,"date":"2018-04-05T09:19:52","date_gmt":"2018-04-05T07:19:52","guid":{"rendered":"http:\/\/www.invest-con.com\/homepages\/investcon\/?page_id=634"},"modified":"2021-10-25T15:30:24","modified_gmt":"2021-10-25T13:30:24","slug":"objektivitaet","status":"publish","type":"page","link":"https:\/\/www.invest-con.com\/homepages\/investcon\/ueber-uns\/karriere\/objektivitaet\/","title":{"rendered":"Objektivit\u00e4t"},"content":{"rendered":"<p>Die Voraussetzung f\u00fcr eine objektive Beratung, frei von jeder fremden Einflussnahme, ist das Fehlen von Eigent\u00fcmerverflechtungen mit Produktanbietern. Das Gesch\u00e4ftskapital der gesamten INVEST-CON Firmengruppe ist im Besitz der Partner. Scheidet einer der Partner aus, kauft die Firma seine Anteile zur\u00fcck. Somit sind Ihre Interessen vor der Einflussnahme der Politik, Banken, Investment-, Hedgefonds- und Beteiligungsgesellschaften g\u00e4nzlich gesichert!<\/p>\n<p>Das 4-Augen-Prinzip ist eine zus\u00e4tzliche Garantie f\u00fcr unsere Objektivit\u00e4t!<br \/>\nTrotz der Einbettung in die regionalen Besonderheiten der jeweiligen Bundesl\u00e4nder, bilden die einzelnen INVEST-CON-Kanzleien eine Firma, die ihre Grunds\u00e4tze und Werte \u00f6sterreichweit teilt und lebt.<br \/>\nDa jede Strategie und jedes Konzept immer mindestens von einem weiteren unbeteiligten Senior-Partner und einem Member of the Board sowie einem Mitglied des Compliance oder Risk-Management-Team gepr\u00fcft wird.<\/p>\n<p>Essenziell f\u00fcr eine vertrauensvolle Zusammenarbeit ist die unbedingte Geheimhaltung der Klienteninformationen. Aufgrund der Wertpapier-Konzession von der\u00a0<a href=\"http:\/\/www.fma.gv.at\/de\/startseite.html\">\u00d6sterreichischen Finanzmarktaufsicht <\/a>unterliegen zudem alle Daten dem Wertpapieraufsichtsgesetz und dem Bankgeheimnis!<br \/>\nDieses Vertrauen langfristig zu sichern ist Teil des Leitbildes und der Werte, an dem sich alle Mitarbeiter bei Eintritt in unser Unternehmen von Anfang an orientieren.<\/p>\n<p>Unsere \u00fcberdurchschnittlich engagierten Mitarbeiter sind die Grundlage unseres Erfolgs!<\/p>\n","protected":false},"excerpt":{"rendered":"<p>Die Voraussetzung f\u00fcr eine objektive Beratung, frei von jeder fremden Einflussnahme, ist das Fehlen von Eigent\u00fcmerverflechtungen mit Produktanbietern. Das Gesch\u00e4ftskapital &hellip; <\/p>\n","protected":false},"author":1,"featured_media":0,"parent":90,"menu_order":0,"comment_status":"closed","ping_status":"closed","template":"","meta":{"footnotes":""},"_links":{"self":[{"href":"https:\/\/www.invest-con.com\/homepages\/investcon\/wp-json\/wp\/v2\/pages\/634"}],"collection":[{"href":"https:\/\/www.invest-con.com\/homepages\/investcon\/wp-json\/wp\/v2\/pages"}],"about":[{"href":"https:\/\/www.invest-con.com\/homepages\/investcon\/wp-json\/wp\/v2\/types\/page"}],"author":[{"embeddable":true,"href":"https:\/\/www.invest-con.com\/homepages\/investcon\/wp-json\/wp\/v2\/users\/1"}],"replies":[{"embeddable":true,"href":"https:\/\/www.invest-con.com\/homepages\/investcon\/wp-json\/wp\/v2\/comments?post=634"}],"version-history":[{"count":4,"href":"https:\/\/www.invest-con.com\/homepages\/investcon\/wp-json\/wp\/v2\/pages\/634\/revisions"}],"predecessor-version":[{"id":3468,"href":"https:\/\/www.invest-con.com\/homepages\/investcon\/wp-json\/wp\/v2\/pages\/634\/revisions\/3468"}],"up":[{"embeddable":true,"href":"https:\/\/www.invest-con.com\/homepages\/investcon\/wp-json\/wp\/v2\/pages\/90"}],"wp:attachment":[{"href":"https:\/\/www.invest-con.com\/homepages\/investcon\/wp-json\/wp\/v2\/media?parent=634"}],"curies":[{"name":"wp","href":"https:\/\/api.w.org\/{rel}","templated":true}]}}