{"id":579,"date":"2018-03-23T13:54:52","date_gmt":"2018-03-23T12:54:52","guid":{"rendered":"http:\/\/www.invest-con.com\/homepages\/investcon\/?page_id=579"},"modified":"2023-11-02T09:55:33","modified_gmt":"2023-11-02T08:55:33","slug":"brunner","status":"publish","type":"page","link":"https:\/\/www.invest-con.com\/homepages\/investcon\/brunner\/","title":{"rendered":"P. Brunner, Consulting Direktor"},"content":{"rendered":"<p><img decoding=\"async\" loading=\"lazy\" class=\"alignleft wp-image-901 \" src=\"http:\/\/www.invest-con.com\/homepages\/investcon\/wp-content\/uploads\/2018\/04\/BM7D9514_2842x2842-300x300.jpg\" alt=\"\" width=\"176\" height=\"176\" srcset=\"https:\/\/www.invest-con.com\/homepages\/investcon\/wp-content\/uploads\/2018\/04\/BM7D9514_2842x2842-300x300.jpg 300w, https:\/\/www.invest-con.com\/homepages\/investcon\/wp-content\/uploads\/2018\/04\/BM7D9514_2842x2842-150x150.jpg 150w, https:\/\/www.invest-con.com\/homepages\/investcon\/wp-content\/uploads\/2018\/04\/BM7D9514_2842x2842-768x768.jpg 768w, https:\/\/www.invest-con.com\/homepages\/investcon\/wp-content\/uploads\/2018\/04\/BM7D9514_2842x2842-1024x1024.jpg 1024w, https:\/\/www.invest-con.com\/homepages\/investcon\/wp-content\/uploads\/2018\/04\/BM7D9514_2842x2842-246x246.jpg 246w, https:\/\/www.invest-con.com\/homepages\/investcon\/wp-content\/uploads\/2018\/04\/BM7D9514_2842x2842-275x275.jpg 275w, https:\/\/www.invest-con.com\/homepages\/investcon\/wp-content\/uploads\/2018\/04\/BM7D9514_2842x2842-70x70.jpg 70w, https:\/\/www.invest-con.com\/homepages\/investcon\/wp-content\/uploads\/2018\/04\/BM7D9514_2842x2842-276x276.jpg 276w, https:\/\/www.invest-con.com\/homepages\/investcon\/wp-content\/uploads\/2018\/04\/BM7D9514_2842x2842-125x125.jpg 125w, https:\/\/www.invest-con.com\/homepages\/investcon\/wp-content\/uploads\/2018\/04\/BM7D9514_2842x2842-211x211.jpg 211w\" sizes=\"(max-width: 176px) 100vw, 176px\" \/><\/p>\n<div class=\"clearfix rara-row\"><div class=\"rara_column rara-span3\"><div id=\"cc-m-12748434431\" class=\"j-module n j-text \">\n<p>&nbsp;<\/p>\n<ul>\n<li>staatlich gepr\u00fcfter Verm\u00f6gensberater<\/li>\n<li>ungebundener Kreditvermittler<\/li>\n<li>Vermittlung von Lebens- und Unfallversicherungen in der Form Versicherungsmakler und Beratungen in Versicherungsangelegenheiten<\/li>\n<li>vertraglich gebundener Vermittler f\u00fcr die Invest-con Finanzconsulting GmbH<\/li>\n<li>Unternehmensberater einschlie\u00dflich der Unternehmensorganisation<\/li>\n<li>Email:\u00a0<a href=\"mailto:office.wien13@invest-con.at\">office.wien13@invest-con.at<\/a>,<\/li>\n<li>Tel.: +43 732 302075-0<\/li>\n<li>Fax: +43 732 302075-20<\/li>\n<li><\/li>\n<\/ul>\n<p>Termine nach Vereinbarung<\/p>\n<p><a href=\"https:\/\/firmen.wko.at\/Web\/DetailsKontakt.aspx?FirmaID=01259873-884e-415a-be64-f7cc1453ddc8&amp;StandortID=0&amp;Suchbegriff=peter+brunner&amp;Page=2\"><img decoding=\"async\" loading=\"lazy\" class=\"alignleft\" src=\"https:\/\/image.jimcdn.com\/app\/cms\/image\/transf\/none\/path\/s05287fd395bf8ff0\/image\/i1ceaef5d7576072d\/version\/1517940481\/image.gif\" alt=\"\" width=\"169\" height=\"23\" \/><\/a><\/p>\n<\/div><\/div>\n<div class=\"rara_column rara-span3\"><\/div><\/div>\n<p>&nbsp;<\/p>\n<p>&nbsp;<\/p>\n<p style=\"font-weight: 400;\" data-original-attrs=\"{&quot;style&quot;:&quot;&quot;}\"><strong data-original-attrs=\"{&quot;style&quot;:&quot;mso-bidi-font-weight: normal;&quot;}\">INVESTCON-MITARBEITER IM GESPR\u00c4CH<\/strong><\/p>\n<p style=\"font-weight: 400;\" data-original-attrs=\"{&quot;style&quot;:&quot;&quot;}\"><strong data-original-attrs=\"{&quot;style&quot;:&quot;mso-bidi-font-weight: normal;&quot;}\">INVESTCON sprach mit dem Unternehmens- und Verm\u00f6gensberater Dir. Peter Brunner \u00fcber seinen Werdegang, die besondere Verbindung zu INVESTCON, \u00fcber seine Erfolge und Zukunftspl\u00e4ne.<\/strong><\/p>\n<p style=\"font-weight: 400;\" data-original-attrs=\"{&quot;style&quot;:&quot;&quot;}\"><strong data-original-attrs=\"{&quot;style&quot;:&quot;mso-bidi-font-weight: normal;&quot;}\">Herr Direktor Brunner, wie lange sind Sie schon in der Finanzbranche? Was machten Sie zuvor?<\/strong><\/p>\n<p style=\"font-weight: 400;\" data-original-attrs=\"{&quot;style&quot;:&quot;&quot;}\">Ich bin jetzt seit \u00fcber 7 Jahren in der Finanzbranche! Das mag f\u00fcr manche nicht viel klingen. Wenn man sich allerdings die Entwicklung in der Branche in den letzten Jahren ansieht, dann kann man von sehr intensiven Jahren sprechen. Um nur einige Punkte zu nennen: 2011 inverse Zinsstruktur, gr\u00f6\u00dfter Goldkurseinbruch im August (der letzten Jahre(!)); 2012 Unisex und Verpflichtung zur staatlichen Pr\u00fcfung (Investcon verlangte dies von JEDEM Mitarbeiter bereits seit 2003!) des Verm\u00f6gensberaters. 2014 starke Reduktion (eigentlich Abschaffung) der Invalidenpension, 2015 weitere K\u00fcrzungen der staatlichen Subventionen (europaweit!), \u201eUmstrukturierung\u201c der klassischen Einlagensicherung von Banken, 2016 Einf\u00fchrung des HIKrG (ein Erdrutsch in der Finanzierungsvergabe), Brexitabstimmung usw. Und 2018\u2026 Neues WAG, \u00c4nderung BWG, DSGVO, MIFID II, IDD, LIPID, und, und, und\u2026<\/p>\n<p style=\"font-weight: 400;\" data-original-attrs=\"{&quot;style&quot;:&quot;&quot;}\">In den 26 Jahren davor war ich in einem Dienstleistungsunternehmen zur Wirtschaftlichkeit im Tankstellengesch\u00e4ft (Mineral\u00f6lbranche) t\u00e4tig. Einerseits im B\u00fcro in der \u201ebetriebswirtschaftlichen\u201c IT (Programmierung und Support betriebswirtschaftlicher Auswertungen), andererseits war ich als Seminar- und Schulungsleiter mit vielen Tankstellenunternehmern, Gebiets-, Verkaufs- und Generaldirektoren, Steuerberatern, sowie Buchhalter- und PersonalverrechnerInnen in \u00d6sterreich und Europa viele Tage im Jahr unterwegs.<\/p>\n<p style=\"font-weight: 400;\" data-original-attrs=\"{&quot;style&quot;:&quot;&quot;}\">Nach meinem Ausscheiden Ende 2010 hatte ich mit einigen Steuerberatern noch offene Projekte in der Branche fertig gestellt.<\/p>\n<p style=\"font-weight: 400;\" data-original-attrs=\"{&quot;style&quot;:&quot;&quot;}\">Das alles war f\u00fcr mich auch letztendlich die Entscheidung,\u00a0\u00a0meine Unternehmensberatung zu gr\u00fcnden.<\/p>\n<p style=\"font-weight: 400;\" data-original-attrs=\"{&quot;style&quot;:&quot;&quot;}\"><strong data-original-attrs=\"{&quot;style&quot;:&quot;mso-bidi-font-weight: normal;&quot;}\">Und wie sind Sie zu INVESTCON gekommen?<\/strong><\/p>\n<p style=\"font-weight: 400;\" data-original-attrs=\"{&quot;style&quot;:&quot;&quot;}\">Das klassische Headhunting hat mich kontaktiert. Und bereits nach dem zweiten Gespr\u00e4ch in Linz war f\u00fcr mich klar, diese M\u00f6glichkeit muss ich annehmen. Zumal ich mit meiner bisherigen Erfahrung zwar keine Ahnung von der \u201eklassischen\u201c Verm\u00f6gensberatung hatte. Doch die Erfahrung der Betriebs- und Volkswirtschaft, die Steuerthemen, Controlling, Monitoring, etc. haben mir meine Entscheidung erleichtert,\u00a0\u00a0diese wirtschaftliche Gesamtheit zu erlangen!<\/p>\n<p style=\"font-weight: 400;\" data-original-attrs=\"{&quot;style&quot;:&quot;&quot;}\"><strong data-original-attrs=\"{&quot;style&quot;:&quot;mso-bidi-font-weight: normal;&quot;}\">Was ist f\u00fcr Sie besonders reizvoll an Ihrer T\u00e4tigkeit bei INVESTCON?<\/strong><\/p>\n<p style=\"font-weight: 400;\" data-original-attrs=\"{&quot;style&quot;:&quot;&quot;}\">Da gibt es mehrere Gr\u00fcnde.<\/p>\n<ol>\n<li style=\"font-weight: 400;\" data-original-attrs=\"{&quot;style&quot;:&quot;mso-add-space: auto; mso-list: l0 level1 lfo1;&quot;}\">Ich wurde noch nie gebremst. Jedes Ziel, dass ich mir gesetzt habe wurde von der Firma unterst\u00fctzt als w\u00e4re es das firmeneigene Ziel gewesen.<\/li>\n<li style=\"font-weight: 400;\" data-original-attrs=\"{&quot;style&quot;:&quot;mso-add-space: auto; mso-list: l0 level1 lfo1;&quot;}\">Die Menschlichkeit. Ich habe in den bereits 34 Arbeitsjahren von kleinen Firmen bis Gro\u00dfkonzernen alles kennengelernt; nur noch nie so eine Firma wie Investcon. Es werden nicht nur Erfolge (Stichwort Schulterklopfer) gemeinsam gefeiert, auch die privaten wie gesch\u00e4ftlichen Tiefen werden gemeinsam bew\u00e4ltigt!<\/li>\n<li style=\"font-weight: 400;\" data-original-attrs=\"{&quot;style&quot;:&quot;mso-add-space: auto; mso-list: l0 level1 lfo1;&quot;}\">Zeigen Sie mir ein zweites Unternehmen, das zum Dienst am Kunden in der jeweiligen Branche den ganzen Markt zur Verf\u00fcgung hat!<\/li>\n<li style=\"font-weight: 400;\" data-original-attrs=\"{&quot;style&quot;:&quot;mso-add-space: auto; mso-list: l0 level1 lfo1;&quot;}\">Die Visionen. Wir planen nicht nur die Wochen, Monate, das Jahr, sondern wir schauen auch noch ein bisschen weiter\u2026. Und nur dann k\u00f6nnen diese Umsetzungen auch stattfinden!<\/li>\n<li style=\"font-weight: 400;\" data-original-attrs=\"{&quot;style&quot;:&quot;mso-add-space: auto; mso-list: l0 level1 lfo1;&quot;}\">Ich kann mich auf meine T\u00e4tigkeitsfelder konzentrieren. Die oben genannten Ver\u00e4nderungen gesetzlicher, wirtschaftlicher, steuerlicher Natur machen die Spezialisten im Hintergrund und verpacken es in mehrere Tage Weiterbildung. Vielen Dank \u00fcbrigens an dieser Stelle. Zeigen Sie mir ein anderes Unternehmen, wo das so abl\u00e4uft!<\/li>\n<\/ol>\n<p style=\"font-weight: 400;\" data-original-attrs=\"{&quot;style&quot;:&quot;&quot;}\"><strong data-original-attrs=\"{&quot;style&quot;:&quot;mso-bidi-font-weight: normal;&quot;}\">Wenn Sie nun Ihre Erfolge Revue passieren lassen \u2013 was war Ihrer Meinung nach Ihr bislang gr\u00f6\u00dfter Erfolg?<\/strong><\/p>\n<p style=\"font-weight: 400;\" data-original-attrs=\"{&quot;style&quot;:&quot;&quot;}\">Wenn ich nicht die Unterschrift auf meinen Ausbildungsvertrag gesetzt h\u00e4tte w\u00e4re alles andere nicht m\u00f6glich gewesen\u2026<\/p>\n<p style=\"font-weight: 400;\" data-original-attrs=\"{&quot;style&quot;:&quot;&quot;}\">Aber\u2026 Mein gr\u00f6\u00dfter Erfolg war sicher die eigene Kanzlei. Diese war mein erkl\u00e4rtes Ziel ab meinem Eintritt. Im M\u00e4rz gehen wir in unser drittes Kanzleijahr!<\/p>\n<p style=\"font-weight: 400;\" data-original-attrs=\"{&quot;style&quot;:&quot;&quot;}\"><strong data-original-attrs=\"{&quot;style&quot;:&quot;mso-bidi-font-weight: normal;&quot;}\">Und wenn Sie an die Zukunft denken \u2013 welche Pl\u00e4ne verfolgen Sie?<\/strong><\/p>\n<p style=\"font-weight: 400;\" data-original-attrs=\"{&quot;style&quot;:&quot;&quot;}\">Ha! Wie viel Zeit habe ich? Spa\u00df beiseite. Wir haben f\u00fcr 1.1.2019 die Er\u00f6ffnung der ersten Subkanzlei von Wien XIII in Frauenkirchen vor uns. Und dahin gehen auch die weiteren Pl\u00e4ne. Weiterhin Menschen zu helfen, einerseits dem Kunden, damit er das bekommt was ben\u00f6tigt wird. Auf der anderen Seite k\u00f6nnen wir aber auch denen helfen, die durch die derzeitige wirtschaftliche Lage ihren Job verloren haben (alleine \u00fcber 12000 in unserer Branche in den letzten 3 Jahren!). Auch neue KollegInnen \u2013 egal aus welchen Bereichen sie kommen \u2013 zur staatlichen Pr\u00fcfung zu f\u00fchren und im Berufsleben zu betreuen ist eine sehr sch\u00f6ne Erfahrung und etwas, das ich nie und nimmer missen m\u00f6chte!<\/p>\n<p style=\"font-weight: 400;\" data-original-attrs=\"{&quot;style&quot;:&quot;&quot;}\">Und nat\u00fcrlich last but not least\u2026 die dadurch unaufhaltbare Expansion mit Kanzleien in den diversen Bundesl\u00e4ndern und UNSERE Direktion im Osten.<\/p>\n<p style=\"font-weight: 400;\" data-original-attrs=\"{&quot;style&quot;:&quot;&quot;}\">Die dadurch resultierenden k\u00fcrzeren Wege m\u00fcnden in ein paar Stunden mehr Zeit, und die m\u00f6chte und werde ich mit meiner Familie verbringen!<\/p>\n<ol>\n<li style=\"font-weight: 400;\" data-original-attrs=\"{&quot;style&quot;:&quot;&quot;}\"><strong> Brunner,<\/strong>Consulting Direktor und Kanzleileiter bei Investcon, wurde im Sommer 50 Jahre, ist gl\u00fccklich verheiratet mit Frau Tina, die ebenfalls in der Finanzbranche t\u00e4tig ist. Der zweij\u00e4hrige Sohn Moritz ist deren Turbo f\u00fcr alles.<\/li>\n<\/ol>\n<p style=\"font-weight: 400;\" data-original-attrs=\"{&quot;style&quot;:&quot;&quot;}\">In seiner Freizeit geht der Ausdauerjunkie Brunner gerne laufen, vertieft sich in Fachb\u00fccher und Biografien. Wichtig ist ihm, den Kopf auch freizuhalten, denn dann kommt oft die eine oder andere Idee, um wieder neue Pl\u00e4ne schmieden zu k\u00f6nnen.<\/p>\n","protected":false},"excerpt":{"rendered":"<p>&nbsp; &nbsp; INVESTCON-MITARBEITER IM GESPR\u00c4CH INVESTCON sprach mit dem Unternehmens- und Verm\u00f6gensberater Dir. Peter Brunner \u00fcber seinen Werdegang, die besondere &hellip; <\/p>\n","protected":false},"author":1,"featured_media":0,"parent":0,"menu_order":0,"comment_status":"closed","ping_status":"closed","template":"","meta":{"footnotes":""},"_links":{"self":[{"href":"https:\/\/www.invest-con.com\/homepages\/investcon\/wp-json\/wp\/v2\/pages\/579"}],"collection":[{"href":"https:\/\/www.invest-con.com\/homepages\/investcon\/wp-json\/wp\/v2\/pages"}],"about":[{"href":"https:\/\/www.invest-con.com\/homepages\/investcon\/wp-json\/wp\/v2\/types\/page"}],"author":[{"embeddable":true,"href":"https:\/\/www.invest-con.com\/homepages\/investcon\/wp-json\/wp\/v2\/users\/1"}],"replies":[{"embeddable":true,"href":"https:\/\/www.invest-con.com\/homepages\/investcon\/wp-json\/wp\/v2\/comments?post=579"}],"version-history":[{"count":3,"href":"https:\/\/www.invest-con.com\/homepages\/investcon\/wp-json\/wp\/v2\/pages\/579\/revisions"}],"predecessor-version":[{"id":4053,"href":"https:\/\/www.invest-con.com\/homepages\/investcon\/wp-json\/wp\/v2\/pages\/579\/revisions\/4053"}],"wp:attachment":[{"href":"https:\/\/www.invest-con.com\/homepages\/investcon\/wp-json\/wp\/v2\/media?parent=579"}],"curies":[{"name":"wp","href":"https:\/\/api.w.org\/{rel}","templated":true}]}}