{"id":577,"date":"2018-03-23T13:54:34","date_gmt":"2018-03-23T12:54:34","guid":{"rendered":"http:\/\/www.invest-con.com\/homepages\/investcon\/?page_id=577"},"modified":"2025-03-06T08:44:58","modified_gmt":"2025-03-06T07:44:58","slug":"pierecker","status":"publish","type":"page","link":"https:\/\/www.invest-con.com\/homepages\/investcon\/management\/pierecker\/","title":{"rendered":"Herr Dkfm. (FH) M. Pierecker, Consulting Direktor"},"content":{"rendered":"<p><img decoding=\"async\" loading=\"lazy\" class=\"alignleft wp-image-1285\" src=\"http:\/\/www.invest-con.com\/homepages\/investcon\/wp-content\/uploads\/2018\/08\/BM7D2143.jpg\" alt=\"\" width=\"176\" height=\"264\" srcset=\"https:\/\/www.invest-con.com\/homepages\/investcon\/wp-content\/uploads\/2018\/08\/BM7D2143.jpg 3264w, https:\/\/www.invest-con.com\/homepages\/investcon\/wp-content\/uploads\/2018\/08\/BM7D2143-200x300.jpg 200w, https:\/\/www.invest-con.com\/homepages\/investcon\/wp-content\/uploads\/2018\/08\/BM7D2143-768x1152.jpg 768w, https:\/\/www.invest-con.com\/homepages\/investcon\/wp-content\/uploads\/2018\/08\/BM7D2143-683x1024.jpg 683w\" sizes=\"(max-width: 176px) 100vw, 176px\" \/><\/p>\n<div class=\"clearfix rara-row\"><div class=\"rara_column rara-span3\"><div id=\"cc-m-12748434431\" class=\"j-module n j-text \">\n<ul>\n<li>staatlich gepr\u00fcfter Verm\u00f6gensberater<\/li>\n<li>gepr\u00fcfter Versicherungsfachmann B\u00d6V | Versicherungsagent<\/li>\n<li>ungebundener Kreditvermittler | vertraglich gebundener Vermittler f\u00fcr die Invest-con Finanzconsulting GmbH<\/li>\n<li>Edelmetallberater<\/li>\n<li>Tr\u00e4ger des G\u00fctesiegels des Fachverbandes Finanzdienstleister<\/li>\n<li>Email: office@invest-con.at<\/li>\n<li>Tel.: +43 732 302075-0<\/li>\n<li>Fax: +43 732 302075-20<\/li>\n<\/ul>\n<\/div>\n<p class=\"s3\" style=\"margin: 0cm 0cm 6.0pt 0cm;\"><span class=\"bumpedfont15\"><b>Angaben zur Person:<\/b><\/span><\/p>\n<p class=\"s3\" style=\"margin: 0cm; margin-bottom: .0001pt;\"><span style=\"background-color: rgba(255, 255, 255, 0);\"><span class=\"bumpedfont15\">Alter: 49 Jahre, gl\u00fccklich verheiratet<\/span><\/span><\/p>\n<p class=\"s3\" style=\"margin: 0cm; margin-bottom: .0001pt;\"><span style=\"background-color: rgba(255, 255, 255, 0);\"><span class=\"bumpedfont15\">2 Jungs im Alter von 17 und 16 Jahren<\/span><\/span><\/p>\n<p class=\"s3\" style=\"margin: 0cm; margin-bottom: .0001pt;\"><span style=\"background-color: rgba(255, 255, 255, 0);\">\u00a0<\/span><\/p>\n<p class=\"s3\" style=\"margin: 0cm; margin-bottom: .0001pt;\"><span style=\"background-color: rgba(255, 255, 255, 0);\">\u00a0<\/span><\/p>\n<p class=\"s3\" style=\"margin: 0cm; margin-bottom: .0001pt;\"><span style=\"background-color: rgba(255, 255, 255, 0);\"><span class=\"bumpedfont15\">Aus- und Weiterbildungen:<\/span><\/span><\/p>\n<p class=\"s3\" style=\"margin: 0cm; margin-bottom: .0001pt;\"><span class=\"bumpedfont15\"><span style=\"background-color: rgba(255, 255, 255, 0);\">\u00a0<\/span><\/span><\/p>\n<p class=\"s3\" style=\"margin: 0cm; margin-bottom: .0001pt;\"><span class=\"bumpedfont15\">2002 \u2013 2006 Fern-Studium an der HFH Hamburger-Fern-Hochschule<\/span><\/p>\n<p class=\"s3\" style=\"margin: 0cm; margin-bottom: .0001pt;\"><span style=\"background-color: rgba(255, 255, 255, 0);\">\u200b\u200b<span class=\"bumpedfont15\">im Studiengang Betriebswirtschaft \u2013 berufsbegleitend<\/span>\u00a0<\/span><\/p>\n<p class=\"s3\" style=\"margin: 0cm; margin-bottom: .0001pt;\"><span style=\"background-color: rgba(255, 255, 255, 0);\">\u00a0<\/span><\/p>\n<p class=\"s3\" style=\"margin: 0cm; margin-bottom: .0001pt;\"><span style=\"background-color: rgba(255, 255, 255, 0);\"><span class=\"bumpedfont15\">03\/2011 &#8211; <\/span>\u200b<span class=\"bumpedfont15\">Bef\u00e4higungspr\u00fcfung zum gewerblichen Verm\u00f6gensberater<\/span><\/span><\/p>\n<p class=\"s3\" style=\"margin: 0cm; margin-bottom: .0001pt;\"><span style=\"background-color: rgba(255, 255, 255, 0);\">\u00a0<\/span><\/p>\n<p class=\"s3\" style=\"margin: 0cm; margin-bottom: .0001pt;\"><span style=\"background-color: rgba(255, 255, 255, 0);\"><span class=\"bumpedfont15\">03\/2017<\/span>\u200b &#8211; <span class=\"bumpedfont15\">gepr\u00fcfter Versicherungsfachmann B\u00d6V<\/span><\/span><\/p>\n<p class=\"s3\" style=\"margin: 0cm; margin-bottom: .0001pt;\"><span style=\"background-color: rgba(255, 255, 255, 0);\">\u00a0<\/span><\/p>\n<p class=\"s3\" style=\"margin: 0cm; margin-bottom: .0001pt;\"><span style=\"background-color: rgba(255, 255, 255, 0);\"><span class=\"bumpedfont15\">seit 10\/2010 als Business Partner bei Invest-con Finanzconsulting GmbH<\/span><\/span><\/p>\n<p class=\"s3\" style=\"margin: 0cm; margin-bottom: .0001pt;\"><span style=\"background-color: rgba(255, 255, 255, 0);\">\u00a0<\/span><\/p>\n<p class=\"s3\" style=\"margin: 0cm; margin-bottom: .0001pt;\"><span style=\"background-color: rgba(255, 255, 255, 0);\"><span class=\"bumpedfont15\">\u00a0<\/span><\/span><\/p>\n<p class=\"s3\" style=\"margin: 0cm; margin-bottom: .0001pt;\"><span class=\"bumpedfont15\">Zusatzqualifikation: Englisch \u2013 verhandlungssicher in Wort und Schrift<\/span><\/p>\n<p class=\"s3\" style=\"margin: 0cm; margin-bottom: .0001pt;\"><span style=\"background-color: rgba(255, 255, 255, 0);\">\u00a0<\/span><\/p>\n<p class=\"s3\" style=\"margin: 0cm; margin-bottom: .0001pt;\"><span class=\"bumpedfont15\"><span style=\"background-color: rgba(255, 255, 255, 0);\"><u>Mein Lebensmotto lautet:<\/u><\/span><\/span><\/p>\n<p class=\"s3\" style=\"margin: 0cm; margin-bottom: .0001pt;\"><span class=\"bumpedfont15\"><span style=\"background-color: rgba(255, 255, 255, 0);\"><i>Man muss das Unm\u00f6gliche versuchen, um das M\u00f6gliche zu erreichen. (Hermann Hesse)<\/i><\/span><\/span><\/p>\n<div id=\"cc-m-12748434431\" class=\"j-module n j-text \">\n<p>Termine nach Vereinbarung<\/p>\n<p style=\"text-align: left;\"><a href=\"https:\/\/firmen.wko.at\/dipl-kfm-fh-markus-pierecker-verm%c3%b6gensberater-und-versicherungsagent\/ober%c3%b6sterreich\/?firmaid=063d6d37-0b46-40ec-a07b-088c80c53460&amp;suchbegriff=markus%20pierecker\"><img decoding=\"async\" loading=\"lazy\" class=\"alignleft wp-image-3253 size-thumbnail\" src=\"https:\/\/www.invest-con.com\/homepages\/investcon\/wp-content\/uploads\/2021\/05\/1517940481-150x23.gif\" alt=\"\" width=\"150\" height=\"23\" \/><\/a><\/p>\n<p style=\"text-align: left;\"><\/div>\n<div class=\"rara_column rara-span3\"><\/div><\/div><\/div>\n","protected":false},"excerpt":{"rendered":"","protected":false},"author":1,"featured_media":0,"parent":657,"menu_order":0,"comment_status":"closed","ping_status":"closed","template":"","meta":{"footnotes":""},"_links":{"self":[{"href":"https:\/\/www.invest-con.com\/homepages\/investcon\/wp-json\/wp\/v2\/pages\/577"}],"collection":[{"href":"https:\/\/www.invest-con.com\/homepages\/investcon\/wp-json\/wp\/v2\/pages"}],"about":[{"href":"https:\/\/www.invest-con.com\/homepages\/investcon\/wp-json\/wp\/v2\/types\/page"}],"author":[{"embeddable":true,"href":"https:\/\/www.invest-con.com\/homepages\/investcon\/wp-json\/wp\/v2\/users\/1"}],"replies":[{"embeddable":true,"href":"https:\/\/www.invest-con.com\/homepages\/investcon\/wp-json\/wp\/v2\/comments?post=577"}],"version-history":[{"count":5,"href":"https:\/\/www.invest-con.com\/homepages\/investcon\/wp-json\/wp\/v2\/pages\/577\/revisions"}],"predecessor-version":[{"id":4265,"href":"https:\/\/www.invest-con.com\/homepages\/investcon\/wp-json\/wp\/v2\/pages\/577\/revisions\/4265"}],"up":[{"embeddable":true,"href":"https:\/\/www.invest-con.com\/homepages\/investcon\/wp-json\/wp\/v2\/pages\/657"}],"wp:attachment":[{"href":"https:\/\/www.invest-con.com\/homepages\/investcon\/wp-json\/wp\/v2\/media?parent=577"}],"curies":[{"name":"wp","href":"https:\/\/api.w.org\/{rel}","templated":true}]}}