{"id":563,"date":"2018-03-23T13:47:47","date_gmt":"2018-03-23T12:47:47","guid":{"rendered":"http:\/\/www.invest-con.com\/homepages\/investcon\/?page_id=563"},"modified":"2026-04-23T13:08:43","modified_gmt":"2026-04-23T11:08:43","slug":"geschaeftsfuehrung","status":"publish","type":"page","link":"https:\/\/www.invest-con.com\/homepages\/investcon\/geschaeftsfuehrung\/","title":{"rendered":"Gesch\u00e4ftsf\u00fchrung &#038; Verwaltung"},"content":{"rendered":"<h4>Gesch\u00e4ftsf\u00fchrung:<\/h4>\n<table style=\"height: 216px;\" width=\"417\">\n<tbody>\n<tr>\n<td style=\"text-align: center;\" width=\"214\">\n<h4><img decoding=\"async\" loading=\"lazy\" class=\"wp-image-3839 size-thumbnail aligncenter\" src=\"https:\/\/www.invest-con.com\/homepages\/investcon\/wp-content\/uploads\/2023\/03\/versuch-150x150.jpg\" alt=\"\" width=\"150\" height=\"150\" srcset=\"https:\/\/www.invest-con.com\/homepages\/investcon\/wp-content\/uploads\/2023\/03\/versuch-150x150.jpg 150w, https:\/\/www.invest-con.com\/homepages\/investcon\/wp-content\/uploads\/2023\/03\/versuch-70x70.jpg 70w, https:\/\/www.invest-con.com\/homepages\/investcon\/wp-content\/uploads\/2023\/03\/versuch-125x125.jpg 125w\" sizes=\"(max-width: 150px) 100vw, 150px\" \/><\/h4>\n<\/td>\n<td><img decoding=\"async\" loading=\"lazy\" class=\"wp-image-2457 size-thumbnail aligncenter\" src=\"https:\/\/www.invest-con.com\/homepages\/investcon\/wp-content\/uploads\/2020\/03\/Mag-Frischmann-150-150x150.jpg\" alt=\"\" width=\"150\" height=\"150\" srcset=\"https:\/\/www.invest-con.com\/homepages\/investcon\/wp-content\/uploads\/2020\/03\/Mag-Frischmann-150-150x150.jpg 150w, https:\/\/www.invest-con.com\/homepages\/investcon\/wp-content\/uploads\/2020\/03\/Mag-Frischmann-150-70x70.jpg 70w, https:\/\/www.invest-con.com\/homepages\/investcon\/wp-content\/uploads\/2020\/03\/Mag-Frischmann-150-125x125.jpg 125w\" sizes=\"(max-width: 150px) 100vw, 150px\" \/><\/td>\n<\/tr>\n<tr>\n<td style=\"text-align: center;\" width=\"214\">Herr U. B\u00f6heim<\/p>\n<p><span style=\"font-size: 10px;\">Gesch\u00e4ftsf\u00fchrer<\/span><\/td>\n<td style=\"text-align: center;\" width=\"214\">Herr Mag. K. Frischmann<\/p>\n<p><span style=\"font-size: 10px;\">Gesch\u00e4ftsf\u00fchrer<\/span><\/p>\n<p><span style=\"font-size: 10px;\">DSGVO-Verantwortlicher<\/span><\/p>\n<p><span style=\"font-size: 10px;\">Geldw\u00e4sche-Beauftragter<\/span><\/td>\n<\/tr>\n<\/tbody>\n<\/table>\n<p>Pressekontakt:\u00a0 \u00a0 \u00a0 \u00a0 \u00a0 \u00a0 \u00a0 \u00a0 \u00a0 \u00a0 \u00a0 \u00a0 \u00a0 \u00a0 \u00a0 \u00a0 \u00a0 \u00a0 \u00a0 \u00a0 \u00a0 \u00a0 \u00a0 \u00a0 \u00a0 \u00a0 \u00a0 \u00a0 \u00a0 \u00a0 \u00a0 \u00a0 \u00a0 \u00a0 \u00a0 \u00a0 \u00a0 \u00a0 \u00a0 \u00a0 \u00a0 \u00a0 \u00a0 \u00a0 Interne Revision:<\/p>\n<p>&nbsp;<\/p>\n<p>&nbsp;<\/p>\n<table>\n<tbody>\n<tr>\n<td style=\"text-align: center;\" width=\"214\"><img decoding=\"async\" loading=\"lazy\" class=\"size-thumbnail wp-image-2503 aligncenter\" src=\"https:\/\/www.invest-con.com\/homepages\/investcon\/wp-content\/uploads\/2020\/03\/Dr-Bernhard-hofer-150-150x150.jpg\" alt=\"\" width=\"150\" height=\"150\" srcset=\"https:\/\/www.invest-con.com\/homepages\/investcon\/wp-content\/uploads\/2020\/03\/Dr-Bernhard-hofer-150-150x150.jpg 150w, https:\/\/www.invest-con.com\/homepages\/investcon\/wp-content\/uploads\/2020\/03\/Dr-Bernhard-hofer-150-70x70.jpg 70w, https:\/\/www.invest-con.com\/homepages\/investcon\/wp-content\/uploads\/2020\/03\/Dr-Bernhard-hofer-150-125x125.jpg 125w\" sizes=\"(max-width: 150px) 100vw, 150px\" \/><\/td>\n<td>\n<h4><img decoding=\"async\" loading=\"lazy\" class=\"size-full wp-image-2496 aligncenter\" src=\"https:\/\/www.invest-con.com\/homepages\/investcon\/wp-content\/uploads\/2020\/03\/leser-150.png\" alt=\"\" width=\"150\" height=\"150\" srcset=\"https:\/\/www.invest-con.com\/homepages\/investcon\/wp-content\/uploads\/2020\/03\/leser-150.png 150w, https:\/\/www.invest-con.com\/homepages\/investcon\/wp-content\/uploads\/2020\/03\/leser-150-70x70.png 70w, https:\/\/www.invest-con.com\/homepages\/investcon\/wp-content\/uploads\/2020\/03\/leser-150-125x125.png 125w\" sizes=\"(max-width: 150px) 100vw, 150px\" \/><\/h4>\n<\/td>\n<\/tr>\n<tr>\n<td style=\"text-align: center;\" width=\"214\"><a href=\"https:\/\/www.invest-con.com\/homepages\/investcon\/geschaeftsfuehrung\/dr-bernhard-hofer-pressekontakt\/\"> Herr Mag. Dr. B. Hofer<\/a><\/p>\n<p><span style=\"font-size: 10px;\">Pressekontakt<\/span><\/td>\n<td style=\"text-align: center;\" width=\"214\"><a href=\"https:\/\/www.invest-con.com\/homepages\/investcon\/geschaeftsfuehrung__trashed\/dr-georges-leser-interne-revision\/\">Herr Dr. G. Leser<\/a><\/p>\n<p><span style=\"font-size: 10px;\">interner Revisor<\/span><\/td>\n<\/tr>\n<\/tbody>\n<\/table>\n<p>&nbsp;<\/p>\n<p>&nbsp;<\/p>\n<h3>Backoffice:<\/h3>\n<table style=\"height: 656px;\" width=\"497\">\n<tbody>\n<tr>\n<td style=\"text-align: center;\"><img decoding=\"async\" loading=\"lazy\" class=\"size-thumbnail wp-image-2494 aligncenter\" src=\"https:\/\/www.invest-con.com\/homepages\/investcon\/wp-content\/uploads\/2020\/03\/P\u00f6schko-150-150x150.jpg\" alt=\"\" width=\"150\" height=\"150\" srcset=\"https:\/\/www.invest-con.com\/homepages\/investcon\/wp-content\/uploads\/2020\/03\/P\u00f6schko-150-150x150.jpg 150w, https:\/\/www.invest-con.com\/homepages\/investcon\/wp-content\/uploads\/2020\/03\/P\u00f6schko-150-70x70.jpg 70w, https:\/\/www.invest-con.com\/homepages\/investcon\/wp-content\/uploads\/2020\/03\/P\u00f6schko-150-125x125.jpg 125w\" sizes=\"(max-width: 150px) 100vw, 150px\" \/><\/td>\n<td style=\"text-align: center;\"><img decoding=\"async\" loading=\"lazy\" class=\"wp-image-2490 size-thumbnail aligncenter\" src=\"https:\/\/www.invest-con.com\/homepages\/investcon\/wp-content\/uploads\/2020\/03\/Cikl-150-150x150.jpg\" alt=\"\" width=\"150\" height=\"150\" srcset=\"https:\/\/www.invest-con.com\/homepages\/investcon\/wp-content\/uploads\/2020\/03\/Cikl-150-150x150.jpg 150w, https:\/\/www.invest-con.com\/homepages\/investcon\/wp-content\/uploads\/2020\/03\/Cikl-150-70x70.jpg 70w, https:\/\/www.invest-con.com\/homepages\/investcon\/wp-content\/uploads\/2020\/03\/Cikl-150-125x125.jpg 125w\" sizes=\"(max-width: 150px) 100vw, 150px\" \/><\/td>\n<\/tr>\n<tr>\n<td style=\"text-align: center;\">Frau K. Holzner<\/p>\n<p><span style=\"font-size: 10px;\">Assistentin INVEST-CON Finanzconsulting GmbH<br \/>\nAbrechnung, Angebote<\/span><\/td>\n<td style=\"text-align: center;\"><span style=\"font-size: 10px;\"><span style=\"font-size: 10px;\"><span style=\"font-size: 16px;\">Frau K. Cikl<\/span><br \/>\n<\/span><\/span><span style=\"font-size: 10px;\">Assistentin Primus Trust Schulung und Consulting GmbH<\/span><\/td>\n<\/tr>\n<tr>\n<td><img decoding=\"async\" loading=\"lazy\" class=\"wp-image-4206 size-thumbnail aligncenter\" src=\"https:\/\/www.invest-con.com\/homepages\/investcon\/wp-content\/uploads\/2024\/10\/Profilfoto_Arnika_zugeschnitten-SW-150x150.jpg\" alt=\"\" width=\"150\" height=\"150\" srcset=\"https:\/\/www.invest-con.com\/homepages\/investcon\/wp-content\/uploads\/2024\/10\/Profilfoto_Arnika_zugeschnitten-SW-150x150.jpg 150w, https:\/\/www.invest-con.com\/homepages\/investcon\/wp-content\/uploads\/2024\/10\/Profilfoto_Arnika_zugeschnitten-SW-246x246.jpg 246w, https:\/\/www.invest-con.com\/homepages\/investcon\/wp-content\/uploads\/2024\/10\/Profilfoto_Arnika_zugeschnitten-SW-275x275.jpg 275w, https:\/\/www.invest-con.com\/homepages\/investcon\/wp-content\/uploads\/2024\/10\/Profilfoto_Arnika_zugeschnitten-SW-70x70.jpg 70w, https:\/\/www.invest-con.com\/homepages\/investcon\/wp-content\/uploads\/2024\/10\/Profilfoto_Arnika_zugeschnitten-SW-276x276.jpg 276w, https:\/\/www.invest-con.com\/homepages\/investcon\/wp-content\/uploads\/2024\/10\/Profilfoto_Arnika_zugeschnitten-SW-125x125.jpg 125w, https:\/\/www.invest-con.com\/homepages\/investcon\/wp-content\/uploads\/2024\/10\/Profilfoto_Arnika_zugeschnitten-SW-211x211.jpg 211w\" sizes=\"(max-width: 150px) 100vw, 150px\" \/><\/td>\n<td width=\"&quot;214\"><img decoding=\"async\" loading=\"lazy\" class=\"wp-image-4205 size-thumbnail aligncenter\" src=\"https:\/\/www.invest-con.com\/homepages\/investcon\/wp-content\/uploads\/2024\/10\/Profilfoto_Berre_zugeschnitten-SW-150x150.jpg\" alt=\"\" width=\"150\" height=\"150\" srcset=\"https:\/\/www.invest-con.com\/homepages\/investcon\/wp-content\/uploads\/2024\/10\/Profilfoto_Berre_zugeschnitten-SW-150x150.jpg 150w, https:\/\/www.invest-con.com\/homepages\/investcon\/wp-content\/uploads\/2024\/10\/Profilfoto_Berre_zugeschnitten-SW-246x246.jpg 246w, https:\/\/www.invest-con.com\/homepages\/investcon\/wp-content\/uploads\/2024\/10\/Profilfoto_Berre_zugeschnitten-SW-275x275.jpg 275w, https:\/\/www.invest-con.com\/homepages\/investcon\/wp-content\/uploads\/2024\/10\/Profilfoto_Berre_zugeschnitten-SW-70x70.jpg 70w, https:\/\/www.invest-con.com\/homepages\/investcon\/wp-content\/uploads\/2024\/10\/Profilfoto_Berre_zugeschnitten-SW-276x276.jpg 276w, https:\/\/www.invest-con.com\/homepages\/investcon\/wp-content\/uploads\/2024\/10\/Profilfoto_Berre_zugeschnitten-SW-125x125.jpg 125w, https:\/\/www.invest-con.com\/homepages\/investcon\/wp-content\/uploads\/2024\/10\/Profilfoto_Berre_zugeschnitten-SW-211x211.jpg 211w\" sizes=\"(max-width: 150px) 100vw, 150px\" \/><\/td>\n<\/tr>\n<tr>\n<td>\n<p style=\"text-align: center;\">Frau A. Jamshidian<\/p>\n<p style=\"text-align: center;\"><span style=\"font-size: 10px;\">Lehrling<\/span><\/p>\n<h3><\/h3>\n<h3 style=\"text-align: center;\"><\/h3>\n<\/td>\n<td style=\"text-align: center;\">\n<p style=\"text-align: center;\">Frau B. Akca<\/p>\n<p style=\"text-align: center;\"><span style=\"font-size: 10px;\">Assistentin INVEST-CON Finanzconsulting GmbH<\/span><\/p>\n<\/td>\n<\/tr>\n<\/tbody>\n<\/table>\n<p>&nbsp;<\/p>\n<table width=\"497\">\n<tbody>\n<tr>\n<td><\/td>\n<td><img decoding=\"async\" loading=\"lazy\" class=\"wp-image-4361 size-thumbnail aligncenter\" src=\"https:\/\/www.invest-con.com\/homepages\/investcon\/wp-content\/uploads\/2025\/08\/Kocer-Zilan-Profilfoto-08-2025-150x150.png\" alt=\"\" width=\"150\" height=\"150\" srcset=\"https:\/\/www.invest-con.com\/homepages\/investcon\/wp-content\/uploads\/2025\/08\/Kocer-Zilan-Profilfoto-08-2025-150x150.png 150w, https:\/\/www.invest-con.com\/homepages\/investcon\/wp-content\/uploads\/2025\/08\/Kocer-Zilan-Profilfoto-08-2025-246x246.png 246w, https:\/\/www.invest-con.com\/homepages\/investcon\/wp-content\/uploads\/2025\/08\/Kocer-Zilan-Profilfoto-08-2025-275x275.png 275w, https:\/\/www.invest-con.com\/homepages\/investcon\/wp-content\/uploads\/2025\/08\/Kocer-Zilan-Profilfoto-08-2025-70x70.png 70w, https:\/\/www.invest-con.com\/homepages\/investcon\/wp-content\/uploads\/2025\/08\/Kocer-Zilan-Profilfoto-08-2025-276x276.png 276w, https:\/\/www.invest-con.com\/homepages\/investcon\/wp-content\/uploads\/2025\/08\/Kocer-Zilan-Profilfoto-08-2025-125x125.png 125w, https:\/\/www.invest-con.com\/homepages\/investcon\/wp-content\/uploads\/2025\/08\/Kocer-Zilan-Profilfoto-08-2025-211x211.png 211w\" sizes=\"(max-width: 150px) 100vw, 150px\" \/><\/td>\n<\/tr>\n<tr>\n<td style=\"text-align: center;\"><\/td>\n<td style=\"text-align: center;\" width=\"&quot;214\">\n<p style=\"text-align: center;\">Frau Z. K\u00f6cer<\/p>\n<p><span style=\"font-size: 10px;\">Lehrling<\/span><\/td>\n<\/tr>\n<tr>\n<td><\/td>\n<td>\n<div style=\"text-align: center;\"><\/div>\n<\/td>\n<\/tr>\n<\/tbody>\n<\/table>\n<p>&nbsp;<\/p>\n<div dir=\"ltr\"><\/div>\n<p>&nbsp;<\/p>\n<h4><\/h4>\n<table style=\"height: 307px;\" width=\"433\">\n<tbody>\n<tr>\n<td width=\"214\"><\/td>\n<td width=\"214\"><\/td>\n<\/tr>\n<tr>\n<td style=\"text-align: center;\" width=\"214\"><\/td>\n<td style=\"text-align: center;\" width=\"214\"><\/td>\n<\/tr>\n<\/tbody>\n<\/table>\n<h4><\/h4>\n<table style=\"height: 210px;\" width=\"432\">\n<tbody>\n<tr>\n<td width=\"214\"><\/td>\n<td width=\"214\"><\/td>\n<\/tr>\n<tr>\n<td style=\"text-align: center;\" width=\"214\"><\/td>\n<td style=\"text-align: center;\" width=\"214\">&nbsp;<\/p>\n<p>&nbsp;<\/td>\n<\/tr>\n<\/tbody>\n<\/table>\n<h4><\/h4>\n<table style=\"height: 210px;\" width=\"432\">\n<tbody>\n<tr>\n<td width=\"214\"><\/td>\n<td width=\"214\"><\/td>\n<\/tr>\n<tr>\n<td style=\"text-align: center;\" width=\"214\"><\/td>\n<td style=\"text-align: center;\" width=\"214\">&nbsp;<\/p>\n<p>&nbsp;<\/td>\n<\/tr>\n<\/tbody>\n<\/table>\n<h3><\/h3>\n<h3><\/h3>\n","protected":false},"excerpt":{"rendered":"<p>Gesch\u00e4ftsf\u00fchrung: Herr U. B\u00f6heim Gesch\u00e4ftsf\u00fchrer Herr Mag. K. Frischmann Gesch\u00e4ftsf\u00fchrer DSGVO-Verantwortlicher Geldw\u00e4sche-Beauftragter Pressekontakt:\u00a0 \u00a0 \u00a0 \u00a0 \u00a0 \u00a0 \u00a0 \u00a0 &hellip; <\/p>\n","protected":false},"author":1,"featured_media":0,"parent":0,"menu_order":0,"comment_status":"closed","ping_status":"closed","template":"","meta":{"footnotes":""},"_links":{"self":[{"href":"https:\/\/www.invest-con.com\/homepages\/investcon\/wp-json\/wp\/v2\/pages\/563"}],"collection":[{"href":"https:\/\/www.invest-con.com\/homepages\/investcon\/wp-json\/wp\/v2\/pages"}],"about":[{"href":"https:\/\/www.invest-con.com\/homepages\/investcon\/wp-json\/wp\/v2\/types\/page"}],"author":[{"embeddable":true,"href":"https:\/\/www.invest-con.com\/homepages\/investcon\/wp-json\/wp\/v2\/users\/1"}],"replies":[{"embeddable":true,"href":"https:\/\/www.invest-con.com\/homepages\/investcon\/wp-json\/wp\/v2\/comments?post=563"}],"version-history":[{"count":70,"href":"https:\/\/www.invest-con.com\/homepages\/investcon\/wp-json\/wp\/v2\/pages\/563\/revisions"}],"predecessor-version":[{"id":3353,"href":"https:\/\/www.invest-con.com\/homepages\/investcon\/wp-json\/wp\/v2\/pages\/563\/revisions\/3353"}],"wp:attachment":[{"href":"https:\/\/www.invest-con.com\/homepages\/investcon\/wp-json\/wp\/v2\/media?parent=563"}],"curies":[{"name":"wp","href":"https:\/\/api.w.org\/{rel}","templated":true}]}}