{"id":534,"date":"2018-03-23T12:30:18","date_gmt":"2018-03-23T11:30:18","guid":{"rendered":"http:\/\/www.invest-con.com\/homepages\/investcon\/?page_id=534"},"modified":"2020-05-14T11:16:19","modified_gmt":"2020-05-14T09:16:19","slug":"team","status":"publish","type":"page","link":"https:\/\/www.invest-con.com\/homepages\/investcon\/team\/","title":{"rendered":"Team"},"content":{"rendered":"<figure id=\"attachment_690\" aria-describedby=\"caption-attachment-690\" style=\"width: 400px\" class=\"wp-caption alignleft\"><img decoding=\"async\" loading=\"lazy\" class=\"wp-image-690\" src=\"http:\/\/www.invest-con.com\/homepages\/investcon\/wp-content\/uploads\/2018\/04\/team_1523361600-1024x564.jpg\" alt=\"\" width=\"400\" height=\"220\" srcset=\"https:\/\/www.invest-con.com\/homepages\/investcon\/wp-content\/uploads\/2018\/04\/team_1523361600-1024x564.jpg 1024w, https:\/\/www.invest-con.com\/homepages\/investcon\/wp-content\/uploads\/2018\/04\/team_1523361600-300x165.jpg 300w, https:\/\/www.invest-con.com\/homepages\/investcon\/wp-content\/uploads\/2018\/04\/team_1523361600-768x423.jpg 768w, https:\/\/www.invest-con.com\/homepages\/investcon\/wp-content\/uploads\/2018\/04\/team_1523361600.jpg 1280w\" sizes=\"(max-width: 400px) 100vw, 400px\" \/><figcaption id=\"caption-attachment-690\" class=\"wp-caption-text\"><span style=\"font-size: 9px;\"><a href=\"https:\/\/pixabay.com\/users\/rawpixel\/\">rawpixel<\/a> \/ Pixabay<\/span><\/figcaption><\/figure>\n<p>Gemeinsam f\u00fcr den Kunden: Eine Finanzberatung ist anspruchsvoll. Anpassungsf\u00e4higkeit ist entscheidend, um der individuellen Sitauation des einzelnen Kunden gerecht zu werden. Daher arbeitet die Investcon mit Teams mit klaren Hierarchien und einem F\u00fchrungsverantwortlichen. Weiters nutzen wir die ganze St\u00e4rke unserer Expertise und unseres Netzwerks f\u00fcr unsere Kunden:<\/p>\n<table style=\"height: 93px;\" width=\"974\">\n<tbody>\n<tr>\n<td><a href=\"http:\/\/www.invest-con.com\/homepages\/investcon\/geschaeftsfuehrung\/\">Gesch\u00e4ftsf\u00fchrung &amp; Verwaltung<\/a><\/td>\n<td width=\"20px\"><\/td>\n<td><\/td>\n<td width=\"20px\"><\/td>\n<td><a href=\"https:\/\/www.invest-con.com\/homepages\/investcon\/1897-2\/\">Business Partners<\/a><\/td>\n<\/tr>\n<\/tbody>\n<\/table>\n","protected":false},"excerpt":{"rendered":"<p>Gemeinsam f\u00fcr den Kunden: Eine Finanzberatung ist anspruchsvoll. Anpassungsf\u00e4higkeit ist entscheidend, um der individuellen Sitauation des einzelnen Kunden gerecht zu &hellip; <\/p>\n","protected":false},"author":1,"featured_media":0,"parent":0,"menu_order":0,"comment_status":"closed","ping_status":"closed","template":"templates\/template-team.php","meta":{"footnotes":""},"_links":{"self":[{"href":"https:\/\/www.invest-con.com\/homepages\/investcon\/wp-json\/wp\/v2\/pages\/534"}],"collection":[{"href":"https:\/\/www.invest-con.com\/homepages\/investcon\/wp-json\/wp\/v2\/pages"}],"about":[{"href":"https:\/\/www.invest-con.com\/homepages\/investcon\/wp-json\/wp\/v2\/types\/page"}],"author":[{"embeddable":true,"href":"https:\/\/www.invest-con.com\/homepages\/investcon\/wp-json\/wp\/v2\/users\/1"}],"replies":[{"embeddable":true,"href":"https:\/\/www.invest-con.com\/homepages\/investcon\/wp-json\/wp\/v2\/comments?post=534"}],"version-history":[{"count":0,"href":"https:\/\/www.invest-con.com\/homepages\/investcon\/wp-json\/wp\/v2\/pages\/534\/revisions"}],"wp:attachment":[{"href":"https:\/\/www.invest-con.com\/homepages\/investcon\/wp-json\/wp\/v2\/media?parent=534"}],"curies":[{"name":"wp","href":"https:\/\/api.w.org\/{rel}","templated":true}]}}