{"id":3947,"date":"2023-08-18T11:35:45","date_gmt":"2023-08-18T09:35:45","guid":{"rendered":"https:\/\/www.invest-con.com\/homepages\/investcon\/?page_id=3947"},"modified":"2023-08-25T10:21:53","modified_gmt":"2023-08-25T08:21:53","slug":"vertriebspartner","status":"publish","type":"page","link":"https:\/\/www.invest-con.com\/homepages\/investcon\/vertriebspartner\/","title":{"rendered":"Vertriebspartner"},"content":{"rendered":"\r\n<p><strong>\u00a0<\/strong><\/p>\r\n\r\n\r\n\r\n<table class=\"wp-block-table\">\r\n<tbody>\r\n<tr>\r\n<td><img decoding=\"async\" loading=\"lazy\" class=\"wp-image-3970 size-thumbnail aligncenter\" src=\"https:\/\/www.invest-con.com\/homepages\/investcon\/wp-content\/uploads\/2023\/08\/Foto-150x150.jpg\" alt=\"\" width=\"150\" height=\"150\" srcset=\"https:\/\/www.invest-con.com\/homepages\/investcon\/wp-content\/uploads\/2023\/08\/Foto-150x150.jpg 150w, https:\/\/www.invest-con.com\/homepages\/investcon\/wp-content\/uploads\/2023\/08\/Foto-246x246.jpg 246w, https:\/\/www.invest-con.com\/homepages\/investcon\/wp-content\/uploads\/2023\/08\/Foto-275x275.jpg 275w, https:\/\/www.invest-con.com\/homepages\/investcon\/wp-content\/uploads\/2023\/08\/Foto-70x70.jpg 70w, https:\/\/www.invest-con.com\/homepages\/investcon\/wp-content\/uploads\/2023\/08\/Foto-276x276.jpg 276w, https:\/\/www.invest-con.com\/homepages\/investcon\/wp-content\/uploads\/2023\/08\/Foto-125x125.jpg 125w, https:\/\/www.invest-con.com\/homepages\/investcon\/wp-content\/uploads\/2023\/08\/Foto-211x211.jpg 211w\" sizes=\"(max-width: 150px) 100vw, 150px\" \/><\/td>\r\n<td>\u00a0<\/td>\r\n<\/tr>\r\n<tr>\r\n<td>\r\n<p style=\"text-align: center;\"><strong>Herr H. Schneider<\/strong><\/p>\r\n<p style=\"text-align: center;\">F\u00fcr Sie t\u00e4tig in Wien und Nieder\u00f6sterreich<\/p>\r\n<\/td>\r\n<td>\u00a0<\/td>\r\n<\/tr>\r\n<\/tbody>\r\n<\/table>\r\n<ul>\r\n<li>staatlich gepr\u00fcfter Verm\u00f6gensberater<\/li>\r\n<li>Versicherungsagentur und Verm\u00f6gensberatung sowie sonstige mit den Finanzdienstleistungen verbundenen T\u00e4tigkeiten<\/li>\r\n<li>Tr\u00e4ger des G\u00fctesiegels des Fachverbands Finanzdienstleister<\/li>\r\n<li>E-Mail: horst.schneider1@aon.at<\/li>\r\n<li>Tel.: 0699\/19411204<\/li>\r\n<\/ul>\r\n<p>Termine nach Vereinbarung<\/p>\r\n<p><a href=\"https:\/\/firmen.wko.at\/horst-schneider\/wien\/?firmaid=29280d24-6eb0-4671-9ac7-096dac20eb72&amp;suchbegriff=horst%20schneider\"><img decoding=\"async\" loading=\"lazy\" class=\"alignnone wp-image-3972 size-full alignleft\" src=\"https:\/\/www.invest-con.com\/homepages\/investcon\/wp-content\/uploads\/2023\/08\/wko.png\" alt=\"\" width=\"100\" height=\"51\" \/><\/a><\/p>\r\n\r\n\r\n\r\n<p>\u200b<\/p>\r\n\r\n\r\n\r\n<table class=\"wp-block-table\" width=\"502\">\r\n<tbody>\r\n<tr>\r\n<td>\u00a0<\/td>\r\n<td>\u00a0<\/td>\r\n<\/tr>\r\n<tr>\r\n<td>\u00a0<\/td>\r\n<td>\u00a0<\/td>\r\n<\/tr>\r\n<\/tbody>\r\n<\/table>\r\n<p>&nbsp;<\/p>\r\n\r\n\r\n\r\n<table class=\"wp-block-table\" width=\"502\">\r\n<tbody>\r\n<tr>\r\n<td>\u00a0<\/td>\r\n<td>\u00a0<\/td>\r\n<\/tr>\r\n<tr>\r\n<td>\u00a0<\/td>\r\n<td>\u00a0<\/td>\r\n<\/tr>\r\n<\/tbody>\r\n<\/table>\r\n<p>&nbsp;<\/p>\r\n\r\n\r\n\r\n<table class=\"wp-block-table\" width=\"496\">\r\n<tbody>\r\n<tr>\r\n<td>\u00a0<\/td>\r\n<td>\u00a0<\/td>\r\n<\/tr>\r\n<tr>\r\n<td>\u00a0<\/td>\r\n<td>\u00a0<\/td>\r\n<\/tr>\r\n<\/tbody>\r\n<\/table>\r\n\r\n\r\n\r\n<h3 class=\"wp-block-heading\">\u00a0<\/h3>\r\n\r\n\r\n\r\n\r\n\r\n<table class=\"wp-block-table\" width=\"582\">\r\n<tbody>\r\n<tr>\r\n<td>\u00a0<\/td>\r\n<td>\u00a0<\/td>\r\n<\/tr>\r\n<tr>\r\n<td>\u00a0<\/td>\r\n<td>\u00a0<\/td>\r\n<\/tr>\r\n<\/tbody>\r\n<\/table>\r\n\r\n\r\n\r\n<p>&nbsp;<\/p>\r\n\r\n\r\n\r\n<table class=\"wp-block-table\" width=\"612\">\r\n<tbody>\r\n<tr>\r\n<td>\u00a0<\/td>\r\n<td>\u00a0<\/td>\r\n<\/tr>\r\n<tr>\r\n<td>\u00a0<\/td>\r\n<td>\u00a0<\/td>\r\n<\/tr>\r\n<\/tbody>\r\n<\/table>\r\n\r\n\r\n\r\n<p>&nbsp;<\/p>\r\n<table class=\"wp-block-table\" width=\"614\">\r\n<tbody>\r\n<tr>\r\n<td>\u00a0<\/td>\r\n<td>\u00a0<\/td>\r\n<\/tr>\r\n<tr>\r\n<td>\u00a0<\/td>\r\n<td>\u00a0<\/td>\r\n<\/tr>\r\n<\/tbody>\r\n<\/table>\r\n<p>&nbsp;<\/p>\r\n\r\n\r\n\r\n<table class=\"wp-block-table\" width=\"628\">\r\n<tbody>\r\n<tr>\r\n<td>\u00a0<\/td>\r\n<td>\u00a0<\/td>\r\n<\/tr>\r\n<tr>\r\n<td>\u00a0<\/td>\r\n<td>\u00a0<\/td>\r\n<\/tr>\r\n<\/tbody>\r\n<\/table>\r\n<p>&nbsp;<\/p>\r\n<table class=\"wp-block-table\" width=\"269\">\r\n<tbody>\r\n<tr>\r\n<td>\u00a0<\/td>\r\n<td>\u00a0<\/td>\r\n<\/tr>\r\n<tr>\r\n<td>\u00a0<\/td>\r\n<td>\u00a0<\/td>\r\n<\/tr>\r\n<\/tbody>\r\n<\/table>\r\n\r\n<table class=\"wp-block-table\" width=\"269\">\r\n<tbody>\r\n<tr>\r\n<td>\u00a0<\/td>\r\n<td>\u00a0<\/td>\r\n<\/tr>\r\n<tr>\r\n<td>\u00a0<\/td>\r\n<td>\u00a0<\/td>\r\n<\/tr>\r\n<\/tbody>\r\n<\/table>","protected":false},"excerpt":{"rendered":"<p>\u00a0 \u00a0 Herr H. Schneider F\u00fcr Sie t\u00e4tig in Wien und Nieder\u00f6sterreich \u00a0 staatlich gepr\u00fcfter Verm\u00f6gensberater Versicherungsagentur und Verm\u00f6gensberatung sowie &hellip; <\/p>\n","protected":false},"author":1,"featured_media":0,"parent":0,"menu_order":0,"comment_status":"closed","ping_status":"closed","template":"","meta":{"footnotes":""},"_links":{"self":[{"href":"https:\/\/www.invest-con.com\/homepages\/investcon\/wp-json\/wp\/v2\/pages\/3947"}],"collection":[{"href":"https:\/\/www.invest-con.com\/homepages\/investcon\/wp-json\/wp\/v2\/pages"}],"about":[{"href":"https:\/\/www.invest-con.com\/homepages\/investcon\/wp-json\/wp\/v2\/types\/page"}],"author":[{"embeddable":true,"href":"https:\/\/www.invest-con.com\/homepages\/investcon\/wp-json\/wp\/v2\/users\/1"}],"replies":[{"embeddable":true,"href":"https:\/\/www.invest-con.com\/homepages\/investcon\/wp-json\/wp\/v2\/comments?post=3947"}],"version-history":[{"count":13,"href":"https:\/\/www.invest-con.com\/homepages\/investcon\/wp-json\/wp\/v2\/pages\/3947\/revisions"}],"predecessor-version":[{"id":3990,"href":"https:\/\/www.invest-con.com\/homepages\/investcon\/wp-json\/wp\/v2\/pages\/3947\/revisions\/3990"}],"wp:attachment":[{"href":"https:\/\/www.invest-con.com\/homepages\/investcon\/wp-json\/wp\/v2\/media?parent=3947"}],"curies":[{"name":"wp","href":"https:\/\/api.w.org\/{rel}","templated":true}]}}