{"id":3807,"date":"2023-03-17T08:52:37","date_gmt":"2023-03-17T07:52:37","guid":{"rendered":"https:\/\/www.invest-con.com\/homepages\/investcon\/?page_id=3807"},"modified":"2025-05-26T13:04:15","modified_gmt":"2025-05-26T11:04:15","slug":"finance-award-2023","status":"publish","type":"page","link":"https:\/\/www.invest-con.com\/homepages\/investcon\/finance-award-2023\/","title":{"rendered":"Finance Award 2025"},"content":{"rendered":"<p id=\"block-11fd433b-4773-4c73-b79f-40989f288bf7\">Invest-Con schreibt gemeinsam mit der Johannes-Kepler-Universit\u00e4t den \u201eInvest-Con Finance Award\u201c aus. Der Preis wird f\u00fcr herausragende Bachelor- und Master-Arbeiten sowie f\u00fcr Dissertationen in den Bereichen CSR, Finance sowie Controlling vergeben. Der Wissenschaftspreis wird alle zwei Jahre in Ober\u00f6sterreich ausgeschrieben.<\/p>\n<p><img decoding=\"async\" loading=\"lazy\" class=\"alignnone size-full wp-image-3810\" src=\"https:\/\/www.invest-con.com\/homepages\/investcon\/wp-content\/uploads\/2023\/03\/JKU-Logo-300x150-1.jpg\" alt=\"\" width=\"300\" height=\"150\" \/><\/p>\n<p id=\"block-858963f1-6e3b-4c1d-9692-f26eb00c1988\">Zeitraum:<br \/>\nDie Ausschreibung startet im <strong>M\u00e4rz 2025<\/strong> und l\u00e4uft <strong>bis 30. November 2025.<br \/>\n<\/strong><\/p>\n<div class=\"is-layout-flex wp-container-6 wp-block-columns\">\n<div class=\"is-layout-flow wp-block-column\">\n<p>Fachjury<\/p>\n<p>Unter dem Vorsitz von<br \/>\n<a href=\"https:\/\/www.jku.at\/institut-fuer-volkswirtschaftslehre\/team\/schneider-friedrich\/\">em.Prof. Dr. Friedrich Schneider<\/a> &#8211; <span style=\"font-size: 13px;\">em.Univ.Prof. der Abteilung f\u00fcr Wirtschaftspolitik Forschungsinstitut f\u00fcr Bankwesen<\/span><\/p>\n<p>begutachten<br \/>\n<a href=\"https:\/\/www.jku.at\/institut-fuer-management-accounting\/ueber-uns\/team\/dorothea-greiling\/\">Univ.Prof. Dr. Dorothea Greiling <\/a>\u00a0&#8211; <label><\/label><span style=\"font-size: 13px;\">Professur und Vorstand des Institutes f\u00fcr Management Accounting der Johannes Kepler Universit\u00e4t Linz<\/span><br \/>\n<a href=\"https:\/\/www.jku.at\/institut-fuer-betriebliche-finanzwirtschaft\/ueber-uns\/team\/univ-prof-dr-teodoro-d-cocca\/\">Univ.Prof. Dr. Theodore\u00a0Cocca<\/a> &#8211; <span style=\"font-size: 13px;\">Stv. Institutsvorstand und Leiter der Abteilung f\u00fcr Asset Management<\/span><br \/>\n<a href=\"https:\/\/www.jku.at\/institut-fuer-betriebliche-finanzwirtschaft\/ueber-uns\/team\/team-corporate-finance\/helmut-pernsteiner\/\">Univ. Prof. Dr. Helmut\u00a0Pernsteiner<\/a> &#8211; <span style=\"font-size: 13px;\">Institutsvorstand und Abteilungsleiter<\/span><br \/>\nder Johannes-Kepler-Universit\u00e4t Linz und<\/p>\n<p><a href=\"https:\/\/www.invest-con.com\/homepages\/investcon\/geschaeftsfuehrung\/dr-bernhard-hofer-pressekontakt\/\">Mag. Dr. Bernhard Hofer<\/a> &#8211; <span style=\"font-size: 13px;\">Pr\u00e4sident von itrans-Gesellschaft f\u00fcr Wissenstransfer und stellvertretender Pr\u00e4sident beim \u00d6sterreichischen Forschungsinstitut f\u00fcr Religion, Ethik und Weltanschauung.<\/span><br \/>\nder INVEST-CON die eingereichten Arbeiten.<\/p>\n<p id=\"block-dc7056d3-65a5-410d-b110-ccfd5da6e439\" class=\"has-text-align-center\">Zur Bewerbung ben\u00f6tigen Sie:<\/p>\n<p>\u2022\u00a0Printversion der Arbeit<br \/>\n\u2022 Nachweis der Benotung<br \/>\n\u2022\u00a0aktuellen Lebenslauf<\/p>\n<p id=\"block-dc7056d3-65a5-410d-b110-ccfd5da6e439\" class=\"has-text-align-center\">Die Preisvergabe erfolgt im <strong>Fr\u00fchjahr 2026<\/strong><\/p>\n<\/div>\n<p><a href=\"http:\/\/award.invest-con.at\/\">MEHR DAZU AUF DER HOMEPAGE<\/a><\/p>\n<p><a href=\"https:\/\/www.jku.at\/forschungsinstitut-fuer-bankwesen\/preisausschreibungen\/invest-con-finance-award\/\">ODER AUF DER HOMEPAGE DER JKU<\/a><\/p>\n<\/div>\n","protected":false},"excerpt":{"rendered":"<p>Invest-Con schreibt gemeinsam mit der Johannes-Kepler-Universit\u00e4t den \u201eInvest-Con Finance Award\u201c aus. Der Preis wird f\u00fcr herausragende Bachelor- und Master-Arbeiten sowie &hellip; <\/p>\n","protected":false},"author":1,"featured_media":0,"parent":0,"menu_order":0,"comment_status":"closed","ping_status":"closed","template":"","meta":{"footnotes":""},"_links":{"self":[{"href":"https:\/\/www.invest-con.com\/homepages\/investcon\/wp-json\/wp\/v2\/pages\/3807"}],"collection":[{"href":"https:\/\/www.invest-con.com\/homepages\/investcon\/wp-json\/wp\/v2\/pages"}],"about":[{"href":"https:\/\/www.invest-con.com\/homepages\/investcon\/wp-json\/wp\/v2\/types\/page"}],"author":[{"embeddable":true,"href":"https:\/\/www.invest-con.com\/homepages\/investcon\/wp-json\/wp\/v2\/users\/1"}],"replies":[{"embeddable":true,"href":"https:\/\/www.invest-con.com\/homepages\/investcon\/wp-json\/wp\/v2\/comments?post=3807"}],"version-history":[{"count":14,"href":"https:\/\/www.invest-con.com\/homepages\/investcon\/wp-json\/wp\/v2\/pages\/3807\/revisions"}],"predecessor-version":[{"id":4306,"href":"https:\/\/www.invest-con.com\/homepages\/investcon\/wp-json\/wp\/v2\/pages\/3807\/revisions\/4306"}],"wp:attachment":[{"href":"https:\/\/www.invest-con.com\/homepages\/investcon\/wp-json\/wp\/v2\/media?parent=3807"}],"curies":[{"name":"wp","href":"https:\/\/api.w.org\/{rel}","templated":true}]}}