{"id":3747,"date":"2023-01-17T10:09:43","date_gmt":"2023-01-17T09:09:43","guid":{"rendered":"https:\/\/www.invest-con.com\/homepages\/investcon\/?page_id=3747"},"modified":"2023-01-17T10:09:43","modified_gmt":"2023-01-17T09:09:43","slug":"herr-c-pitnauer-senior-consulter","status":"publish","type":"page","link":"https:\/\/www.invest-con.com\/homepages\/investcon\/herr-c-pitnauer-senior-consulter\/","title":{"rendered":"Herr C. Pitnauer, Senior Consulter"},"content":{"rendered":"<p><img decoding=\"async\" loading=\"lazy\" class=\"wp-image-3748 alignleft\" src=\"https:\/\/www.invest-con.com\/homepages\/investcon\/wp-content\/uploads\/2023\/01\/BM7D9634-150x150.jpg\" alt=\"\" width=\"200\" height=\"200\" srcset=\"https:\/\/www.invest-con.com\/homepages\/investcon\/wp-content\/uploads\/2023\/01\/BM7D9634-150x150.jpg 150w, https:\/\/www.invest-con.com\/homepages\/investcon\/wp-content\/uploads\/2023\/01\/BM7D9634-246x246.jpg 246w, https:\/\/www.invest-con.com\/homepages\/investcon\/wp-content\/uploads\/2023\/01\/BM7D9634-275x275.jpg 275w, https:\/\/www.invest-con.com\/homepages\/investcon\/wp-content\/uploads\/2023\/01\/BM7D9634-70x70.jpg 70w, https:\/\/www.invest-con.com\/homepages\/investcon\/wp-content\/uploads\/2023\/01\/BM7D9634-276x276.jpg 276w, https:\/\/www.invest-con.com\/homepages\/investcon\/wp-content\/uploads\/2023\/01\/BM7D9634-125x125.jpg 125w, https:\/\/www.invest-con.com\/homepages\/investcon\/wp-content\/uploads\/2023\/01\/BM7D9634-211x211.jpg 211w\" sizes=\"(max-width: 200px) 100vw, 200px\" \/><\/p>\n<div class=\"clearfix rara-row\"><div class=\"rara_column rara-span3\"><ul>\n<li>staatlich gepr\u00fcfter Wertpapiervermittler<\/li>\n<li>angestellter der Invest-con Finanzconsulting GmbH<\/li>\n<li>Email: office.wien@invest-con.com<\/li>\n<li>Tel.: +43 732 302075-0<\/li>\n<li>Fax: +43 732 302075-20<\/li>\n<\/ul>\n<p>&nbsp;<\/p><\/div>\n<div class=\"rara_column rara-span3\"><\/div><\/div>\n<p>Termine nach Vereinbarung<\/p>\n<p style=\"text-align: left;\"><img decoding=\"async\" loading=\"lazy\" class=\"wp-image-3253 size-full alignnone\" src=\"https:\/\/www.invest-con.com\/homepages\/investcon\/wp-content\/uploads\/2021\/05\/1517940481.gif\" alt=\"\" width=\"169\" height=\"23\" \/><\/p>\n<p>&nbsp;<\/p>\n<p><em>Alter: 59<\/em><\/p>\n<p><em>Stand:\u00a0 ledig, 3 erwachsene T\u00f6chter<\/em><\/p>\n<p><em>Lieblingsgericht: gute Wiener K\u00fcche<\/em><\/p>\n<p><em>Hobby: Fu\u00dfball (schauen)<\/em><\/p>\n<p>&nbsp;<\/p>\n<p><strong>Herr Pitnauer, wie sind Sie eigentlich zu INVESTCON gekommen?<\/strong><\/p>\n<p><em>Durch einen Freund und Kollegen von der Wiener St\u00e4dtischen, der mich der INVESTCON empfohlen hat. Er meinte das die Art wie ich arbeite genau den Anforderungen der INVESTCON entspr\u00e4che.<\/em><\/p>\n<p>&nbsp;<\/p>\n<p><strong>Wenn Sie INVESTCON und die Mitbewerber vergleichen \u2013 wodurch zeichnet sich Ihrer Meinung nach INVESTCON besonders aus?<\/strong><\/p>\n<p><em>Durch den Faktor Mensch. W\u00e4hrend die Mitbewerber nur das \u201eProdukt Mensch\u201c sieht und ihm nur ein Produkt verkaufen m\u00f6chte, steht bei INVESTCON der Mensch an sich im Vordergrund, <u>seine<\/u> W\u00fcnsche, Ziele und Bed\u00fcrfnisse.<\/em><\/p>\n<p><strong><em>\u00a0<\/em><\/strong><\/p>\n<p><strong>Was ist f\u00fcr Sie pers\u00f6nlich Erfolg?<\/strong><\/p>\n<p><em>Die Freiheit, das Leben zu leben das man sich w\u00fcnscht und nicht nach der H\u00f6he seines Kontostandes.<\/em><\/p>\n<p><strong><em>\u00a0<\/em><\/strong><\/p>\n<p><strong>Standen Sie schon einmal vor einer Aufgabe, die Sie nicht sofort l\u00f6sen konnten? Wie hatten Sie reagiert?<\/strong><\/p>\n<p><em>Ja schon oft. Ich bete um F\u00fchrung und Unterst\u00fctzung. Dann stelle ich das F\u00fcr und Wider gegen\u00fcber.<\/em><\/p>\n<p><strong><em>\u00a0<\/em><\/strong><\/p>\n<p><strong>Was sind Ihrer Meinung nach die wichtigsten F\u00e4higkeiten, die jemand haben muss, um in der Finanzbranche erfolgreich zu werden?<\/strong><\/p>\n<p><em>Der Wunsch Menschen zu helfen, keine Scheu vor Menschen haben und die Bereitschaft sich immer weiterzubilden.<\/em><\/p>\n<p><strong><em>\u00a0<\/em><\/strong><\/p>\n<p><strong>Und wie lautet Ihr pers\u00f6nlicher Wunsch f\u00fcr 2023?<\/strong><\/p>\n<p><em>Nach zwei Operationen Im Jahr 2022 ist mein Wunsch f\u00fcr 2023, gesund, mit viel Elan und in alter St\u00e4rken wieder durchzustarten<\/em><\/p>\n<p>&nbsp;<\/p>\n","protected":false},"excerpt":{"rendered":"<p>Termine nach Vereinbarung &nbsp; Alter: 59 Stand:\u00a0 ledig, 3 erwachsene T\u00f6chter Lieblingsgericht: gute Wiener K\u00fcche Hobby: Fu\u00dfball (schauen) &nbsp; Herr &hellip; <\/p>\n","protected":false},"author":1,"featured_media":0,"parent":0,"menu_order":0,"comment_status":"closed","ping_status":"closed","template":"","meta":{"footnotes":""},"_links":{"self":[{"href":"https:\/\/www.invest-con.com\/homepages\/investcon\/wp-json\/wp\/v2\/pages\/3747"}],"collection":[{"href":"https:\/\/www.invest-con.com\/homepages\/investcon\/wp-json\/wp\/v2\/pages"}],"about":[{"href":"https:\/\/www.invest-con.com\/homepages\/investcon\/wp-json\/wp\/v2\/types\/page"}],"author":[{"embeddable":true,"href":"https:\/\/www.invest-con.com\/homepages\/investcon\/wp-json\/wp\/v2\/users\/1"}],"replies":[{"embeddable":true,"href":"https:\/\/www.invest-con.com\/homepages\/investcon\/wp-json\/wp\/v2\/comments?post=3747"}],"version-history":[{"count":35,"href":"https:\/\/www.invest-con.com\/homepages\/investcon\/wp-json\/wp\/v2\/pages\/3747\/revisions"}],"predecessor-version":[{"id":3783,"href":"https:\/\/www.invest-con.com\/homepages\/investcon\/wp-json\/wp\/v2\/pages\/3747\/revisions\/3783"}],"wp:attachment":[{"href":"https:\/\/www.invest-con.com\/homepages\/investcon\/wp-json\/wp\/v2\/media?parent=3747"}],"curies":[{"name":"wp","href":"https:\/\/api.w.org\/{rel}","templated":true}]}}