{"id":3373,"date":"2021-09-28T09:58:15","date_gmt":"2021-09-28T07:58:15","guid":{"rendered":"https:\/\/www.invest-con.com\/homepages\/investcon\/?page_id=3373"},"modified":"2025-04-30T15:59:03","modified_gmt":"2025-04-30T13:59:03","slug":"kanzlei-maurer-hauptplatz-23-bezirk","status":"publish","type":"page","link":"https:\/\/www.invest-con.com\/homepages\/investcon\/kanzlei-maurer-hauptplatz-23-bezirk\/","title":{"rendered":"Kanzlei Maurer Hauptplatz &#8211; 23. Bezirk"},"content":{"rendered":"<header id=\"masthead\" role=\"banner\">\n<div>\n<div>\n<nav id=\"site-navigation\" role=\"navigation\">\n<div>\n<h3>INVEST-CON \u00a0 Maurer Hauptplatz | 23. Bezirk:<\/h3>\n<\/div>\n<p>Adresse: Endresstra\u00dfe 112, 1230 Wien<\/p>\n<p>E-Mail: office.wien23@invest-con.com<\/p>\n<\/nav>\n<\/div>\n<\/div>\n<\/header>\n<p>&nbsp;<\/p>\n<p>.<iframe loading=\"lazy\" style=\"border: 0;\" src=\"https:\/\/www.google.com\/maps\/embed?pb=!1m18!1m12!1m3!1d2661.81847923521!2d16.263385415885214!3d48.15230465811364!2m3!1f0!2f0!3f0!3m2!1i1024!2i768!4f13.1!3m3!1m2!1s0x476da63982fe3763%3A0x31dd9d3a187baf39!2sEndresstra%C3%9Fe%20112%2C%201230%20Wien!5e0!3m2!1sde!2sat!4v1632813773563!5m2!1sde!2sat\" width=\"600\" height=\"450\" allowfullscreen=\"allowfullscreen\"><\/iframe><\/p>\n<p>&nbsp;<\/p>\n<p>Direkt an der Grenze zum Speckg\u00fcrtel bei dem sch\u00f6nen Weinbaugebiet in Perchtoldsdorf und doch in der gr\u00f6\u00dften Stadt \u00d6sterreichs, haben wir mit September 2021 eine weitere Kanzlei er\u00f6ffnet!<\/p>\n<p>In der N\u00e4he der bekannten \u201eWotrubakirche\u201c in Mauer bei Wien, bestens auch von M\u00f6dling und Baden erreichbar, d\u00fcrfen wir unsere Klientinnen und Klienten in der Endresstra\u00dfe 112, 1230 Wien begr\u00fc\u00dfen.<\/p>\n<div><\/div>\n<div><\/div>\n","protected":false},"excerpt":{"rendered":"<p>INVEST-CON \u00a0 Maurer Hauptplatz | 23. Bezirk: Adresse: Endresstra\u00dfe 112, 1230 Wien E-Mail: office.wien23@invest-con.com &nbsp; . &nbsp; Direkt an der &hellip; <\/p>\n","protected":false},"author":1,"featured_media":0,"parent":0,"menu_order":0,"comment_status":"closed","ping_status":"closed","template":"","meta":{"footnotes":""},"_links":{"self":[{"href":"https:\/\/www.invest-con.com\/homepages\/investcon\/wp-json\/wp\/v2\/pages\/3373"}],"collection":[{"href":"https:\/\/www.invest-con.com\/homepages\/investcon\/wp-json\/wp\/v2\/pages"}],"about":[{"href":"https:\/\/www.invest-con.com\/homepages\/investcon\/wp-json\/wp\/v2\/types\/page"}],"author":[{"embeddable":true,"href":"https:\/\/www.invest-con.com\/homepages\/investcon\/wp-json\/wp\/v2\/users\/1"}],"replies":[{"embeddable":true,"href":"https:\/\/www.invest-con.com\/homepages\/investcon\/wp-json\/wp\/v2\/comments?post=3373"}],"version-history":[{"count":11,"href":"https:\/\/www.invest-con.com\/homepages\/investcon\/wp-json\/wp\/v2\/pages\/3373\/revisions"}],"predecessor-version":[{"id":4293,"href":"https:\/\/www.invest-con.com\/homepages\/investcon\/wp-json\/wp\/v2\/pages\/3373\/revisions\/4293"}],"wp:attachment":[{"href":"https:\/\/www.invest-con.com\/homepages\/investcon\/wp-json\/wp\/v2\/media?parent=3373"}],"curies":[{"name":"wp","href":"https:\/\/api.w.org\/{rel}","templated":true}]}}