{"id":3202,"date":"2021-03-10T13:13:15","date_gmt":"2021-03-10T12:13:15","guid":{"rendered":"https:\/\/www.invest-con.com\/homepages\/investcon\/?page_id=3202"},"modified":"2026-03-10T14:30:45","modified_gmt":"2026-03-10T13:30:45","slug":"invest-con-und-nachhaltigkeit-offenlegungsvo-eu-2019-2088","status":"publish","type":"page","link":"https:\/\/www.invest-con.com\/homepages\/investcon\/finanzconsulting\/ethik-esgfonds\/invest-con-und-nachhaltigkeit-offenlegungsvo-eu-2019-2088\/","title":{"rendered":"INVEST-CON UND NACHHALTIGKEIT &#8211; Offenlegungsverordnung (EU-2019\/2088)"},"content":{"rendered":"<p><strong>INVEST-CON UND NACHHALTIGKEIT<\/strong><\/p>\n<p>Invest-con war schon immer bem\u00fcht im Rahmen der Gesch\u00e4ftst\u00e4tigkeit sowohl auf nachhaltiges Wirtschaften des Unternehmens als auch auf nachhaltiges Investieren seiner Kunden Wert zu legen und wird somit nunmehr auch in Zukunft verst\u00e4rkt auf die Vermeidung von Nachhaltigkeitsrisiken in allen Gesch\u00e4ftsprozessen f\u00fcr das Unternehmen, seinen Partnern und Kunden Wert legen.<\/p>\n<p>Invest-con beobachtet tats\u00e4chliche oder potenziell wesentliche negative Auswirkungen von Nachhaltigkeitsrisiken auf die Anlageberatungst\u00e4tigkeit sowie auf die Verm\u00f6gens-, Finanz- und Ertragslage und die Reputation des Unternehmens laufend im Rahmen seiner \u00fcblichen Risikomanagementstrategie (Risk Management) und kann ggf. zeitnah auf potenziell eintretende Risiken reagieren, derzeit sind aber keine \u00fcber das normale Niveau hinausgehende potenziell wesentliche negative Auswirkungen von Nachhaltigkeitsrisiken auf die Anlageberatungst\u00e4tigkeit noch auf die Verm\u00f6gens-, Finanz- und Ertragslage sowie die Reputation des Unternehmens erkennbar.<\/p>\n<p>&nbsp;<\/p>\n<p><strong>Was sind Nachhaltigkeitsrisiken?<\/strong><\/p>\n<p>Nachhaltigkeitsrisiken sind Ereignisse oder Bedingungen in den Bereichen Umwelt (<strong>E<\/strong>nvironment), Soziales (<strong>S<\/strong>ocial) oder Unternehmensf\u00fchrung (<strong>G<\/strong>overnance) (<strong>ESG<\/strong>), deren Eintreten tats\u00e4chlich oder potentiell wesentliche negative Auswirkungen auf den zuk\u00fcnftigen Wert der Investition haben k\u00f6nnten.<\/p>\n<p>Diese Risiken k\u00f6nnen einzelne Unternehmen genauso wie ganze Branchen oder Regionen betreffen.<\/p>\n<p><strong>Was gibt es f\u00fcr Beispiele f\u00fcr Nachhaltigkeitsrisiken in den drei Bereichen?<\/strong><\/p>\n<ul>\n<li><strong>Umwelt<\/strong>: Eine \u00c4nderung der Klimafolgen kann massive Auswirkungen auf die Landwirtschaft und die Tourismusbranche haben und dementsprechende Umsatzeinbu\u00dfen nach sich ziehen.<\/li>\n<li><strong>Soziales<\/strong>: Im Bereich des Sozialen k\u00f6nnten sich Risiken zum Beispiel aus der Nichteinhaltung von arbeitsrechtlichen Standards oder des Gesundheitsschutzes ergeben.<\/li>\n<li><strong>Unternehmensf\u00fchrung<\/strong>: Beispiele f\u00fcr Risiken im Bereich der Unternehmensf\u00fchrung sind etwa die Nichteinhaltung der Umweltvorschriften, der Steuerehrlichkeit oder Korruption in Unternehmen.<\/li>\n<\/ul>\n<p>&nbsp;<\/p>\n<p><strong>Information zur Einbeziehung von Nachhaltigkeitsrisiken bei der Beratungs\u00adt\u00e4tigkeit (SFDR):<\/strong><\/p>\n<p>Um Nachhaltigkeitsrisiken bei der Beratung einzubeziehen, werden im Rahmen der Auswahl von Anbietern (Finanzmarktteilnehmern) und deren Finanzprodukten deren zur Verf\u00fcgung gestellte Informationen ber\u00fccksichtigt.<\/p>\n<p>Als INVEST-CON beziehen wir die Informationen \u00fcber die Nachhaltigkeit in Finanzinstrumenten aus den offengelegten Informationen der jeweiligen Produkthersteller, z.B. aus den regelm\u00e4\u00dfigen Berichten zu den Finanzinstrumenten. Diese sind auch f\u00fcr Sie, z.B. auf den jeweiligen Internetseiten der Produktanbieter, einsehbar. Dort finden Sie unter anderem eine Beschreibung der \u00f6kologischen oder sozialen Merkmale oder des nachhaltigen Investitionsziels, Angaben zu den Methoden, die angewandt werden, um die \u00f6kologischen oder sozialen Merkmale der f\u00fcr das Finanzprodukt ausgew\u00e4hlten nachhaltigen Investitionen zu bewerten, zu messen und zu \u00fcberwachen sowie Informationen \u00fcber die wichtigsten nachteiligen Auswirkungen auf die Nachhaltigkeitsfaktoren von Finanzinstrumenten. Bedenken Sie, dass es sich dabei um Informationen handeln kann, die sich auf Zeitr\u00e4ume beziehen, die in der Vergangenheit liegen.<\/p>\n<p>Anbieter, die erkennbar keine Strategie zur Einbeziehung von Nachhaltigkeitsrisiken in ihre Investitionsentscheidungen haben, werden eventuell nicht angeboten. Im Rahmen der Beratung wird gegebenenfalls gesondert dargestellt, wenn die Ber\u00fccksichtigung der Nach\u00adhaltigkeitsrisiken bei der Investmententscheidung erkennbare Vor- bzw. Nachteile f\u00fcr den Kunden bedeuten.<\/p>\n<p>\u00dcber die Ber\u00fccksichtigung von Nachhaltigkeitsrisiken bei Investitionsentscheidungen des jeweiligen Anbieters informiert dieser mit seinen vorvertraglichen Informationen. Fragen dazu kann der Kunde im Vorfeld eines m\u00f6glichen Abschlusses ansprechen. Grunds\u00e4tzlich wird auch in Bezug auf Nachhaltigkeitsrisiken eine m\u00f6glichst breite Streuung (Diversifi\u00adzierung) der Anlage in Finanzprodukte oder ggf. auch innerhalb eines Finanzproduktes empfohlen.<\/p>\n<p>&nbsp;<\/p>\n<p><strong>Information zur Ber\u00fccksichtigung nachteiliger Auswirkungen auf Nach\u00adhaltig\u00adkeitsfaktoren (principal adverse impacts, PAI, Art. 4 SFDR):<\/strong><\/p>\n<p><strong><em>INVEST-CON f\u00fchlt sich in seiner Gesch\u00e4ftst\u00e4tigkeit generellen \u00f6kologischen, sozialen und klimafreundlichen Werten verbunden, bezieht die wichtigsten nachteiligen Auswirkungen von Investitionsentscheidungen auf Nachhaltigkeitsfaktoren (als Finanzmarktteilnehmer bei der ggf. erbrachten Anlageberatung) in Anbetracht der Art und des Umfangs seiner T\u00e4tigkeiten im strengen Sinne der Disclosure-Verordnung\u00a0<u>nicht<\/u>\u00a0ein, da die dazu notwendigen Finanzprodukte und Finanzinstrumente, welche die Bestimmungen der Disclosure-Verordnung hinsichtlich offenzulegenden Informationen vollinhaltlich erf\u00fcllen, nur eingeschr\u00e4nkt zur Verf\u00fcgung stehen und es dem Unternehmen daher nicht m\u00f6glich ist, die Dienstleistung der Anlageberatung nachhaltig im Sinne der Disclosure-Verordnung zu erbringen.<\/em><\/strong><\/p>\n<p>&nbsp;<\/p>\n<p><strong>Verg\u00fctungspolitik und Nachhaltigkeit <\/strong><strong>(Art. 5 SFDR)<\/strong><strong>:<\/strong><\/p>\n<p>INVEST-CON verf\u00fcgt \u00fcber eine Verg\u00fctungspolitik, die u.a. zum Ziel hat, Interessenkonflikte im Zusammenhang mit Verg\u00fctungen unserer MitarbeiterInnen bestm\u00f6glich zu verhindern. Die Verg\u00fctungspolitik entspricht aber auch dem Nachhaltigkeitsgedanken: Sie enth\u00e4lt keinerlei Regelungen, die nicht in Einklang mit unserem Umgang mit dem Thema Nachhaltigkeit und insbesondere mit unserer Strategie zur Einbeziehung von Nachhaltigkeitsrisiken st\u00fcnden.<\/p>\n<p>Verg\u00fctungen d\u00fcrfen nicht in einer Weise gew\u00e4hrt werden bzw. bestehen, die den Anforderungen an Nachhaltigen Investments zuwiderlaufen. Die Verg\u00fctungsstruktur darf keine \u00fcberm\u00e4\u00dfige Risikobereitschaft in Bezug auf Nachhaltigkeitsrisiken beg\u00fcnstigen und darf keinen Interessenskonflikt bei der Leistungserbringung von Mitarbeitern im Rahmen von Nachhaltigen Investments hervorrufen.\u201c<\/p>\n<p>Die Verg\u00fctung des Unternehmens und seiner Berater f\u00fcr die Vermittlung von Finanzinstrumenten wird derzeit nicht von nachhaltigen Merkmalen oder Eigenschaften ihrer Zielinvestments beeinflusst. Wir werden den Markt auch dahingehend sorgf\u00e4ltig beobachten, um etwaige \u00c4nderungen von gesetzlicher Seite oder bezogen auf Kundenpr\u00e4ferenzen proaktiv zu antizipieren. Die Verg\u00fctung f\u00fcr die Vermittlung von Finanzprodukten wird dement\u00adsprechend derzeit nicht von den jeweiligen Nachhaltigkeitsrisiken beeinflusst.<\/p>\n","protected":false},"excerpt":{"rendered":"<p>INVEST-CON UND NACHHALTIGKEIT Invest-con war schon immer bem\u00fcht im Rahmen der Gesch\u00e4ftst\u00e4tigkeit sowohl auf nachhaltiges Wirtschaften des Unternehmens als auch &hellip; <\/p>\n","protected":false},"author":1,"featured_media":0,"parent":102,"menu_order":0,"comment_status":"closed","ping_status":"closed","template":"","meta":{"footnotes":""},"_links":{"self":[{"href":"https:\/\/www.invest-con.com\/homepages\/investcon\/wp-json\/wp\/v2\/pages\/3202"}],"collection":[{"href":"https:\/\/www.invest-con.com\/homepages\/investcon\/wp-json\/wp\/v2\/pages"}],"about":[{"href":"https:\/\/www.invest-con.com\/homepages\/investcon\/wp-json\/wp\/v2\/types\/page"}],"author":[{"embeddable":true,"href":"https:\/\/www.invest-con.com\/homepages\/investcon\/wp-json\/wp\/v2\/users\/1"}],"replies":[{"embeddable":true,"href":"https:\/\/www.invest-con.com\/homepages\/investcon\/wp-json\/wp\/v2\/comments?post=3202"}],"version-history":[{"count":9,"href":"https:\/\/www.invest-con.com\/homepages\/investcon\/wp-json\/wp\/v2\/pages\/3202\/revisions"}],"predecessor-version":[{"id":4400,"href":"https:\/\/www.invest-con.com\/homepages\/investcon\/wp-json\/wp\/v2\/pages\/3202\/revisions\/4400"}],"up":[{"embeddable":true,"href":"https:\/\/www.invest-con.com\/homepages\/investcon\/wp-json\/wp\/v2\/pages\/102"}],"wp:attachment":[{"href":"https:\/\/www.invest-con.com\/homepages\/investcon\/wp-json\/wp\/v2\/media?parent=3202"}],"curies":[{"name":"wp","href":"https:\/\/api.w.org\/{rel}","templated":true}]}}