{"id":3184,"date":"2021-02-09T10:55:43","date_gmt":"2021-02-09T09:55:43","guid":{"rendered":"https:\/\/www.invest-con.com\/homepages\/investcon\/?page_id=3184"},"modified":"2021-10-25T11:21:14","modified_gmt":"2021-10-25T09:21:14","slug":"benefits","status":"publish","type":"page","link":"https:\/\/www.invest-con.com\/homepages\/investcon\/benefits\/","title":{"rendered":"Benefits"},"content":{"rendered":"<h3><strong><em>Ihre Annehmlichkeiten auf einem Blick!<\/em><\/strong><\/h3>\n<p>&nbsp;<\/p>\n<ul>\n<li><strong>Sehr gute Verkehrsanbindungen\u00a0<\/strong><br \/>\nUnsere Zentrale in Linz in der Neuen Heimat,\u00a0 ist nur 8 Autominuten vom Bahnhof Linz und nur eine Minute von der Ab- bzw. Auffahrt der Autobahn entfernt. In ca. 3 Gehminuten erreichen Sie eine Reihe von Buslinien!<br \/>\nBei unseren Kanzleien in Wien, stehen Ihnen Stra\u00dfenbahnen, S-Bahnen und U-Bahnen zur Verf\u00fcgung. Wie rasch Sie zu unseren diversen Kanzleien kommen, k\u00f6nnen Sie auf unserer Homepage unter <a href=\"https:\/\/www.invest-con.com\/homepages\/investcon\/kontakt\/standorte\/\">Standorte<\/a> herausfinden!<\/li>\n<\/ul>\n<p>&nbsp;<\/p>\n<ul>\n<li><strong>Aus- und Weiterbildung<\/strong><br \/>\nTrainings, Workshops, (staatlich anerkannte und zertifizierte) Seminare, Tagungen und Konferenzen, sowie Inhouse-Schulungen in unserem eigenen R\u00e4umlichkeiten mit M\u00f6glichkeit der Video\u00fcbertragung zu anderen Standorten, sind Teil unseres Bildungsangebotes. Weitere Info zu unserer Aus- und Weiterbild finden Sie <a href=\"http:\/\/www.primustrust.at\/schulungen\/\">hier.<\/a><\/li>\n<\/ul>\n<p>&nbsp;<\/p>\n<p><strong>Work-Life-Balance<\/strong><\/p>\n<ul>\n<li><strong>Flexible Arbeitszeiten<\/strong><br \/>\nUnser flexibles Arbeitszeitmodell sowie eine optimale Planung erlauben es einer Vielzahl unserer Gesch\u00e4ftspartnerInnen, ihr Studium oder ihren Familienalltag unter einen Hut zu bekommen. Wenn es Ihre T\u00e4tigkeit erlaubt, k\u00f6nne Sie einen Teil Ihrer Arbeit von zu Hause aus zu erledigen. Wir bieten Ihnen daf\u00fcr selbstverst\u00e4ndlich einen Kostenersatz f\u00fcr z. B. Ihr Internet als auch\u00a0 die notwendige Technik.<\/li>\n<\/ul>\n<p>&nbsp;<\/p>\n<p><strong>Verg\u00fcnstigungen &amp; Zuwendungen<\/strong><\/p>\n<ul>\n<li><strong>Pr\u00e4mien<\/strong><br \/>\nJe nach Funktion haben unsere Gesch\u00e4ftspartnerInnen die M\u00f6glichkeit, gem\u00e4\u00df ihren Zielvereinbarungen eine Leistungspr\u00e4mie zu erhalten. Ab einer bestimmten Position sind unsere Gesch\u00e4ftspartnerInnen auch Umsatzbeteiligt!<\/li>\n<\/ul>\n<p>&nbsp;<\/p>\n<ul>\n<li><strong>Incentives<br \/>\n<\/strong>Regelm\u00e4\u00dfig finden unterschiedlichste Incentives f\u00fcr unsere Gesch\u00e4ftspartnerInnen statt. Ob gemeinsames Ski-Fahren zum Jahresanfang oder Raften im Sommer, gemeinsam mit Ihren Kolleginnen und Kollegen, aus allen Kanzleien. Nat\u00fcrlich gibt es auch individuelle Teamevents, die gemeinsam mit den Team-Mitgliedern festgelegt werden, sodass garantiert f\u00fcr jeden etwas dabei ist!<\/li>\n<\/ul>\n<p>&nbsp;<\/p>\n<p><strong>Social Life<\/strong><\/p>\n<ul>\n<li><strong>Mentoring<\/strong><br \/>\nBeim Start werden neue Gesch\u00e4ftspartnerInnen einem Manager bzw. einer Managerin zugewiesen. Diese\/r \u00fcbernimmt zugleich eine Mentorenrolle. In diesem Zuge ist er\/sie f\u00fcr die Einschulung sowie die Unterst\u00fctzung bei der gezielten Weiterbildung zust\u00e4ndig. Au\u00dferdem finden j\u00e4hrliche Mitarbeitergespr\u00e4che statt, bei denen die bisherige Entwicklung evaluiert und zuk\u00fcnftige Ziele definiert werden.<\/li>\n<\/ul>\n<p>&nbsp;<\/p>\n<ul>\n<li><strong>Events<\/strong><br \/>\nRegelm\u00e4\u00dfig finden gro\u00dfe Veranstaltungen mit Prominenten, wie beispielsweise mit dem ehemaligen Fu\u00dfballspieler und Fu\u00dfballtrainer Andreas Herzog sowie diverse Kundenveranstaltungen, wie mit Herrn Univ.-Pro. Dr. Dr. hc mult. Friedrich Schneider statt.<\/p>\n<h3 class=\"LC20lb DKV0Md\"><\/h3>\n<\/li>\n<\/ul>\n<p>&nbsp;<\/p>\n","protected":false},"excerpt":{"rendered":"<p>Ihre Annehmlichkeiten auf einem Blick! &nbsp; Sehr gute Verkehrsanbindungen\u00a0 Unsere Zentrale in Linz in der Neuen Heimat,\u00a0 ist nur 8 &hellip; <\/p>\n","protected":false},"author":1,"featured_media":0,"parent":0,"menu_order":0,"comment_status":"closed","ping_status":"closed","template":"","meta":{"footnotes":""},"_links":{"self":[{"href":"https:\/\/www.invest-con.com\/homepages\/investcon\/wp-json\/wp\/v2\/pages\/3184"}],"collection":[{"href":"https:\/\/www.invest-con.com\/homepages\/investcon\/wp-json\/wp\/v2\/pages"}],"about":[{"href":"https:\/\/www.invest-con.com\/homepages\/investcon\/wp-json\/wp\/v2\/types\/page"}],"author":[{"embeddable":true,"href":"https:\/\/www.invest-con.com\/homepages\/investcon\/wp-json\/wp\/v2\/users\/1"}],"replies":[{"embeddable":true,"href":"https:\/\/www.invest-con.com\/homepages\/investcon\/wp-json\/wp\/v2\/comments?post=3184"}],"version-history":[{"count":10,"href":"https:\/\/www.invest-con.com\/homepages\/investcon\/wp-json\/wp\/v2\/pages\/3184\/revisions"}],"predecessor-version":[{"id":3447,"href":"https:\/\/www.invest-con.com\/homepages\/investcon\/wp-json\/wp\/v2\/pages\/3184\/revisions\/3447"}],"wp:attachment":[{"href":"https:\/\/www.invest-con.com\/homepages\/investcon\/wp-json\/wp\/v2\/media?parent=3184"}],"curies":[{"name":"wp","href":"https:\/\/api.w.org\/{rel}","templated":true}]}}