{"id":2335,"date":"2020-02-19T13:00:41","date_gmt":"2020-02-19T12:00:41","guid":{"rendered":"https:\/\/www.invest-con.com\/homepages\/investcon\/?page_id=2335"},"modified":"2025-01-30T16:13:39","modified_gmt":"2025-01-30T15:13:39","slug":"hr-dipl-ing-m-stangl","status":"publish","type":"page","link":"https:\/\/www.invest-con.com\/homepages\/investcon\/hr-dipl-ing-m-stangl\/","title":{"rendered":"Dipl.-Ing. M. Stangl, Consulting Direktor"},"content":{"rendered":"<div class=\"clearfix rara-row\"><\/div>\n<div class=\"rara_column rara-span3\"><p><img decoding=\"async\" loading=\"lazy\" class=\"alignnone wp-image-4244 size-medium\" src=\"https:\/\/www.invest-con.com\/homepages\/investcon\/wp-content\/uploads\/2025\/01\/Stangl2025resized-300x266.png\" alt=\"\" width=\"300\" height=\"266\" srcset=\"https:\/\/www.invest-con.com\/homepages\/investcon\/wp-content\/uploads\/2025\/01\/Stangl2025resized-300x266.png 300w, https:\/\/www.invest-con.com\/homepages\/investcon\/wp-content\/uploads\/2025\/01\/Stangl2025resized.png 1024w\" sizes=\"(max-width: 300px) 100vw, 300px\" \/><\/p>\n<ul>\n<li>staatlich gepr\u00fcfter Verm\u00f6gensberater<\/li>\n<li>vertraglich gebundener Vermittler f\u00fcr die INVEST-CON Finanzconsulting GmbH<\/li>\n<li>\u00a0Email: office.wien13@invest-con.com<\/li>\n<li>\u00a0Tel.: +43 732 302075-0<\/li>\n<li>\u00a0Fax: +43 732 302075-20<\/li>\n<\/ul><\/div><br \/><div class=\"rara_column rara-span3\"><\/div><\/p>\n<div class=\"clearfix rara-row\"><\/div>\n<div class=\"rara_column rara-span3\"><p style=\"text-align: left;\">Termine nach Vereinbarung<\/p>\n<p style=\"text-align: left;\"><a href=\"https:\/\/firmen.wko.at\/dipl-ing-michael-johann-stangl\/wien\/?firmaid=8dddfd99-7ba8-44b3-bbd1-7f01df707daa&amp;suchbegriff=michael%20stangl\"><img decoding=\"async\" loading=\"lazy\" class=\"alignleft wp-image-3253 size-thumbnail\" src=\"https:\/\/www.invest-con.com\/homepages\/investcon\/wp-content\/uploads\/2021\/05\/1517940481-150x23.gif\" alt=\"\" width=\"150\" height=\"23\" \/><\/a><\/p>\n<p style=\"text-align: left;\"><\/div><br \/><div class=\"rara_column rara-span3\"><\/div><\/p>\n\r\n\r\n\r\n<p>&nbsp;<\/p>\r\n<p style=\"text-align: left;\">Jahrgang 1963, verheiratet (seit 1992)<\/p>\r\n<p style=\"text-align: left;\">2 erwachsene T\u00f6chter<\/p>\r\n<p style=\"text-align: left;\"><strong>Aus- und Weiterbildung:<\/strong><\/p>\r\n<p style=\"text-align: left;\">1982 &#8211; 1991: Diplom-Ingenieur Elektrotechnik\/ Computertechnik an der Technischen Universit\u00e4t Wien<\/p>\r\n<p style=\"text-align: left;\">2008 &#8211; 2011: Energetische Ausbildung Pranic Energy Healing am Institut f\u00fcr Energiearbeit Wien<\/p>\r\n<p style=\"text-align: left;\">2019: Bef\u00e4higungspr\u00fcfung zum staatlich gepr\u00fcften Wertpapiervermittler bei der WKO\u00d6<\/p>\r\n<p style=\"text-align: left;\">2019: Bef\u00e4higungspr\u00fcfung zum gewerblichen Verm\u00f6gensberater bei der WKO\u00d6<\/p>\r\n<p style=\"text-align: left;\">Seit 05\/2019 Business Partner bei Invest-con Finanzconsulting GmbH<\/p>\r\n<p style=\"text-align: left;\"><strong>Zusatzqualifikation:<\/strong><\/p>\r\n<p>&#8211; Englisch \u2013 verhandlungssicher in Wort und Schrift<\/p>\r\n<p>&#8211; Italienisch A1<\/p>\r\n<p><strong>Lieblingszitate:<\/strong><\/p>\r\n<p>&#8211;\u00a0Wenn man aufh\u00f6rt, besser sein zu wollen, wird man unweigerlich schlechter<br \/>&#8211; Wir sind alle Sternenstaub<br \/>&#8211; Panta Rhei<br \/>&#8211; Wenn du lange in einen Abgrund blickst, blickt der Abgrund auch in dich hinein<\/p>\r\n\r\n\r\n\r\n\r\n\r\n\r\n\r\n\r\n\r\n\r\n\r\n\r\n<p><strong><em>Investcon: Wie sind Sie eigentlich zu\u00a0Investcon\u00a0gekommen?<\/em><\/strong><\/p>\n<p>&nbsp;<\/p>\n<p><strong>DI Stangl:<\/strong>\u00a0Nach dem Realgymnasium und der Offiziersausbildung habe ich das Studium \u201eElektrotechnik\u201c an der Technischen Universit\u00e4t Wien mit Spezialisierung \u201eComputertechnik\u201c abgeschlossen.\u00a0Au\u00dferdem bin ich ausgebildeter Energetiker.\u00a0Meine berufliche Laufbahn f\u00fchrte mich von Alcatel Austria \u00fcber\u00a0FREQUENTIS zu Hewlett Packard, weiter \u00fcber LEXMARK zu Ricoh.\u00a0Eines Tages erhielt ich den Anruf eines Head Hunters.\u00a0Die Kernfrage war: \u201eHerr Stangl, wollen Sie sich mal was ganz Anderes anh\u00f6ren?\u201c<\/p>\n<p>Sowohl nach dem ersten\u00a0Termin,\u00a0als auch nach dem Folgetermin in der INVEST\/CON-Kanzlei Wien Hietzing war ich \u00fcberzeugt, im Folgenden nicht mehr kontaktiert zu werden. Meine Frage an die Interviewer: \u201eWas wollen Sie von MIR in dieser Branche, ich bin Sales Manager mit massivem IT-Hintergrund, finanztechnisch bestenfalls ein fachlich interessierter Laie \u2026?\u201c\u00a0Die Schulungen der ersten zwei Wochen hatten mich rasch davon \u00fcberzeugt, dass die Branche MEINE ist.\u00a0Ich bin nun etwas \u00fcber zwei Jahre dabei und h\u00e4tte das schon viel eher gemacht, w\u00e4re man fr\u00fcher an mich herangetreten.<\/p>\n<p>&nbsp;<\/p>\n<p><strong><em>Investcon: Und was ist f\u00fcr Sie das besonders Reizvolle an dieser T\u00e4tigkeit?<\/em><\/strong><\/p>\n<p>&nbsp;<\/p>\n<p><strong>DI Stangl:<\/strong>\u00a0Mir ging es immer darum, Menschen Lasten abzunehmen. Schon in der IT-Branche war mein Anliegen, dass meine Kunden abends nach Hause gehen konnten, ohne an das, was ich an beruflichen Projekten mit Ihnen zu tun hatte, denken zu m\u00fcssen, weil es einfach funktioniert.<\/p>\n<p>In meiner jetzigen T\u00e4tigkeit geht das Ganze einen Schritt weiter, da ich meine Kunden nicht in ihrer beruflichen T\u00e4tigkeit unterst\u00fctze, sondern in Ihrem ureigentlichsten privaten Bereich, und ich empfinde es als meine Aufgabe, sie st\u00e4ndig zu begleiten.<\/p>\n<p>&nbsp;<\/p>\n<p><strong><em>Investcon: Wie hat sich Ihr Arbeitsalltag w\u00e4hrend der Corona-Krise ver\u00e4ndert?<\/em><\/strong><\/p>\n<p>&nbsp;<\/p>\n<p><strong>DI Stangl:<\/strong>\u00a0Der Arbeitsalltag hat sich f\u00fcr mich sehr positiv ver\u00e4ndert.\u00a0Einerseits bin ich selbst ein absoluter Freigeist, der \u201eB\u00fcrozw\u00e4nge\u201c schlecht vertr\u00e4gt, andererseits haben meine Kunden nun Zeit und Geld zur Verf\u00fcgung. Ausgaben f\u00fcr Urlaube, etc., fallen weg, das Bewusstsein f\u00fcr\u00a0eine\u00a0gewinnbringende Anlage des Kapitals, sowohl mittel- als auch langfristig, ist gestiegen.\u00a0Die Lockdown-Zeiten waren\/sind die erfolgreichsten meiner Karriere.<\/p>\n<p>&nbsp;<\/p>\n<p><strong><em>Investcon: Und welche Lehren ziehen Sie f\u00fcr die Zukunft daraus?<\/em><\/strong><\/p>\n<p>&nbsp;<\/p>\n<p><strong>DI Stangl:<\/strong>\u00a0Kreativ denken, NICHTS ausschlie\u00dfen, ohne es versucht zu haben, also jegliche Selbstbeschr\u00e4nkung aufgrund zu\u00a0kleinen\u00a0Denkens\u00a0ausmerzen.<\/p>\n<p>&nbsp;<\/p>\n<p><strong><em>Investcon: Worin sehen Sie pers\u00f6nlich die gr\u00f6\u00dften Herausforderungen f\u00fcr die kommenden 3 Jahre?<\/em><\/strong><em>\u00a0<\/em><\/p>\n<p>&nbsp;<\/p>\n<p><strong>DI Stangl:<\/strong>\u00a0Ich sehe ausschlie\u00dflich exzellente Chancen, weil wir uns in einer \u201eKrise\u201c befinden. Die kommenden Jahre werden, wie seinerzeit in der Talsohle der Lehmann Brothers-Krise, f\u00fcr diejenigen, die die Chancen n\u00fctzen, hervorragende werden.\u00a0Daher m\u00f6chte ich eine eigene INVEST\/CON-Kanzlei am W\u00f6rthersee er\u00f6ffnen, um den Bedarf im S\u00fcden \u00d6sterreichs perfekt abdecken zu k\u00f6nnen.<\/p>\n<p><em><strong>Lebensmotto:\u00a0<\/strong>Lebe den Tag.\u00a0Wir sind alle Sternenstaub.\u00a0Wenn man aufh\u00f6rt, besser sein zu wollen, wird man unweigerlich schlechter.\u00a0Panta Rhei.\u00a0Wenn du lange in einen Abgrund blickst, blickt der Abgrund auch in dich hinein<\/em><\/p>\n<p>&nbsp;<\/p>\n","protected":false},"excerpt":{"rendered":"<p>&nbsp; Jahrgang 1963, verheiratet (seit 1992) 2 erwachsene T\u00f6chter Aus- und Weiterbildung: 1982 &#8211; 1991: Diplom-Ingenieur Elektrotechnik\/ Computertechnik an der &hellip; <\/p>\n","protected":false},"author":1,"featured_media":0,"parent":0,"menu_order":0,"comment_status":"closed","ping_status":"closed","template":"","meta":{"footnotes":""},"_links":{"self":[{"href":"https:\/\/www.invest-con.com\/homepages\/investcon\/wp-json\/wp\/v2\/pages\/2335"}],"collection":[{"href":"https:\/\/www.invest-con.com\/homepages\/investcon\/wp-json\/wp\/v2\/pages"}],"about":[{"href":"https:\/\/www.invest-con.com\/homepages\/investcon\/wp-json\/wp\/v2\/types\/page"}],"author":[{"embeddable":true,"href":"https:\/\/www.invest-con.com\/homepages\/investcon\/wp-json\/wp\/v2\/users\/1"}],"replies":[{"embeddable":true,"href":"https:\/\/www.invest-con.com\/homepages\/investcon\/wp-json\/wp\/v2\/comments?post=2335"}],"version-history":[{"count":28,"href":"https:\/\/www.invest-con.com\/homepages\/investcon\/wp-json\/wp\/v2\/pages\/2335\/revisions"}],"predecessor-version":[{"id":4251,"href":"https:\/\/www.invest-con.com\/homepages\/investcon\/wp-json\/wp\/v2\/pages\/2335\/revisions\/4251"}],"wp:attachment":[{"href":"https:\/\/www.invest-con.com\/homepages\/investcon\/wp-json\/wp\/v2\/media?parent=2335"}],"curies":[{"name":"wp","href":"https:\/\/api.w.org\/{rel}","templated":true}]}}