{"id":2082,"date":"2019-12-20T10:32:12","date_gmt":"2019-12-20T09:32:12","guid":{"rendered":"https:\/\/www.invest-con.com\/homepages\/investcon\/?page_id=2082"},"modified":"2021-10-04T15:59:36","modified_gmt":"2021-10-04T13:59:36","slug":"https-firmen-wko-at-web-detailskontakt-aspxfirmaidf3433a27-f3a3-4266-bd13-aa6b969ed5e4namejosef-norbert-ormanstandortniederosterreich-bundesland","status":"publish","type":"page","link":"https:\/\/www.invest-con.com\/homepages\/investcon\/https-firmen-wko-at-web-detailskontakt-aspxfirmaidf3433a27-f3a3-4266-bd13-aa6b969ed5e4namejosef-norbert-ormanstandortniederosterreich-bundesland\/","title":{"rendered":"J. Orman, Senior Consulter"},"content":{"rendered":"\r\n<h2 class=\"wp-block-heading\">\u00a0<\/h2>\r\n\r\n\r\n\r\n<div class=\"wp-block-image\">\r\n<figure class=\"alignleft is-resized\"><img decoding=\"async\" loading=\"lazy\" class=\"wp-image-2206 alignleft\" src=\"https:\/\/www.invest-con.com\/homepages\/investcon\/wp-content\/uploads\/2020\/02\/orman-768x1024.jpg\" alt=\"\" width=\"210\" height=\"280\" srcset=\"https:\/\/www.invest-con.com\/homepages\/investcon\/wp-content\/uploads\/2020\/02\/orman-768x1024.jpg 768w, https:\/\/www.invest-con.com\/homepages\/investcon\/wp-content\/uploads\/2020\/02\/orman-225x300.jpg 225w\" sizes=\"(max-width: 210px) 100vw, 210px\" \/><\/figure>\r\n<\/div>\r\n\r\n\r\n<div class=\"clearfix rara-row\"><div class=\"rara_column rara-span3\"><ul>\r\n<li>staatlich gepr\u00fcfter Verm\u00f6gensberater<\/li>\r\n<li>Vermittlung von Lebens- und Unfallversicherungen in der Form Versicherungsagent und Beratungen in Versicherungsangelegenheiten<\/li>\r\n<li>ungebundener Kreditvermittler | vertraglich gebundener Vermittler f\u00fcr die <span style=\"font-size: 16px;\">INVEST-CON <\/span>Finanzconsulting GmbH<\/li>\r\n<li>Lehrabschluss Buchhaltung<\/li>\r\n<li>E-Mail: office.wien13@invest-con.at<\/li>\r\n<li>Tel.: +43 732 302075-0<\/li>\r\n<li>Fax: +43 732 302075-20<\/li>\r\n<\/ul>\r\n\r\n\r\n\r\n<p>&nbsp;<\/p>\r\n\r\n\r\n\r\n<p>&nbsp;<\/p>\r\n\r\n\r\n\r\n<p style=\"text-align: left;\">Termine nach Vereinbarung<\/p>\r\n<p><a href=\"https:\/\/firmen.wko.at\/josef-norbert-orman\/nieder%c3%b6sterreich\/?firmaid=f3433a27-f3a3-4266-bd13-aa6b969ed5e4&amp;suchbegriff=josef%20orman\"><img decoding=\"async\" loading=\"lazy\" class=\"wp-image-3148 size-full alignnone\" src=\"https:\/\/www.invest-con.com\/homepages\/investcon\/wp-content\/uploads\/2021\/02\/wko.png\" alt=\"\" width=\"100\" height=\"51\" \/><\/a><\/p>\r\n<p>&nbsp;<\/p>\r\n<p>&nbsp;<\/p>\r\n<p><div class=\"clearfix rara-row\"><\/div><div class=\"rara_column rara-span3\"><\/div><\/p>\r\n\r\n\r\n<div class=\"rara_column rara-span3\"><\/div><\/div><\/div>\r\n\r\n\r\n\n<p>Angaben zur Person:  <\/p>\n\n\n\n<p>Jahrgang 1979<\/p>\n\n\n\n<p> gl\u00fccklich verheiratet <\/p>\n\n\n\n<p> 2010 &#8211; 2011 &#8211; Lehrabschluss Buchhaltung <\/p>\n\n\n\n<p>2012 &#8211; 2015 &#8211; Gesch\u00e4ftsf\u00fchrer bei Josef Bauer Transporte GmbH<\/p>\n\n\n\n<p>12\/2018 \u2013\u00a0\u200bBef\u00e4higungspr\u00fcfung zum gewerblichen Verm\u00f6gensberater<\/p>\n\n\n\n<p>\u00a0seit 04\/2018 als Business Partner bei\u00a0Invest-con Finanzconsulting GmbH<br><\/p>\n\n\n\n<ul><li>Zusatzqualifikation: Englisch \u2013 verhandlungssicher in Wort und Schrift<\/li><li><\/li><\/ul>\n\r\n\r\n\r\n<p>Zusatzqualifikation: Englisch \u2013 verhandlungssicher in Wort und Schrift<\/p>\r\n\r\n\r\n\r\n<p>Mein Lebensmotto lautet:<\/p>\r\n\r\n\r\n\r\n<p>Auf ausgetretenen Pfaden kommt man nur dort an, wo andere schon gewesen sind. (Unbekannt)<\/p>\r\n\r\n\r\n\r\n<p>&nbsp;<\/p>\r\n\r\n\r\n\r\n<p>&nbsp;<\/p>\r\n","protected":false},"excerpt":{"rendered":"<p>\u00a0 Zusatzqualifikation: Englisch \u2013 verhandlungssicher in Wort und Schrift Mein Lebensmotto lautet: Auf ausgetretenen Pfaden kommt man nur dort an, &hellip; <\/p>\n","protected":false},"author":1,"featured_media":0,"parent":0,"menu_order":0,"comment_status":"closed","ping_status":"closed","template":"","meta":{"footnotes":""},"_links":{"self":[{"href":"https:\/\/www.invest-con.com\/homepages\/investcon\/wp-json\/wp\/v2\/pages\/2082"}],"collection":[{"href":"https:\/\/www.invest-con.com\/homepages\/investcon\/wp-json\/wp\/v2\/pages"}],"about":[{"href":"https:\/\/www.invest-con.com\/homepages\/investcon\/wp-json\/wp\/v2\/types\/page"}],"author":[{"embeddable":true,"href":"https:\/\/www.invest-con.com\/homepages\/investcon\/wp-json\/wp\/v2\/users\/1"}],"replies":[{"embeddable":true,"href":"https:\/\/www.invest-con.com\/homepages\/investcon\/wp-json\/wp\/v2\/comments?post=2082"}],"version-history":[{"count":5,"href":"https:\/\/www.invest-con.com\/homepages\/investcon\/wp-json\/wp\/v2\/pages\/2082\/revisions"}],"predecessor-version":[{"id":3415,"href":"https:\/\/www.invest-con.com\/homepages\/investcon\/wp-json\/wp\/v2\/pages\/2082\/revisions\/3415"}],"wp:attachment":[{"href":"https:\/\/www.invest-con.com\/homepages\/investcon\/wp-json\/wp\/v2\/media?parent=2082"}],"curies":[{"name":"wp","href":"https:\/\/api.w.org\/{rel}","templated":true}]}}