{"id":1897,"date":"2019-09-25T14:25:42","date_gmt":"2019-09-25T12:25:42","guid":{"rendered":"https:\/\/www.invest-con.com\/homepages\/investcon\/?page_id=1897"},"modified":"2026-04-01T11:41:11","modified_gmt":"2026-04-01T09:41:11","slug":"1897-2","status":"publish","type":"page","link":"https:\/\/www.invest-con.com\/homepages\/investcon\/1897-2\/","title":{"rendered":"Management"},"content":{"rendered":"\r\n<p><strong>Consulting Direktoren:<\/strong><\/p>\r\n\r\n\r\n\r\n<table class=\"wp-block-table\" style=\"height: 523px;\" width=\"436\">\r\n<tbody>\r\n<tr>\r\n<td>\r\n<p><br \/><img decoding=\"async\" loading=\"lazy\" class=\"size-thumbnail wp-image-2469 aligncenter\" src=\"https:\/\/www.invest-con.com\/homepages\/investcon\/wp-content\/uploads\/2020\/03\/Kreinecker-Barbara-Foto-150-150x150.jpg\" alt=\"\" width=\"150\" height=\"150\" srcset=\"https:\/\/www.invest-con.com\/homepages\/investcon\/wp-content\/uploads\/2020\/03\/Kreinecker-Barbara-Foto-150-150x150.jpg 150w, https:\/\/www.invest-con.com\/homepages\/investcon\/wp-content\/uploads\/2020\/03\/Kreinecker-Barbara-Foto-150-70x70.jpg 70w, https:\/\/www.invest-con.com\/homepages\/investcon\/wp-content\/uploads\/2020\/03\/Kreinecker-Barbara-Foto-150-125x125.jpg 125w\" sizes=\"(max-width: 150px) 100vw, 150px\" \/><\/p>\r\n<\/td>\r\n<td>\r\n<p><img decoding=\"async\" loading=\"lazy\" class=\"aligncenter wp-image-1285 \" src=\"https:\/\/www.invest-con.com\/homepages\/investcon\/wp-content\/uploads\/2018\/08\/BM7D2143-150x150.jpg\" alt=\"\" width=\"131\" height=\"131\" srcset=\"https:\/\/www.invest-con.com\/homepages\/investcon\/wp-content\/uploads\/2018\/08\/BM7D2143-150x150.jpg 150w, https:\/\/www.invest-con.com\/homepages\/investcon\/wp-content\/uploads\/2018\/08\/BM7D2143-246x246.jpg 246w, https:\/\/www.invest-con.com\/homepages\/investcon\/wp-content\/uploads\/2018\/08\/BM7D2143-275x275.jpg 275w, https:\/\/www.invest-con.com\/homepages\/investcon\/wp-content\/uploads\/2018\/08\/BM7D2143-70x70.jpg 70w, https:\/\/www.invest-con.com\/homepages\/investcon\/wp-content\/uploads\/2018\/08\/BM7D2143-276x276.jpg 276w, https:\/\/www.invest-con.com\/homepages\/investcon\/wp-content\/uploads\/2018\/08\/BM7D2143-125x125.jpg 125w, https:\/\/www.invest-con.com\/homepages\/investcon\/wp-content\/uploads\/2018\/08\/BM7D2143-211x211.jpg 211w\" sizes=\"(max-width: 131px) 100vw, 131px\" \/><\/p>\r\n<\/td>\r\n<\/tr>\r\n<tr>\r\n<td>\r\n<p style=\"text-align: center;\"><br \/><a href=\"http:\/\/www.invest-con.com\/homepages\/investcon\/kreinecker\">Frau Consulting Direktorin B. Kreinecker<\/a><\/p>\r\n<p>&nbsp;<\/p>\r\n<p style=\"text-align: center;\">F\u00fcr Sie t\u00e4tig<br \/>in Ober\u00f6sterreich, <span style=\"font-family: inherit; font-size: inherit;\">Wien und <br \/><\/span><span style=\"font-family: inherit; font-size: inherit;\">Nieder\u00f6sterreich<\/span><\/p>\r\n<\/td>\r\n<td>\r\n<p style=\"text-align: center;\"><a href=\"http:\/\/www.invest-con.com\/homepages\/investcon\/pierecker\">Herr\u00a0 Consulting Direktor Dipl.-Kfm. (FH) M. Pierecker<\/a><\/p>\r\n<p>&nbsp;<\/p>\r\n<p style=\"text-align: center;\">F\u00fcr Sie t\u00e4tig in<br \/>Ober\u00f6sterreich und Wien<\/p>\r\n<\/td>\r\n<\/tr>\r\n<\/tbody>\r\n<\/table>\r\n\r\n\r\n\r\n<p>\u200b<\/p>\r\n\r\n\r\n\r\n<table class=\"wp-block-table\" style=\"height: 488px;\" width=\"502\">\r\n<tbody>\r\n<tr>\r\n<td><img decoding=\"async\" class=\"aligncenter\" src=\"https:\/\/www.invest-con.com\/homepages\/investcon\/wp-content\/uploads\/2018\/04\/BM7D9514_2842x2842-150x150.jpg\" \/><\/td>\r\n<td>\r\n<figure><img decoding=\"async\" loading=\"lazy\" class=\"size-thumbnail wp-image-2457 aligncenter\" src=\"https:\/\/www.invest-con.com\/homepages\/investcon\/wp-content\/uploads\/2020\/03\/Mag-Frischmann-150-150x150.jpg\" alt=\"\" width=\"150\" height=\"150\" srcset=\"https:\/\/www.invest-con.com\/homepages\/investcon\/wp-content\/uploads\/2020\/03\/Mag-Frischmann-150-150x150.jpg 150w, https:\/\/www.invest-con.com\/homepages\/investcon\/wp-content\/uploads\/2020\/03\/Mag-Frischmann-150-70x70.jpg 70w, https:\/\/www.invest-con.com\/homepages\/investcon\/wp-content\/uploads\/2020\/03\/Mag-Frischmann-150-125x125.jpg 125w\" sizes=\"(max-width: 150px) 100vw, 150px\" \/><\/figure>\r\n<\/td>\r\n<\/tr>\r\n<tr>\r\n<td style=\"text-align: center;\">\r\n<p><a href=\"http:\/\/www.invest-con.com\/homepages\/investcon\/brunner\">Herr\u00a0 Consulting Direktor\u00a0 P. Brunner<\/a><\/p>\r\n<p>F\u00fcr Sie t\u00e4tig in <br \/>Wien, Nieder\u00f6sterreich und Ober\u00f6sterreich<\/p>\r\n<\/td>\r\n<td style=\"text-align: center;\">\r\n<p><a href=\"https:\/\/www.invest-con.com\/homepages\/investcon\/herr-mag-k-frischmann\/\">Herr Consulting Direktor Mag. K. Frischmann<\/a><\/p>\r\n<p>&nbsp;<\/p>\r\n<p style=\"text-align: center;\">F\u00fcr Sie t\u00e4tig in<br \/>Wien und Nieder\u00f6sterreich<\/p>\r\n<\/td>\r\n<\/tr>\r\n<\/tbody>\r\n<\/table>\r\n<p>&nbsp;<\/p>\r\n<p>\r\n\r\n<\/p>\r\n<table class=\"wp-block-table\" width=\"502\">\r\n<tbody>\r\n<tr>\r\n<td>\r\n<p><br \/><img decoding=\"async\" loading=\"lazy\" class=\"wp-image-4244 size-thumbnail aligncenter\" src=\"https:\/\/www.invest-con.com\/homepages\/investcon\/wp-content\/uploads\/2025\/01\/Stangl2025resized-150x150.png\" alt=\"\" width=\"150\" height=\"150\" srcset=\"https:\/\/www.invest-con.com\/homepages\/investcon\/wp-content\/uploads\/2025\/01\/Stangl2025resized-150x150.png 150w, https:\/\/www.invest-con.com\/homepages\/investcon\/wp-content\/uploads\/2025\/01\/Stangl2025resized-70x70.png 70w\" sizes=\"(max-width: 150px) 100vw, 150px\" \/><\/p>\r\n<\/td>\r\n<td>\r\n<figure><\/figure>\r\n<figure><img decoding=\"async\" loading=\"lazy\" class=\"size-thumbnail wp-image-2456 aligncenter\" src=\"https:\/\/www.invest-con.com\/homepages\/investcon\/wp-content\/uploads\/2020\/03\/Mag-Markus-Steiner-150-pixel-150x150.jpg\" alt=\"\" width=\"150\" height=\"150\" srcset=\"https:\/\/www.invest-con.com\/homepages\/investcon\/wp-content\/uploads\/2020\/03\/Mag-Markus-Steiner-150-pixel-150x150.jpg 150w, https:\/\/www.invest-con.com\/homepages\/investcon\/wp-content\/uploads\/2020\/03\/Mag-Markus-Steiner-150-pixel-70x70.jpg 70w, https:\/\/www.invest-con.com\/homepages\/investcon\/wp-content\/uploads\/2020\/03\/Mag-Markus-Steiner-150-pixel-125x125.jpg 125w\" sizes=\"(max-width: 150px) 100vw, 150px\" \/><\/figure>\r\n<\/td>\r\n<\/tr>\r\n<tr>\r\n<td style=\"text-align: center;\">\r\n<p><a href=\"https:\/\/www.invest-con.com\/homepages\/investcon\/hr-dipl-ing-m-stangl\/\">Herr\u00a0 Consulting Direktor Dipl.-Ing. M. Stangl<\/a><\/p>\r\n<p>&nbsp;<\/p>\r\n<p style=\"text-align: center;\">F\u00fcr Sie t\u00e4tig in Wien, Nieder\u00f6sterreich, Ober\u00f6sterreich,<br \/>Steiermark und K\u00e4rnten<\/p>\r\n<\/td>\r\n<td style=\"text-align: center;\">\r\n<p><a href=\"http:\/\/www.invest-con.com\/homepages\/investcon\/selbstaendige-geschaeftspartner\/magmarkussteiner\/\">Herr\u00a0 Consulting Direktor\u00a0 Mag. M. Steiner<\/a><\/p>\r\n<p>&nbsp;<\/p>\r\n<p style=\"text-align: center;\">Leiter der Kanzlei Frauenkirchen<\/p>\r\n<\/td>\r\n<\/tr>\r\n<\/tbody>\r\n<\/table>\r\n<p>&nbsp;<\/p>\r\n\r\n\r\n\r\n<table class=\"wp-block-table\" style=\"height: 383px;\" width=\"496\">\r\n<tbody>\r\n<tr>\r\n<td>\r\n<figure><img decoding=\"async\" src=\"https:\/\/www.invest-con.com\/homepages\/investcon\/wp-content\/uploads\/2020\/03\/Herr-Haenlein-Foto-150-150x150.jpg\" \/><\/figure>\r\n<\/td>\r\n<td>\r\n<p>&nbsp;<\/p>\r\n<\/td>\r\n<\/tr>\r\n<tr>\r\n<td style=\"text-align: center;\">\r\n<p><a href=\"https:\/\/www.invest-con.com\/homepages\/investcon\/management\/hr-c-haenlein\/\">Herr\u00a0 Consulting Direktor\u00a0 C. Haenlein<\/a><\/p>\r\n<p>&nbsp;<\/p>\r\n<p>F\u00fcr Sie t\u00e4tig in<br \/>Nieder\u00f6sterreich, Burgenland und Wien<\/p>\r\n<\/td>\r\n<td style=\"text-align: center;\">\r\n<p>&nbsp;<\/p>\r\n<p>&nbsp;<\/p>\r\n<\/td>\r\n<\/tr>\r\n<\/tbody>\r\n<\/table>\r\n\r\n\r\n\r\n<h3 class=\"wp-block-heading\">\u00a0Senior Consultants<\/h3>\r\n<p>\r\n\r\n\r\n\r\n<\/p>\r\n<p>&nbsp;<\/p>\r\n<table class=\"wp-block-table\" style=\"height: 497px;\" width=\"582\">\r\n<tbody>\r\n<tr>\r\n<td><img decoding=\"async\" loading=\"lazy\" class=\"wp-image-3654 size-full aligncenter\" src=\"https:\/\/www.invest-con.com\/homepages\/investcon\/wp-content\/uploads\/2022\/07\/interview-mit-herrn-mag-c-schneeweiss-senior-consultant.png\" alt=\"\" width=\"150\" height=\"150\" srcset=\"https:\/\/www.invest-con.com\/homepages\/investcon\/wp-content\/uploads\/2022\/07\/interview-mit-herrn-mag-c-schneeweiss-senior-consultant.png 150w, https:\/\/www.invest-con.com\/homepages\/investcon\/wp-content\/uploads\/2022\/07\/interview-mit-herrn-mag-c-schneeweiss-senior-consultant-70x70.png 70w, https:\/\/www.invest-con.com\/homepages\/investcon\/wp-content\/uploads\/2022\/07\/interview-mit-herrn-mag-c-schneeweiss-senior-consultant-125x125.png 125w\" sizes=\"(max-width: 150px) 100vw, 150px\" \/><\/td>\r\n<td><img decoding=\"async\" loading=\"lazy\" class=\"size-thumbnail wp-image-2511 aligncenter\" src=\"https:\/\/www.invest-con.com\/homepages\/investcon\/wp-content\/uploads\/2020\/03\/Herr-Weiretmayr-150-150x150.jpg\" alt=\"\" width=\"150\" height=\"150\" srcset=\"https:\/\/www.invest-con.com\/homepages\/investcon\/wp-content\/uploads\/2020\/03\/Herr-Weiretmayr-150-150x150.jpg 150w, https:\/\/www.invest-con.com\/homepages\/investcon\/wp-content\/uploads\/2020\/03\/Herr-Weiretmayr-150-70x70.jpg 70w, https:\/\/www.invest-con.com\/homepages\/investcon\/wp-content\/uploads\/2020\/03\/Herr-Weiretmayr-150-125x125.jpg 125w\" sizes=\"(max-width: 150px) 100vw, 150px\" \/><\/td>\r\n<\/tr>\r\n<tr>\r\n<td>\r\n<p style=\"text-align: center;\"><a href=\"https:\/\/www.invest-con.com\/homepages\/investcon\/herr-mag-c-schneeweiss-senior-consulter\/\">Herr Senior Consulter Mag. C. Schneewei\u00df<\/a><\/p>\r\n<p>&nbsp;<\/p>\r\n<p style=\"text-align: center;\">F\u00fcr Sie t\u00e4tig in Wien und Burgenland<\/p>\r\n<\/td>\r\n<td>\r\n<p style=\"text-align: center;\"><a href=\"http:\/\/www.invest-con.com\/homepages\/investcon\/weiretmayr\">Herr\u00a0 Senior Consulter\u00a0 G. Weiretmayr<\/a><\/p>\r\n<p>&nbsp;<\/p>\r\n<p style=\"text-align: center;\">F\u00fcr Sie t\u00e4tig in<br \/>Ober\u00f6sterreich<\/p>\r\n<\/td>\r\n<\/tr>\r\n<\/tbody>\r\n<\/table>\r\n\r\n\r\n\r\n<p><!--more--><\/p>\r\n\r\n\r\n\r\n<p>&nbsp;<\/p>\r\n<table class=\"wp-block-table\" style=\"height: 349px;\" width=\"614\">\r\n<tbody>\r\n<tr>\r\n<td>\r\n<p><img decoding=\"async\" loading=\"lazy\" class=\"wp-image-4126 size-thumbnail aligncenter\" src=\"https:\/\/www.invest-con.com\/homepages\/investcon\/wp-content\/uploads\/2024\/05\/Brodtrager-blackandwhite-e1715177400485-150x150.jpg\" alt=\"\" width=\"150\" height=\"150\" srcset=\"https:\/\/www.invest-con.com\/homepages\/investcon\/wp-content\/uploads\/2024\/05\/Brodtrager-blackandwhite-e1715177400485-150x150.jpg 150w, https:\/\/www.invest-con.com\/homepages\/investcon\/wp-content\/uploads\/2024\/05\/Brodtrager-blackandwhite-e1715177400485-246x246.jpg 246w, https:\/\/www.invest-con.com\/homepages\/investcon\/wp-content\/uploads\/2024\/05\/Brodtrager-blackandwhite-e1715177400485-275x275.jpg 275w, https:\/\/www.invest-con.com\/homepages\/investcon\/wp-content\/uploads\/2024\/05\/Brodtrager-blackandwhite-e1715177400485-70x70.jpg 70w, https:\/\/www.invest-con.com\/homepages\/investcon\/wp-content\/uploads\/2024\/05\/Brodtrager-blackandwhite-e1715177400485-276x276.jpg 276w, https:\/\/www.invest-con.com\/homepages\/investcon\/wp-content\/uploads\/2024\/05\/Brodtrager-blackandwhite-e1715177400485-125x125.jpg 125w, https:\/\/www.invest-con.com\/homepages\/investcon\/wp-content\/uploads\/2024\/05\/Brodtrager-blackandwhite-e1715177400485-480x480.jpg 480w, https:\/\/www.invest-con.com\/homepages\/investcon\/wp-content\/uploads\/2024\/05\/Brodtrager-blackandwhite-e1715177400485-211x211.jpg 211w\" sizes=\"(max-width: 150px) 100vw, 150px\" \/><\/p>\r\n<\/td>\r\n<td>\r\n<p><img decoding=\"async\" loading=\"lazy\" class=\"wp-image-3748 size-thumbnail aligncenter\" src=\"https:\/\/www.invest-con.com\/homepages\/investcon\/wp-content\/uploads\/2023\/01\/BM7D9634-150x150.jpg\" alt=\"\" width=\"150\" height=\"150\" srcset=\"https:\/\/www.invest-con.com\/homepages\/investcon\/wp-content\/uploads\/2023\/01\/BM7D9634-150x150.jpg 150w, https:\/\/www.invest-con.com\/homepages\/investcon\/wp-content\/uploads\/2023\/01\/BM7D9634-246x246.jpg 246w, https:\/\/www.invest-con.com\/homepages\/investcon\/wp-content\/uploads\/2023\/01\/BM7D9634-275x275.jpg 275w, https:\/\/www.invest-con.com\/homepages\/investcon\/wp-content\/uploads\/2023\/01\/BM7D9634-70x70.jpg 70w, https:\/\/www.invest-con.com\/homepages\/investcon\/wp-content\/uploads\/2023\/01\/BM7D9634-276x276.jpg 276w, https:\/\/www.invest-con.com\/homepages\/investcon\/wp-content\/uploads\/2023\/01\/BM7D9634-125x125.jpg 125w, https:\/\/www.invest-con.com\/homepages\/investcon\/wp-content\/uploads\/2023\/01\/BM7D9634-211x211.jpg 211w\" sizes=\"(max-width: 150px) 100vw, 150px\" \/><\/p>\r\n<\/td>\r\n<\/tr>\r\n<tr>\r\n<td style=\"text-align: center;\">\r\n<p style=\"text-align: center;\"><a href=\"https:\/\/www.invest-con.com\/homepages\/investcon\/herr-o-brodtrager-senior-consulter\/\">Herr Senior Consulter O. Brodtrager<\/a><\/p>\r\n<p style=\"text-align: center;\"><span style=\"font-size: 14px;\"><br \/>Wertpapiervermittler<\/span><br \/><span style=\"font-size: 14px;\">Wien-Nieder\u00f6sterreich<\/span><\/p>\r\n<\/td>\r\n<td>\r\n<p style=\"text-align: center;\"><a href=\"https:\/\/www.invest-con.com\/homepages\/investcon\/herr-c-pitnauer-senior-consulter\/\">Herr Senior Consulter C. Pitnauer<\/a><\/p>\r\n<p>&nbsp;<\/p>\r\n<p style=\"text-align: center;\">F\u00fcr Sie t\u00e4tig in Wien<\/p>\r\n<\/td>\r\n<\/tr>\r\n<\/tbody>\r\n<\/table>\r\n<p><!--more--><\/p>\r\n<p>\r\n\r\n<\/p>\r\n<table class=\"wp-block-table\" style=\"height: 351px;\" width=\"628\">\r\n<tbody>\r\n<tr>\r\n<td><img decoding=\"async\" class=\"aligncenter\" src=\"https:\/\/www.invest-con.com\/homepages\/investcon\/wp-content\/uploads\/2020\/03\/Fr-Radu-150-150x150.jpg\" \/><\/td>\r\n<td>\u00a0 <img decoding=\"async\" loading=\"lazy\" class=\"wp-image-4125 size-thumbnail aligncenter\" src=\"https:\/\/www.invest-con.com\/homepages\/investcon\/wp-content\/uploads\/2024\/05\/Eder-blackandwhite-e1715177457291-150x150.jpg\" alt=\"\" width=\"150\" height=\"150\" srcset=\"https:\/\/www.invest-con.com\/homepages\/investcon\/wp-content\/uploads\/2024\/05\/Eder-blackandwhite-e1715177457291-150x150.jpg 150w, https:\/\/www.invest-con.com\/homepages\/investcon\/wp-content\/uploads\/2024\/05\/Eder-blackandwhite-e1715177457291-246x246.jpg 246w, https:\/\/www.invest-con.com\/homepages\/investcon\/wp-content\/uploads\/2024\/05\/Eder-blackandwhite-e1715177457291-275x275.jpg 275w, https:\/\/www.invest-con.com\/homepages\/investcon\/wp-content\/uploads\/2024\/05\/Eder-blackandwhite-e1715177457291-70x70.jpg 70w, https:\/\/www.invest-con.com\/homepages\/investcon\/wp-content\/uploads\/2024\/05\/Eder-blackandwhite-e1715177457291-276x276.jpg 276w, https:\/\/www.invest-con.com\/homepages\/investcon\/wp-content\/uploads\/2024\/05\/Eder-blackandwhite-e1715177457291-125x125.jpg 125w, https:\/\/www.invest-con.com\/homepages\/investcon\/wp-content\/uploads\/2024\/05\/Eder-blackandwhite-e1715177457291-211x211.jpg 211w\" sizes=\"(max-width: 150px) 100vw, 150px\" \/> \u00a0<\/td>\r\n<\/tr>\r\n<tr>\r\n<td>\r\n<p>&nbsp;<\/p>\r\n<p style=\"text-align: center;\"><a href=\"https:\/\/www.invest-con.com\/homepages\/investcon\/fr-v-radu-senior-consulter\/\">Frau Senior Consulter V. Radu<\/a><\/p>\r\n<p>&nbsp;<\/p>\r\n<p style=\"text-align: center;\">F\u00fcr Sie t\u00e4tig in Wien<\/p>\r\n<p>&nbsp;<\/p>\r\n<\/td>\r\n<td>\r\n<p style=\"text-align: center;\"><a href=\"https:\/\/www.invest-con.com\/homepages\/investcon\/herr-w-eder-senior-consulter\/\">Herr Senior Consulter W. Eder<\/a><\/p>\r\n<p>&nbsp;<\/p>\r\n<p style=\"text-align: center;\">Verm\u00f6gensberater<br \/>F\u00fcr Sie t\u00e4tig in Wien<\/p>\r\n<\/td>\r\n<\/tr>\r\n<\/tbody>\r\n<\/table>\r\n<p>&nbsp;<\/p>\r\n<p><\/p>\r\n<table class=\"wp-block-table\" style=\"height: 517px;\" width=\"629\">\r\n<tbody>\r\n<tr>\r\n<td>\u00a0<\/td>\r\n<td>\u00a0 \u00a0 \u00a0 \u00a0 \u00a0 \u00a0 \u00a0 \u00a0 \u00a0 \u00a0 \u00a0 \u00a0 \u00a0 \u00a0 \u00a0 \u00a0 \u00a0 \u00a0 \u00a0 \u00a0 \u00a0 \u00a0 \u00a0 \u00a0 \u00a0 \u00a0 \u00a0 \u00a0 \u00a0 \u00a0 \u00a0 \u00a0 \u00a0 \u00a0\u00a0<\/td>\r\n<\/tr>\r\n<tr>\r\n<td>\r\n<p style=\"text-align: center;\">\u00a0<\/p>\r\n<\/td>\r\n<td>\r\n<p style=\"text-align: center;\">\u00a0<\/p>\r\n<\/td>\r\n<\/tr>\r\n<\/tbody>\r\n<\/table>\r\n<p>&nbsp;<\/p>\r\n<p>&nbsp;<\/p>\r\n<p><!-- \/wp:table --><\/p>\r\n<table class=\"wp-block-table\" width=\"269\">\r\n<tbody>\r\n<tr>\r\n<td>\u00a0<\/td>\r\n<td>\u00a0<\/td>\r\n<\/tr>\r\n<tr>\r\n<td>\u00a0<\/td>\r\n<td>\u00a0<\/td>\r\n<\/tr>\r\n<\/tbody>\r\n<\/table>\r\n<p>&nbsp;<\/p>\r\n<p>&nbsp;<\/p>\r\n<table class=\"wp-block-table\" style=\"height: 62px;\" width=\"307\">\r\n<tbody>\r\n<tr>\r\n<td>\u00a0<\/td>\r\n<td>\r\n<p>&nbsp;<\/p>\r\n<\/td>\r\n<\/tr>\r\n<tr>\r\n<td>\u00a0<\/td>\r\n<td>\r\n<p style=\"text-align: center;\">\u00a0<\/p>\r\n<\/td>\r\n<\/tr>\r\n<\/tbody>\r\n<\/table>\r\n<p>&nbsp;<\/p>\r\n<p>&nbsp;<\/p>\r\n<p>&nbsp;<\/p>\r\n<p>&nbsp;<\/p>","protected":false},"excerpt":{"rendered":"<p>Consulting Direktoren: Frau Consulting Direktorin B. Kreinecker &nbsp; F\u00fcr Sie t\u00e4tigin Ober\u00f6sterreich, Wien und Nieder\u00f6sterreich Herr\u00a0 Consulting Direktor Dipl.-Kfm. (FH) &hellip; <\/p>\n","protected":false},"author":1,"featured_media":0,"parent":0,"menu_order":0,"comment_status":"closed","ping_status":"closed","template":"","meta":{"footnotes":""},"_links":{"self":[{"href":"https:\/\/www.invest-con.com\/homepages\/investcon\/wp-json\/wp\/v2\/pages\/1897"}],"collection":[{"href":"https:\/\/www.invest-con.com\/homepages\/investcon\/wp-json\/wp\/v2\/pages"}],"about":[{"href":"https:\/\/www.invest-con.com\/homepages\/investcon\/wp-json\/wp\/v2\/types\/page"}],"author":[{"embeddable":true,"href":"https:\/\/www.invest-con.com\/homepages\/investcon\/wp-json\/wp\/v2\/users\/1"}],"replies":[{"embeddable":true,"href":"https:\/\/www.invest-con.com\/homepages\/investcon\/wp-json\/wp\/v2\/comments?post=1897"}],"version-history":[{"count":37,"href":"https:\/\/www.invest-con.com\/homepages\/investcon\/wp-json\/wp\/v2\/pages\/1897\/revisions"}],"predecessor-version":[{"id":4425,"href":"https:\/\/www.invest-con.com\/homepages\/investcon\/wp-json\/wp\/v2\/pages\/1897\/revisions\/4425"}],"wp:attachment":[{"href":"https:\/\/www.invest-con.com\/homepages\/investcon\/wp-json\/wp\/v2\/media?parent=1897"}],"curies":[{"name":"wp","href":"https:\/\/api.w.org\/{rel}","templated":true}]}}