{"id":1714,"date":"2019-06-14T12:27:29","date_gmt":"2019-06-14T10:27:29","guid":{"rendered":"https:\/\/www.invest-con.com\/homepages\/investcon\/?page_id=1714"},"modified":"2021-11-03T13:50:22","modified_gmt":"2021-11-03T12:50:22","slug":"jobangebot-als-kundenbetreuer","status":"publish","type":"page","link":"https:\/\/www.invest-con.com\/homepages\/investcon\/jobangebot-als-kundenbetreuer\/","title":{"rendered":"Jobangebot als Kundenbetreuer"},"content":{"rendered":"<h3>Consultant (m\/w\/d) f\u00fcr Bgl, W, N\u00d6 oder O\u00d6<\/h3>\n<p>Ihre Aufgaben:<\/p>\n<p>Betreuung unserer Bestandskunden, Aktivierung weiterer Vertriebspotentiale (Anfragen) sowie Erweiterung des Kundenstammes durch Empfehlungen.<\/p>\n<h3>Voraussetzungen:<\/h3>\n<ul>\n<li>Strukturierte und zielorientierte Vorgehensweise<\/li>\n<li>Projektorientiertes und selbst\u00e4ndiges Arbeiten<\/li>\n<li>Sicherer Umgang mit Windows und MS-Office<\/li>\n<li>Kundenorientierter und kommunikativer Teamplayer<\/li>\n<li>Engagement und Flexibilit\u00e4t<\/li>\n<li>Telefonerfahrung ist Voraussetzung<\/li>\n<li>Integeres und klientenorientiertes Verhalten<\/li>\n<li>Erkennen strategischer Risiken<\/li>\n<li>Interesse an wirtschaftlichen Themen und Zusammenh\u00e4ngen<\/li>\n<li>Mitarbeit in einem engagierten, hochqualifizierten Team<\/li>\n<li>Aufnahme und Analyse von anlagebezogenen Daten<\/li>\n<li>Konzepterstellung und Konzeptpr\u00e4sentation f\u00fcr Klientinnen und Klienten<\/li>\n<li>Analysierung und Durchf\u00fchrung des Angemessenheits- und Geeignetheitstest<\/li>\n<\/ul>\n<h3>Ihr Profil:<\/h3>\n<p>Sie passen sich neuen Situationen schnell an und stellen sich dabei flexibel auf Menschen, Aufgaben und Zielvorgaben ein. Sie sind eigeninitiativ, arbeiten selbstst\u00e4ndig und sind gleichzeitig ein echter Teamplayer. Zudem verf\u00fcgen Sie\u00a0\u00fcber eine analytische Denkweise und sind bereit laufend dazuzulernen, um sich und Ihr Team weiter voranzubringen.<\/p>\n<h3>Neben Ihren pers\u00f6nlichen St\u00e4rken bringen Sie folgendes mit:<\/h3>\n<p>Gutes Verst\u00e4ndnis\u00a0\u00fcbergreifender Zusammenh\u00e4nge und Interesse an der Kombination von wirtschaftlichem Know-How in der Theorie und Praxis<\/p>\n<h3>Unser Angebot:<\/h3>\n<ul>\n<li>Bestehender Kundenkreis<\/li>\n<li>Teamorientiertes Arbeitsumfeld mit flachen Hierarchien<\/li>\n<li>Abwechslungsreiche T\u00e4tigkeiten in spannenden Projekten<\/li>\n<li>Mentoring durch Fachexperten in offener Feedbackkultur<\/li>\n<li>Umfassende Aus- und Weiterbildungsprogramme sowie F\u00f6rderungen bei diversen staatlich zertifizierten Ausbildungen<\/li>\n<li>Ausgezeichnete Karrierem\u00f6glichkeiten in einer angenehmen, kollegialen Atmosph\u00e4re<\/li>\n<li>Firmenevents<\/li>\n<\/ul>\n<p>&nbsp;<\/p>\n<p><strong>Wir bieten Ihnen folgende Gehaltsmodelle an:<\/strong><\/p>\n<p>V1: Jahresbruttogehalt ab \u20ac 24.000,- (<u>kein <\/u>All In Vertrag) &#8211; abh\u00e4ngig von beruflicher Qualifikation und Erfahrung.<\/p>\n<p>V2: Grundgehalt von 900 \u20ac Brutto monatlich und erfolgsbasierende \u00dcberzahlung<\/p>\n<p>V3: Ergebnisbezogene, provision\u00e4re Verg\u00fctung<\/p>\n<p>Dar\u00fcber hinaus bieten wir ein umfangreiches Paket an Bonis und Incentives wie Mitarbeiterbeteiligung, flexible Arbeitszeitemodelle, uvm. an.<\/p>\n<p>Senden Sie gerne Ihre Bewerbungsunterlagen samt Lebenslauf an: <a href=\"http:\/\/portal.invest-con.com\/\" target=\"_blank\" rel=\"noopener\">office@invest-con.com<\/a><\/p>\n","protected":false},"excerpt":{"rendered":"<p>Consultant (m\/w\/d) f\u00fcr Bgl, W, N\u00d6 oder O\u00d6 Ihre Aufgaben: Betreuung unserer Bestandskunden, Aktivierung weiterer Vertriebspotentiale (Anfragen) sowie Erweiterung des &hellip; <\/p>\n","protected":false},"author":1,"featured_media":0,"parent":0,"menu_order":0,"comment_status":"closed","ping_status":"closed","template":"","meta":{"footnotes":""},"_links":{"self":[{"href":"https:\/\/www.invest-con.com\/homepages\/investcon\/wp-json\/wp\/v2\/pages\/1714"}],"collection":[{"href":"https:\/\/www.invest-con.com\/homepages\/investcon\/wp-json\/wp\/v2\/pages"}],"about":[{"href":"https:\/\/www.invest-con.com\/homepages\/investcon\/wp-json\/wp\/v2\/types\/page"}],"author":[{"embeddable":true,"href":"https:\/\/www.invest-con.com\/homepages\/investcon\/wp-json\/wp\/v2\/users\/1"}],"replies":[{"embeddable":true,"href":"https:\/\/www.invest-con.com\/homepages\/investcon\/wp-json\/wp\/v2\/comments?post=1714"}],"version-history":[{"count":3,"href":"https:\/\/www.invest-con.com\/homepages\/investcon\/wp-json\/wp\/v2\/pages\/1714\/revisions"}],"predecessor-version":[{"id":3481,"href":"https:\/\/www.invest-con.com\/homepages\/investcon\/wp-json\/wp\/v2\/pages\/1714\/revisions\/3481"}],"wp:attachment":[{"href":"https:\/\/www.invest-con.com\/homepages\/investcon\/wp-json\/wp\/v2\/media?parent=1714"}],"curies":[{"name":"wp","href":"https:\/\/api.w.org\/{rel}","templated":true}]}}