{"id":1712,"date":"2019-06-14T12:29:19","date_gmt":"2019-06-14T10:29:19","guid":{"rendered":"https:\/\/www.invest-con.com\/homepages\/investcon\/?page_id=1712"},"modified":"2021-11-03T13:49:50","modified_gmt":"2021-11-03T12:49:50","slug":"jobangebote-im-personalwesen","status":"publish","type":"page","link":"https:\/\/www.invest-con.com\/homepages\/investcon\/jobangebote-im-personalwesen\/","title":{"rendered":"Jobangebote im Personalwesen"},"content":{"rendered":"<h3><u>Personalmanager (m\/w\/d)\u00a0Bgl, W, N\u00d6 oder O\u00d6<\/u><\/h3>\n<p>&nbsp;<\/p>\n<h3>Voraussetzungen:<\/h3>\n<p>Strukturierte und zielorientierte Vorgehensweise<\/p>\n<p>Projektorientiertes und selbst\u00e4ndiges Arbeiten<\/p>\n<p>Kommunikativer Teamplayer<\/p>\n<p>Engagement und Flexibilit\u00e4t<\/p>\n<p>Telefonerfahrung<\/p>\n<p>Gute Deutschkenntnisse<\/p>\n<p>Integere Denkweise<\/p>\n<p>Hervorragende Menschenkenntnis<\/p>\n<p>Langfristige Zusammenarbeit<\/p>\n<p>Aufnahme und Analyse von personenbezogenen Daten<\/p>\n<p>&nbsp;<\/p>\n<h3>Wir bieten<\/h3>\n<p>Teamorientiertes Arbeitsumfeld<\/p>\n<p>Herausfordernde und abwechslungsreiche T\u00e4tigkeiten in spannenden nationalen Projekten<\/p>\n<p>Umfassende Aus- und Weiterbildungsprogramme sowie F\u00f6rderungen bei diversen staatlich zertifizierten Ausbildungen<\/p>\n<p>Ausgezeichnete Karrierem\u00f6glichkeiten in einer angenehmen, kollegialen Atmosph\u00e4re<\/p>\n<p>&nbsp;<\/p>\n<p><strong>Wir bieten Ihnen folgende Gehaltsmodelle an:<\/strong><\/p>\n<p>V1: Jahresbruttogehalt ab \u20ac 24.000,- (<u>kein\u00a0<\/u>All In Vertrag) \u2013 abh\u00e4ngig von beruflicher Qualifikation und Erfahrung.<\/p>\n<p>V2: Grundgehalt von 900 \u20ac Brutto monatlich und erfolgsbasierende \u00dcberzahlung<\/p>\n<p>V3: Ergebnisbezogene, provision\u00e4re Verg\u00fctung<\/p>\n<p>Dar\u00fcber hinaus bieten wir ein umfangreiches Paket an Bonis und Incentives wie Mitarbeiterbeteiligung, flexible Arbeitszeitemodelle, uvm. an.<\/p>\n<p>Senden Sie gerne Ihre Bewerbungsunterlagen samt Lebenslauf an:\u00a0<a href=\"http:\/\/portal.invest-con.com\/\" target=\"_blank\" rel=\"noopener\">office@invest-con.com<\/a><\/p>\n<p>&nbsp;<\/p>\n","protected":false},"excerpt":{"rendered":"<p>Personalmanager (m\/w\/d)\u00a0Bgl, W, N\u00d6 oder O\u00d6 &nbsp; Voraussetzungen: Strukturierte und zielorientierte Vorgehensweise Projektorientiertes und selbst\u00e4ndiges Arbeiten Kommunikativer Teamplayer Engagement und &hellip; <\/p>\n","protected":false},"author":1,"featured_media":0,"parent":0,"menu_order":0,"comment_status":"closed","ping_status":"closed","template":"","meta":{"footnotes":""},"_links":{"self":[{"href":"https:\/\/www.invest-con.com\/homepages\/investcon\/wp-json\/wp\/v2\/pages\/1712"}],"collection":[{"href":"https:\/\/www.invest-con.com\/homepages\/investcon\/wp-json\/wp\/v2\/pages"}],"about":[{"href":"https:\/\/www.invest-con.com\/homepages\/investcon\/wp-json\/wp\/v2\/types\/page"}],"author":[{"embeddable":true,"href":"https:\/\/www.invest-con.com\/homepages\/investcon\/wp-json\/wp\/v2\/users\/1"}],"replies":[{"embeddable":true,"href":"https:\/\/www.invest-con.com\/homepages\/investcon\/wp-json\/wp\/v2\/comments?post=1712"}],"version-history":[{"count":3,"href":"https:\/\/www.invest-con.com\/homepages\/investcon\/wp-json\/wp\/v2\/pages\/1712\/revisions"}],"predecessor-version":[{"id":3480,"href":"https:\/\/www.invest-con.com\/homepages\/investcon\/wp-json\/wp\/v2\/pages\/1712\/revisions\/3480"}],"wp:attachment":[{"href":"https:\/\/www.invest-con.com\/homepages\/investcon\/wp-json\/wp\/v2\/media?parent=1712"}],"curies":[{"name":"wp","href":"https:\/\/api.w.org\/{rel}","templated":true}]}}