{"id":1509,"date":"2019-01-21T16:08:20","date_gmt":"2019-01-21T15:08:20","guid":{"rendered":"https:\/\/www.invest-con.com\/homepages\/investcon\/?page_id=1509"},"modified":"2021-10-25T11:29:15","modified_gmt":"2021-10-25T09:29:15","slug":"laufender-dialog","status":"publish","type":"page","link":"https:\/\/www.invest-con.com\/homepages\/investcon\/laufender-dialog\/","title":{"rendered":"Laufender Dialog"},"content":{"rendered":"<h2><\/h2>\n<p>LAUFENDER DIALOG ZWISCHEN F\u00dcHRUNGSKRAFT UND MITARBEITER<\/p>\n<p>Wie schnell und in welche Richtung sich ihre Karriere bei INVEST-CON entwickelt, h\u00e4ngt ausschlie\u00dflich von Ihrer Leistung ab. Damit Sie auch f\u00fcr sich wissen, wie Sie unterwegs sind, werden Sie mit Ihrer F\u00fchrungskraft regelm\u00e4\u00dfig Beurteilungsgespr\u00e4che f\u00fchren. Dabei bekommen Sie Feedback zu Ihren Leistungen und Fortschritten. Gemeinsam mit Ihrer F\u00fchrungskraft legen Sie laufend fest, wie Ihre St\u00e4rken optimal eingesetzt werden k\u00f6nnen und welche F\u00f6rderma\u00dfnahmen Sie noch brauchen.<\/p>\n<p>Was erwarten wir nun von Ihnen? Die Bereitschaft zu lebenslangem Lernen und Eigeninitiative bei der Erweiterung Ihrer Kompetenzen.<\/p>\n<p>Und was k\u00f6nnen Sie von uns erwarten?<br \/>\nWir bieten Ihnen ein breites Spektrum an Aus- und Weiterbildungsm\u00f6glichkeiten sowohl on the job als auch off the job!<\/p>\n","protected":false},"excerpt":{"rendered":"<p>LAUFENDER DIALOG ZWISCHEN F\u00dcHRUNGSKRAFT UND MITARBEITER Wie schnell und in welche Richtung sich ihre Karriere bei INVEST-CON entwickelt, h\u00e4ngt ausschlie\u00dflich &hellip; <\/p>\n","protected":false},"author":1,"featured_media":0,"parent":0,"menu_order":0,"comment_status":"closed","ping_status":"closed","template":"","meta":{"footnotes":""},"_links":{"self":[{"href":"https:\/\/www.invest-con.com\/homepages\/investcon\/wp-json\/wp\/v2\/pages\/1509"}],"collection":[{"href":"https:\/\/www.invest-con.com\/homepages\/investcon\/wp-json\/wp\/v2\/pages"}],"about":[{"href":"https:\/\/www.invest-con.com\/homepages\/investcon\/wp-json\/wp\/v2\/types\/page"}],"author":[{"embeddable":true,"href":"https:\/\/www.invest-con.com\/homepages\/investcon\/wp-json\/wp\/v2\/users\/1"}],"replies":[{"embeddable":true,"href":"https:\/\/www.invest-con.com\/homepages\/investcon\/wp-json\/wp\/v2\/comments?post=1509"}],"version-history":[{"count":1,"href":"https:\/\/www.invest-con.com\/homepages\/investcon\/wp-json\/wp\/v2\/pages\/1509\/revisions"}],"predecessor-version":[{"id":3452,"href":"https:\/\/www.invest-con.com\/homepages\/investcon\/wp-json\/wp\/v2\/pages\/1509\/revisions\/3452"}],"wp:attachment":[{"href":"https:\/\/www.invest-con.com\/homepages\/investcon\/wp-json\/wp\/v2\/media?parent=1509"}],"curies":[{"name":"wp","href":"https:\/\/api.w.org\/{rel}","templated":true}]}}