{"id":1498,"date":"2019-01-21T11:26:33","date_gmt":"2019-01-21T10:26:33","guid":{"rendered":"https:\/\/www.invest-con.com\/homepages\/investcon\/?page_id=1498"},"modified":"2019-01-21T11:28:21","modified_gmt":"2019-01-21T10:28:21","slug":"wissen-ist-macht","status":"publish","type":"page","link":"https:\/\/www.invest-con.com\/homepages\/investcon\/wissen-ist-macht\/","title":{"rendered":"Wissen ist Macht!"},"content":{"rendered":"<div id=\"fancybox-bg-se\" class=\"fancybox-bg\">\n<h2><\/h2>\n<p>WISSEN IST DAS EINZIGE, DAS SICH VERMEHRT, WENN MAN ES TEILT!<\/p>\n<p>Daher ist aktuelles und umfassendes fachliches Know-how ein wesentlicher Eckpfeiler unseres Erfolges. Aus- und Weiterbildung ist sowohl f\u00fcr Experienced hire als auch Quereinsteiger die Basis allen Erfolges und wird durch laufende, kostenlose Schulungen aktiv unterst\u00fctzt. Bei uns ist jeder Mitarbeiter verantwortlich, Wissen und Erfahrung an andere, vor allem j\u00fcngere Kollegen weiterzugeben. Dabei profitiert nicht nur der Empf\u00e4nger, denn auch der Know-how-Lieferant lernt durch Lehren.<\/p>\n<\/div>\n<div id=\"fancybox-bg-s\" class=\"fancybox-bg\">\u00a0<a href=\"http:\/\/www.invest-con.com\/homepages\/investcon\/?page_id=108\">f\u00fcr offene Stellen klicken Sie hier<\/a><\/div>\n","protected":false},"excerpt":{"rendered":"<p>WISSEN IST DAS EINZIGE, DAS SICH VERMEHRT, WENN MAN ES TEILT! Daher ist aktuelles und umfassendes fachliches Know-how ein wesentlicher &hellip; <\/p>\n","protected":false},"author":1,"featured_media":0,"parent":0,"menu_order":0,"comment_status":"closed","ping_status":"closed","template":"","meta":{"footnotes":""},"_links":{"self":[{"href":"https:\/\/www.invest-con.com\/homepages\/investcon\/wp-json\/wp\/v2\/pages\/1498"}],"collection":[{"href":"https:\/\/www.invest-con.com\/homepages\/investcon\/wp-json\/wp\/v2\/pages"}],"about":[{"href":"https:\/\/www.invest-con.com\/homepages\/investcon\/wp-json\/wp\/v2\/types\/page"}],"author":[{"embeddable":true,"href":"https:\/\/www.invest-con.com\/homepages\/investcon\/wp-json\/wp\/v2\/users\/1"}],"replies":[{"embeddable":true,"href":"https:\/\/www.invest-con.com\/homepages\/investcon\/wp-json\/wp\/v2\/comments?post=1498"}],"version-history":[{"count":0,"href":"https:\/\/www.invest-con.com\/homepages\/investcon\/wp-json\/wp\/v2\/pages\/1498\/revisions"}],"wp:attachment":[{"href":"https:\/\/www.invest-con.com\/homepages\/investcon\/wp-json\/wp\/v2\/media?parent=1498"}],"curies":[{"name":"wp","href":"https:\/\/api.w.org\/{rel}","templated":true}]}}