{"id":1496,"date":"2019-01-21T11:21:11","date_gmt":"2019-01-21T10:21:11","guid":{"rendered":"https:\/\/www.invest-con.com\/homepages\/investcon\/?page_id=1496"},"modified":"2019-01-21T11:21:46","modified_gmt":"2019-01-21T10:21:46","slug":"von-langen-trockenuebungen-halten-wir-nichts","status":"publish","type":"page","link":"https:\/\/www.invest-con.com\/homepages\/investcon\/von-langen-trockenuebungen-halten-wir-nichts\/","title":{"rendered":"Von langen Trocken\u00fcbungen halten wir nichts"},"content":{"rendered":"<h2><\/h2>\n<p>VON LANGEN \u201eTROCKEN\u00dcBUNGEN\u201c HALTEN WIR NICHTS!<br \/>\nBEI UNS TAUCHEN SIE SCHNELL IN DIE PRAXIS EIN<\/p>\n<p>Unsere Kunden betrauen uns mit anspruchsvollen Projekten, bei deren Abwicklung Sie von Anfang an mit eingebunden sind. Dazu ist die beste theoretische Fachausbildung gerade gut genug und gerade f\u00fcr Quereinsteiger eine absolute Notwendigkeit! Zudem lernen Sie viele unterschiedliche Aufgaben kennen und werden durch rasches Training on the job rasch mit der Berufswirklichkeit konfrontiert. Wir nehmen Sie und Ihre Arbeit ernst und wissen, dass neue Mitarbeiter ihren Job schneller kennen lernen, wenn sie ihn hautnah erleben, mit allen H\u00f6hen und Tiefen. Dabei werden Sie selbstverst\u00e4ndlich unterst\u00fctzt, z. B. durch einen erfahrenen Mitarbeiter, der als Ihr Mentor fungiert. Fragen und Unklarheiten k\u00f6nnen Sie mit den KollegInnenen in Ihrem Team jederzeit kl\u00e4ren.<br \/>\nDoch nicht nur im pers\u00f6nlichen Umgang setzen wir auf optimale Kommunikation:<\/p>\n<p>Bei Ihrer Arbeit stehen Ihnen modernste Informationstechnologien zur Verf\u00fcgung!<\/p>\n<p>Eines werden Sie bei uns gleich merken:<br \/>\nTrotz Stress verlieren wir nie den Humor!<br \/>\nGegenseitige Unterst\u00fctzung, aktive Wissensweitergabe, Teamgeist und Spa\u00df bei der Arbeit werden bei uns gro\u00dfgeschrieben!<\/p>\n","protected":false},"excerpt":{"rendered":"<p>VON LANGEN \u201eTROCKEN\u00dcBUNGEN\u201c HALTEN WIR NICHTS! BEI UNS TAUCHEN SIE SCHNELL IN DIE PRAXIS EIN Unsere Kunden betrauen uns mit &hellip; <\/p>\n","protected":false},"author":1,"featured_media":0,"parent":0,"menu_order":0,"comment_status":"closed","ping_status":"closed","template":"","meta":{"footnotes":""},"_links":{"self":[{"href":"https:\/\/www.invest-con.com\/homepages\/investcon\/wp-json\/wp\/v2\/pages\/1496"}],"collection":[{"href":"https:\/\/www.invest-con.com\/homepages\/investcon\/wp-json\/wp\/v2\/pages"}],"about":[{"href":"https:\/\/www.invest-con.com\/homepages\/investcon\/wp-json\/wp\/v2\/types\/page"}],"author":[{"embeddable":true,"href":"https:\/\/www.invest-con.com\/homepages\/investcon\/wp-json\/wp\/v2\/users\/1"}],"replies":[{"embeddable":true,"href":"https:\/\/www.invest-con.com\/homepages\/investcon\/wp-json\/wp\/v2\/comments?post=1496"}],"version-history":[{"count":0,"href":"https:\/\/www.invest-con.com\/homepages\/investcon\/wp-json\/wp\/v2\/pages\/1496\/revisions"}],"wp:attachment":[{"href":"https:\/\/www.invest-con.com\/homepages\/investcon\/wp-json\/wp\/v2\/media?parent=1496"}],"curies":[{"name":"wp","href":"https:\/\/api.w.org\/{rel}","templated":true}]}}