{"id":1320,"date":"2018-09-10T13:49:46","date_gmt":"2018-09-10T11:49:46","guid":{"rendered":"http:\/\/www.invest-con.com\/homepages\/investcon\/?page_id=1320"},"modified":"2021-03-22T16:07:28","modified_gmt":"2021-03-22T15:07:28","slug":"charity-award","status":"publish","type":"page","link":"https:\/\/www.invest-con.com\/homepages\/investcon\/charity-award\/","title":{"rendered":"Charity Award"},"content":{"rendered":"<p style=\"margin: 0cm; margin-bottom: .0001pt; background: white;\"><strong><span style=\"color: #333333;\">Charity Award 2020<\/span><\/strong><\/p>\n<p>&nbsp;<\/p>\n<h4 dir=\"ltr\"><\/h4>\n<p>Nachdem wir 2018\/19 eine kleine Familie mit einem leider schwer kranken Kind unterst\u00fctzen durften, kam dieses mal unser unabh\u00e4ngiges Prominenten-Komitee, bestehend aus Herrn G\u00fcnter Lainer bekannt aus der ORF-Show &#8222;Was gibt es neues&#8220; und als Kabarettist als\u00a0GausL\u00a0und Wirtschaftspr\u00fcfer Herr Maximilian Habsburg Lothringen, BA, Partner von der Kanzlei Nwt, Das Prominentenkomitee kam (so kurz vor dem Lockdown leider noch nicht ganz vollst\u00e4ndig), am 15. M\u00e4rz zusammen, um dieses mal in einer au\u00dfergew\u00f6hnlichen Krise und Zeit eine besondere Entscheidung zu treffen!<\/p>\n<p>Dieses Mal wurde entschieden die Unterst\u00fctzung nicht einer Privatperson zukommen zu lassen, sondern das Geld kommt gleich mehreren Kindern zu Gute. Denn in der Allgemeinen Sonderschule Purkersdorf\u00a0(ASO),\u00a0sind 40 Kinder betroffen, die Gro\u00dfteils auf Hilfe und Unterst\u00fctzung angewiesen sind. Zudem litten in dieser au\u00dfergew\u00f6hnlichen Zeit die Lehrer und Kinder sowie Eltern unter den\u00a0Quarant\u00e4nema\u00dfnahmen und stellte alle unter\u00a0\u00e4u\u00dferste Herausforderungen! Im Alltag konnten wir Ihnen leider nicht zu Seite stehen aber zumindest jetzt nach dem Lockdown k\u00f6nnen wir dem \u00e4u\u00dferst engagierten Direktor der ASO, Herrn Hesse, ein wenig finanziell unter die Arme greifen.<\/p>\n<div><\/div>\n<p style=\"margin: 0cm 0cm 0.0001pt; background: white; font-variant-ligatures: normal; font-variant-caps: normal; orphans: 2; text-align: start; widows: 2; -webkit-text-stroke-width: 0px; word-spacing: 0px;\"><span style=\"color: #333333;\"><img decoding=\"async\" loading=\"lazy\" class=\"aligncenter\" src=\"https:\/\/1.bp.blogspot.com\/-Un0SyRDcEPw\/Xv34w3XBQHI\/AAAAAAAAA4E\/9iB23hcu8D0LtDR4rouPGJ4ukJeMJVVEwCK4BGAsYHg\/w400-h300\/IMG_0055.JPG\" width=\"400\" height=\"300\" border=\"0\" data-original-height=\"1512\" data-original-width=\"2016\" \/><\/span><\/p>\n<p>&nbsp;<\/p>\n<p style=\"margin: 0cm 0cm 0.0001pt; background: white none repeat scroll 0% 0%; font-variant-ligatures: normal; font-variant-caps: normal; text-align: center; -webkit-text-stroke-width: 0px; word-spacing: 0px;\"><span style=\"color: #333333;\">Foto: Investcon (von li. nach re.) Herr\u00a0Maximilian Habsburg Lothringen, BA, Partner von der\u00a0<a href=\"https:\/\/www.nwt.at\/content\/start\/index.html\">Kanzlei Nwt<\/a> und Herr G\u00fcnter Lainer bekannt aus der ORF-Show &#8222;Was gibt es neues&#8220; sowie als Kabarettist<span style=\"color: #202122;\">\u00a0<\/span><span style=\"color: #212121;\"><a href=\"https:\/\/www.guentherlainer.at\/comedyjonglage-gausl\/\">GausL<\/a><br \/>\n<\/span><\/span><\/p>\n<p>&nbsp;<\/p>\n<p style=\"text-align: center;\"><img decoding=\"async\" loading=\"lazy\" class=\"aligncenter\" src=\"https:\/\/1.bp.blogspot.com\/-q3Q7TIlCd6M\/Xv343tZ_3ZI\/AAAAAAAAA4c\/i5JCJ59dpKw5OY-BtGKhyHww6IzPqvmkQCK4BGAsYHg\/w400-h300\/IMG_3719.JPG\" width=\"400\" height=\"300\" border=\"0\" data-original-height=\"1512\" data-original-width=\"2016\" \/><br \/>\n<span style=\"font-family: georgia;\"><span style=\"font-size: small;\">Foto: Investcon: (von li. nach re.) Herr Ing. Stefan Steinbichler &#8211; B\u00fcrgermeister Purkersdorf, Herr Johann Novomestsky &#8211; B\u00fcrgermeister Tullnerbach, Herr Sen. C. Orman<\/span><\/span><\/p>\n<p>Um etwas Budget f\u00fcr sehr teure Sondertherapien oder aufwendig betreute Ausfl\u00fcge zur Verf\u00fcgung zu haben, damit die Kinder etwas von dem tristen Alltag der letzten Monate abzulenken. Kanzleileiter Herr Brunner konnte mit Herrn Senior Consulter Haenlein und Herrn Senior Consulter Orman sowie dem zust\u00e4ndigen B\u00fcrgermeister von Purkersdorf, Herrn Ing. Steinbichler als auch dem Vizeb\u00fcrgermeister\u00a0Herr Andreas Kirnberger\u00a0Vizeb\u00fcrgermeister Purkersdorf, den au\u00dferordentlichen Scheck von 500 Euro als monatliche Unterst\u00fctzung \u00fcbergeben<\/p>\n<p>&nbsp;<\/p>\n<h5 style=\"margin: 0cm 0cm 0.0001pt; background: white none repeat scroll 0% 0%; font-variant-ligatures: normal; font-variant-caps: normal; text-align: center; -webkit-text-stroke-width: 0px; word-spacing: 0px;\"><span style=\"color: #333333;\">Wir bedanken uns besonders f\u00fcr diese Wertsch\u00e4tzung durch ihre Anwesenheit und w\u00fcnschen den Kindern und den Lehrer\/Innen dieser Schule besonders viel Kraft und Gesundheit f\u00fcr die schweren, bevorstehenden Zeiten. Ein besonders gro\u00dfes Dankesch\u00f6n geht nat\u00fcrlich an unsere KlientInnen und Gesch\u00e4ftspartnerInnen, die uns in dieser schweren Zeit Treue gehalten haben. Denn ohne sie h\u00e4tten wir das alles \u00fcberhaupt nicht erm\u00f6glichen k\u00f6nnen!<\/span><\/h5>\n","protected":false},"excerpt":{"rendered":"<p>Charity Award 2020 &nbsp; Nachdem wir 2018\/19 eine kleine Familie mit einem leider schwer kranken Kind unterst\u00fctzen durften, kam dieses &hellip; <\/p>\n","protected":false},"author":1,"featured_media":0,"parent":0,"menu_order":0,"comment_status":"closed","ping_status":"closed","template":"","meta":{"footnotes":""},"_links":{"self":[{"href":"https:\/\/www.invest-con.com\/homepages\/investcon\/wp-json\/wp\/v2\/pages\/1320"}],"collection":[{"href":"https:\/\/www.invest-con.com\/homepages\/investcon\/wp-json\/wp\/v2\/pages"}],"about":[{"href":"https:\/\/www.invest-con.com\/homepages\/investcon\/wp-json\/wp\/v2\/types\/page"}],"author":[{"embeddable":true,"href":"https:\/\/www.invest-con.com\/homepages\/investcon\/wp-json\/wp\/v2\/users\/1"}],"replies":[{"embeddable":true,"href":"https:\/\/www.invest-con.com\/homepages\/investcon\/wp-json\/wp\/v2\/comments?post=1320"}],"version-history":[{"count":1,"href":"https:\/\/www.invest-con.com\/homepages\/investcon\/wp-json\/wp\/v2\/pages\/1320\/revisions"}],"predecessor-version":[{"id":3220,"href":"https:\/\/www.invest-con.com\/homepages\/investcon\/wp-json\/wp\/v2\/pages\/1320\/revisions\/3220"}],"wp:attachment":[{"href":"https:\/\/www.invest-con.com\/homepages\/investcon\/wp-json\/wp\/v2\/media?parent=1320"}],"curies":[{"name":"wp","href":"https:\/\/api.w.org\/{rel}","templated":true}]}}