{"id":120,"date":"2018-02-16T14:02:54","date_gmt":"2018-02-16T13:02:54","guid":{"rendered":"http:\/\/www.invest-con.com\/homepages\/investcon\/?page_id=120"},"modified":"2019-01-22T08:21:11","modified_gmt":"2019-01-22T07:21:11","slug":"bewerbung","status":"publish","type":"page","link":"https:\/\/www.invest-con.com\/homepages\/investcon\/kontakt\/bewerbung\/","title":{"rendered":"Bewerbung"},"content":{"rendered":"<h3>Ausbildung- Karriere<\/h3>\n<p>Der Eintritt bedeutet f\u00fcr einen Mitarbeiter Weiterentwicklung und \u2013 bei au\u00dfergew\u00f6hnlicher Leistung \u2013 einen steilen Karrierepfad, denn die INVEST-CON Finanzconsulting GmbH steht f\u00fcr eine integrierende Arbeitsatmosph\u00e4re.<\/p>\n<p>Mentoren, oftmals Partner oder Direktoren, helfen jedem Einzelnen sich weiterzuentwickeln, sein pers\u00f6nliches Netzwerk zu spannen und vom Know-how seiner Kollegen zu profitieren.<\/p>\n<p>F\u00fcr alle Mitarbeiter gilt unser Leitbild: Konstruktive Kritik ist ausdr\u00fccklich erw\u00fcnscht und so ist die Aus- und Weiterbildung eine besondere Herausforderung f\u00fcr die zust\u00e4ndigen Verantwortlichen. Zudem ist Voraussetzung, dass jeder Personalmanager ein Spezialgebiet aufweist, wobei er neben Soft Skills und emotionaler Kompetenz auch fachliches Know-how vermitteln kann.<\/p>\n<p>Zur Ausbildung \u201eon the Job\u201c kommen je nach Qualifikation und Einsatzgebiet, \u201eof the Job\u201c weitere davon abh\u00e4ngige Ausbildungen!<\/p>\n<p>Viele Wege f\u00fchren zur INVEST-CON Finanzconsulting GmbH. Einstiegsm\u00f6glichkeiten gibt es zu jedem Zeitpunkt und mit jedem Abschluss. Denn so gut wie alle Positionen und Praktika sind m\u00f6glich! Und auf die jeweilige Ausgangssituation der neuen Mitarbeiter abgestimmt. Sie haben zudem die M\u00f6glichkeit, sich von Anfang an zu spezialisieren. Die meisten neuen Mitarbeiter beginnen zwar als Generalisten, es gibt allerdings zwei Kompetenzzentren, bei denen Sie sich f\u00fcr die Ausbildung wie Praktikum direkt bewerben k\u00f6nnen: unsere Verwaltung die sich mit der Schnittstelle zwischen Management \u2013 Mitarbeiter und Marketing besch\u00e4ftigt, sowie unsere Operations-Sektoren im Immobilien, Personalmanagement, Finanz,- oder Rohstoff Gesch\u00e4ft die auf Abwicklung, Qualit\u00e4tscontrolling und Schulungen spezialisiert sind. Und so wird erst nach der wirtschaftlichen Grundausbildung festgelegt f\u00fcr welchen Sektor bzw. welche T\u00e4tigkeit genau Sie eingesetzt werden! Ob Immobilienbereich oder Personalmanagement und Ausbildung \u2013 ob Investmentspezialist, im Rohstoffsektor oder einfach Marketing Mitarbeiter- alles ist m\u00f6glich!<\/p>\n<p>Wir freuen uns schon jetzt auf <a href=\"http:\/\/www.invest-con.com\/homepages\/investcon\/kontakt\/\">Ihre Bewerbung!<\/a><\/p>\n","protected":false},"excerpt":{"rendered":"<p>Ausbildung- Karriere Der Eintritt bedeutet f\u00fcr einen Mitarbeiter Weiterentwicklung und \u2013 bei au\u00dfergew\u00f6hnlicher Leistung \u2013 einen steilen Karrierepfad, denn die &hellip; <\/p>\n","protected":false},"author":1,"featured_media":0,"parent":114,"menu_order":0,"comment_status":"closed","ping_status":"closed","template":"","meta":{"footnotes":""},"_links":{"self":[{"href":"https:\/\/www.invest-con.com\/homepages\/investcon\/wp-json\/wp\/v2\/pages\/120"}],"collection":[{"href":"https:\/\/www.invest-con.com\/homepages\/investcon\/wp-json\/wp\/v2\/pages"}],"about":[{"href":"https:\/\/www.invest-con.com\/homepages\/investcon\/wp-json\/wp\/v2\/types\/page"}],"author":[{"embeddable":true,"href":"https:\/\/www.invest-con.com\/homepages\/investcon\/wp-json\/wp\/v2\/users\/1"}],"replies":[{"embeddable":true,"href":"https:\/\/www.invest-con.com\/homepages\/investcon\/wp-json\/wp\/v2\/comments?post=120"}],"version-history":[{"count":0,"href":"https:\/\/www.invest-con.com\/homepages\/investcon\/wp-json\/wp\/v2\/pages\/120\/revisions"}],"up":[{"embeddable":true,"href":"https:\/\/www.invest-con.com\/homepages\/investcon\/wp-json\/wp\/v2\/pages\/114"}],"wp:attachment":[{"href":"https:\/\/www.invest-con.com\/homepages\/investcon\/wp-json\/wp\/v2\/media?parent=120"}],"curies":[{"name":"wp","href":"https:\/\/api.w.org\/{rel}","templated":true}]}}