{"id":1164,"date":"2018-07-25T12:01:28","date_gmt":"2018-07-25T10:01:28","guid":{"rendered":"http:\/\/www.invest-con.com\/homepages\/investcon\/?page_id=1164"},"modified":"2020-12-11T10:05:41","modified_gmt":"2020-12-11T09:05:41","slug":"dr-bernhard-hofer-pressekontakt","status":"publish","type":"page","link":"https:\/\/www.invest-con.com\/homepages\/investcon\/geschaeftsfuehrung\/dr-bernhard-hofer-pressekontakt\/","title":{"rendered":"Mag. Dr. B. Hofer | Pressekontakt"},"content":{"rendered":"<p><a href=\"http:\/\/public-opinion.at\/ueber-uns\/team\/\"><img decoding=\"async\" loading=\"lazy\" class=\"alignleft size-full wp-image-1213\" src=\"http:\/\/www.invest-con.com\/homepages\/investcon\/wp-content\/uploads\/2018\/07\/cf016265.png\" alt=\"\" width=\"134\" height=\"171\" \/><\/a><\/p>\n<div class=\"clearfix rara-row\"><div class=\"rara_column rara-span3\"><div id=\"cc-m-12748434431\" class=\"j-module n j-text \">\n<ul>\n<li>Studium der Soziologie, Sozialwirtschaft, Theologie<\/li>\n<li>Regional- und Bildungsmanager, Universit\u00e4tslektor und Berater.<\/li>\n<li>CR beim Fachmagazin soziologie heute<\/li>\n<li>Pr\u00e4sident von itrans-Gesellschaft f\u00fcr Wissenstransfer und stellvertretender Pr\u00e4sident beim\u00a0\u00d6sterreichischen Forschungsinstitut f\u00fcr Religion, Ethik und Weltanschauung.<\/li>\n<li>Email: pressestelle@invest-con.com<\/li>\n<li>Tel.: +43 732 302075-0<\/li>\n<li>Fax: +43 732 302075-20<\/li>\n<\/ul>\n<p>Termine nach Vereinbarung<\/p>\n<p>&nbsp;<\/p>\n<\/div><\/div>\n<div class=\"rara_column rara-span3\"><\/div><\/div>\n","protected":false},"excerpt":{"rendered":"","protected":false},"author":1,"featured_media":0,"parent":563,"menu_order":0,"comment_status":"closed","ping_status":"closed","template":"","meta":{"footnotes":""},"_links":{"self":[{"href":"https:\/\/www.invest-con.com\/homepages\/investcon\/wp-json\/wp\/v2\/pages\/1164"}],"collection":[{"href":"https:\/\/www.invest-con.com\/homepages\/investcon\/wp-json\/wp\/v2\/pages"}],"about":[{"href":"https:\/\/www.invest-con.com\/homepages\/investcon\/wp-json\/wp\/v2\/types\/page"}],"author":[{"embeddable":true,"href":"https:\/\/www.invest-con.com\/homepages\/investcon\/wp-json\/wp\/v2\/users\/1"}],"replies":[{"embeddable":true,"href":"https:\/\/www.invest-con.com\/homepages\/investcon\/wp-json\/wp\/v2\/comments?post=1164"}],"version-history":[{"count":1,"href":"https:\/\/www.invest-con.com\/homepages\/investcon\/wp-json\/wp\/v2\/pages\/1164\/revisions"}],"predecessor-version":[{"id":2786,"href":"https:\/\/www.invest-con.com\/homepages\/investcon\/wp-json\/wp\/v2\/pages\/1164\/revisions\/2786"}],"up":[{"embeddable":true,"href":"https:\/\/www.invest-con.com\/homepages\/investcon\/wp-json\/wp\/v2\/pages\/563"}],"wp:attachment":[{"href":"https:\/\/www.invest-con.com\/homepages\/investcon\/wp-json\/wp\/v2\/media?parent=1164"}],"curies":[{"name":"wp","href":"https:\/\/api.w.org\/{rel}","templated":true}]}}