{"id":116,"date":"2018-02-16T14:02:25","date_gmt":"2018-02-16T13:02:25","guid":{"rendered":"http:\/\/www.invest-con.com\/homepages\/investcon\/?page_id=116"},"modified":"2025-04-30T15:54:22","modified_gmt":"2025-04-30T13:54:22","slug":"standorte","status":"publish","type":"page","link":"https:\/\/www.invest-con.com\/homepages\/investcon\/kontakt\/standorte\/","title":{"rendered":"Standorte"},"content":{"rendered":"<p><strong>INVEST-CON Zentrale\u00a0 Linz\/Donau:<\/strong><\/p>\n<div><span style=\"font-size: 14px;\">Adresse: Holzingerstrasse 37, 4030 Linz<\/span><br \/>\n<span style=\"font-size: 14px;\">E-Mail: office@invest-con.com<\/span><\/div>\n<div><span style=\"font-size: 14px;\">Tel.: +43 732 30 20 75 \u2013 0<\/span><\/div>\n<div><span style=\"font-size: 14px;\">Fax: +43 732 30 20 75 \u2013 20<\/span><\/div>\n<div><span style=\"font-size: 9px;\">\u00a0<\/span><\/div>\n<p><iframe loading=\"lazy\" style=\"border: 0;\" src=\"https:\/\/www.google.com\/maps\/embed?pb=!1m18!1m12!1m3!1d2655.49848017682!2d14.300661617861397!3d48.2740251618506!2m3!1f0!2f0!3f0!3m2!1i1024!2i768!4f13.1!3m3!1m2!1s0x4773bd81a96663c7%3A0x6044cb7ceb8efed6!2sInvest-con+Finanzconsulting+GmbH!5e0!3m2!1sde!2sat!4v1523965876182\" width=\"600\" height=\"450\" frameborder=\"0\" allowfullscreen=\"allowfullscreen\"><\/iframe><\/p>\n<p>&#8222;Think global Act local&#8220;<br \/>\nVon Beginn an, war das eines der Leitbilder von den Verantwortlichen in der INVEST-CON!<br \/>\nDaher wurde nach der Firmengr\u00fcndung 2003, der Standort in Linz weiter ausgebaut.<\/p>\n<p>Somit sind wir, mit bester Verkehrsverbindung und in zentraler Lage, von \u00fcberall in \u00d6sterreich gut zu erreichen und so wurde im Jahr 2009, eine neue Firmenzentrale errichtet! Auch wenn Linz, weltweit nicht so bedeutend ist wie die Metropolen, London, New York oder Paris, war und ist Linz einer der wichtigsten Industriestandorte in \u00d6sterreich. So ist man hier mit vielen wichtigen Headquarters, von internationalen Playern, f\u00fcr die Zukunft bestens vernetzt!<\/p>\n<p>&nbsp;<\/p>\n<header id=\"masthead\" role=\"banner\">\n<div>\n<div>\n<nav id=\"site-navigation\" role=\"navigation\">\n<h4>INVEST-CON \u00a0 Kanzlei Maurer Hauptplatz | 23. Bezirk:<\/h4>\n<\/nav>\n<\/div>\n<\/div>\n<\/header>\n<div><span style=\"font-size: 14px;\">Adresse: Endresstra\u00dfe 112, 1230 Wien<\/span><\/div>\n<div><span style=\"font-size: 14px;\">E-Mail: office.wien23@invest-con.com<\/span><\/div>\n<p>.<iframe loading=\"lazy\" style=\"border: 0;\" src=\"https:\/\/www.google.com\/maps\/embed?pb=!1m18!1m12!1m3!1d2661.81847923521!2d16.263385415885214!3d48.15230465811364!2m3!1f0!2f0!3f0!3m2!1i1024!2i768!4f13.1!3m3!1m2!1s0x476da63982fe3763%3A0x31dd9d3a187baf39!2sEndresstra%C3%9Fe%20112%2C%201230%20Wien!5e0!3m2!1sde!2sat!4v1632813773563!5m2!1sde!2sat\" width=\"600\" height=\"450\" allowfullscreen=\"allowfullscreen\"><\/iframe><\/p>\n<p>&nbsp;<\/p>\n<p>Direkt an der Grenze zum Speckg\u00fcrtel bei dem sch\u00f6nen Weinbaugebiet in Perchtoldsdorf und doch in der gr\u00f6\u00dften Stadt \u00d6sterreichs, haben wir mit September 2021 eine weitere Kanzlei er\u00f6ffnet!<\/p>\n<p>In der N\u00e4he der bekannten \u201eWotrubakirche\u201c in Mauer bei Wien, bestens auch von M\u00f6dling und Baden erreichbar, d\u00fcrfen wir unsere Klientinnen und Klienten in der Endresstra\u00dfe 112, 1230 Wien begr\u00fc\u00dfen.<\/p>\n<div id=\"x_AppleMailSignature\">\n<p>&nbsp;<\/p>\n<div><\/div>\n<\/div>\n<div>\n<p>&nbsp;<\/p>\n<\/div>\n","protected":false},"excerpt":{"rendered":"<p>INVEST-CON Zentrale\u00a0 Linz\/Donau: Adresse: Holzingerstrasse 37, 4030 Linz E-Mail: office@invest-con.com Tel.: +43 732 30 20 75 \u2013 0 Fax: +43 &hellip; <\/p>\n","protected":false},"author":1,"featured_media":0,"parent":114,"menu_order":0,"comment_status":"closed","ping_status":"closed","template":"","meta":{"footnotes":""},"_links":{"self":[{"href":"https:\/\/www.invest-con.com\/homepages\/investcon\/wp-json\/wp\/v2\/pages\/116"}],"collection":[{"href":"https:\/\/www.invest-con.com\/homepages\/investcon\/wp-json\/wp\/v2\/pages"}],"about":[{"href":"https:\/\/www.invest-con.com\/homepages\/investcon\/wp-json\/wp\/v2\/types\/page"}],"author":[{"embeddable":true,"href":"https:\/\/www.invest-con.com\/homepages\/investcon\/wp-json\/wp\/v2\/users\/1"}],"replies":[{"embeddable":true,"href":"https:\/\/www.invest-con.com\/homepages\/investcon\/wp-json\/wp\/v2\/comments?post=116"}],"version-history":[{"count":15,"href":"https:\/\/www.invest-con.com\/homepages\/investcon\/wp-json\/wp\/v2\/pages\/116\/revisions"}],"predecessor-version":[{"id":4296,"href":"https:\/\/www.invest-con.com\/homepages\/investcon\/wp-json\/wp\/v2\/pages\/116\/revisions\/4296"}],"up":[{"embeddable":true,"href":"https:\/\/www.invest-con.com\/homepages\/investcon\/wp-json\/wp\/v2\/pages\/114"}],"wp:attachment":[{"href":"https:\/\/www.invest-con.com\/homepages\/investcon\/wp-json\/wp\/v2\/media?parent=116"}],"curies":[{"name":"wp","href":"https:\/\/api.w.org\/{rel}","templated":true}]}}