{"id":114,"date":"2018-02-16T14:02:09","date_gmt":"2018-02-16T13:02:09","guid":{"rendered":"http:\/\/www.invest-con.com\/homepages\/investcon\/?page_id=114"},"modified":"2025-04-30T15:52:03","modified_gmt":"2025-04-30T13:52:03","slug":"kontakt","status":"publish","type":"page","link":"https:\/\/www.invest-con.com\/homepages\/investcon\/kontakt\/","title":{"rendered":"Kontakt f\u00fcr: INVEST-CON Linz, 1230 Maurer Hauptplatz und Burgenland"},"content":{"rendered":"<address><strong>INVEST-CON<\/strong><\/address>\n<div class=\"mod_address\">\n<address>\n<ul>\n<li>Holzingerstra\u00dfe 37<\/li>\n<li>4030 Linz<\/li>\n<li>Um zu unseren aktuellen \u00d6ffnungszeiten zu gelangen, klicken Sie bitte hier: <a href=\"https:\/\/www.invest-con.com\/homepages\/investcon\/kontakt\/unsere-oeffnungszeiten\/\">\u00d6ffnungszeiten<\/a><\/li>\n<li>Tel.: +43 732 30 20 75 &#8211; 0<\/li>\n<li>Fax: +43 732 30 20 75 &#8211; 20<\/li>\n<li>office@invest-con.com<\/li>\n<li>office.wien@invest-con.com<\/li>\n<li>office.wien23@invest-con.com<\/li>\n<li>office.frauenkirchen@invest-con.com<\/li>\n<\/ul>\n<\/address>\n<\/div>\n<p><a href=\"http:\/\/www.wkoecg.at\/Web\/Ecg.aspx?FirmaID=ea91981a-9669-469b-a903-15f6cf54917a\" target=\"_blank\" rel=\"noopener\"><img decoding=\"async\" src=\"http:\/\/www.wkoecg.at\/Web\/Library\/img\/ecg.gif\" alt=\"Informationen zu E-Commerce und Mediengesetz\" \/><\/a><\/p>\n<p>\u201eThink global Act local\u201c<br \/>\nVon Beginn an, war das eines der Leitbilder von den Verantwortlichen in der INVEST-CON!<br \/>\nDaher wurde nach der Firmengr\u00fcndung 2003, der Standort in Linz weiter ausgebaut.<\/p>\n<p>Somit sind wir, mit bester Verkehrsverbindung und in zentraler Lage, von \u00fcberall in \u00d6sterreich gut zu erreichen und so wurde im Jahr 2009, eine neue Firmenzentrale errichtet! Auch wenn Linz, weltweit nicht so bedeutend ist wie die Metropolen, London, New York oder Paris, war und ist Linz einer der wichtigsten Industriestandorte in \u00d6sterreich. So ist man hier mit vielen wichtigen Headquarters, von internationalen Playern, f\u00fcr die Zukunft bestens vernetzt!<\/p>\n","protected":false},"excerpt":{"rendered":"<p>INVEST-CON Holzingerstra\u00dfe 37 4030 Linz Um zu unseren aktuellen \u00d6ffnungszeiten zu gelangen, klicken Sie bitte hier: \u00d6ffnungszeiten Tel.: +43 732 &hellip; <\/p>\n","protected":false},"author":1,"featured_media":0,"parent":0,"menu_order":0,"comment_status":"closed","ping_status":"closed","template":"","meta":{"footnotes":""},"_links":{"self":[{"href":"https:\/\/www.invest-con.com\/homepages\/investcon\/wp-json\/wp\/v2\/pages\/114"}],"collection":[{"href":"https:\/\/www.invest-con.com\/homepages\/investcon\/wp-json\/wp\/v2\/pages"}],"about":[{"href":"https:\/\/www.invest-con.com\/homepages\/investcon\/wp-json\/wp\/v2\/types\/page"}],"author":[{"embeddable":true,"href":"https:\/\/www.invest-con.com\/homepages\/investcon\/wp-json\/wp\/v2\/users\/1"}],"replies":[{"embeddable":true,"href":"https:\/\/www.invest-con.com\/homepages\/investcon\/wp-json\/wp\/v2\/comments?post=114"}],"version-history":[{"count":14,"href":"https:\/\/www.invest-con.com\/homepages\/investcon\/wp-json\/wp\/v2\/pages\/114\/revisions"}],"predecessor-version":[{"id":4295,"href":"https:\/\/www.invest-con.com\/homepages\/investcon\/wp-json\/wp\/v2\/pages\/114\/revisions\/4295"}],"wp:attachment":[{"href":"https:\/\/www.invest-con.com\/homepages\/investcon\/wp-json\/wp\/v2\/media?parent=114"}],"curies":[{"name":"wp","href":"https:\/\/api.w.org\/{rel}","templated":true}]}}