{"id":110,"date":"2018-02-16T14:01:41","date_gmt":"2018-02-16T13:01:41","guid":{"rendered":"http:\/\/www.invest-con.com\/homepages\/investcon\/?page_id=110"},"modified":"2023-04-27T11:14:31","modified_gmt":"2023-04-27T09:14:31","slug":"sponsoring","status":"publish","type":"page","link":"https:\/\/www.invest-con.com\/homepages\/investcon\/aktuelles\/sponsoring\/","title":{"rendered":"Sponsoring"},"content":{"rendered":"<p>INVEST-CON unterst\u00fctzt nicht nur seine KlientInnen und Consulter, sondern engagiert sich auch in vielen anderen wirtschaftlichen Bereichen um Know-How und Erfahrung weiterzugeben und mit anderen innovativen Unternehmern\/innen ein unschlagbares Team zu bilden. Dadurch werden auch f\u00fcr unsere Kunden viele neue Vorteile und interessante Informationsbereiche erschlossen.<\/p>\n<div>\n<div class=\"mod_lightbox_sponsoring clearfix\">\n<div class=\"sponsor\">\n<div id=\"mod-lightbox-kamikaze\" class=\"box visuallyhidden\">\n<h2><a href=\"https:\/\/www.waterski.at\/#sponsoren\">Wasserski &#8211; Europacup 2023 &#8211; WWSC-Asten Ausee<\/a><\/h2>\n<p>Es war uns auch im Jahr 2022 eine ganz besondere Freude, bei diesem au\u00dfergew\u00f6hnlichen Sportereignis anwesend sein zu k\u00f6nnen und die engagierten Jungtalente f\u00f6rdern und unterst\u00fctzen zu d\u00fcrfen!<\/p>\n<p>Auch 2023 d\u00fcrfen wir diese gro\u00dfartige Veranstaltung wieder unterst\u00fctzen. Von 28. bis 30. Juli 2023 wird der Wettkampf wieder ausgetragen.<br \/>\nWir w\u00fcnschen allen L\u00e4ufern des WWSC-Asten Ausee, schon jetzt viel Erfolg!<\/p>\n<\/div>\n<\/div>\n<\/div>\n<\/div>\n<div data-blogger-escaped-style=\"background-color: white; max-width: 100%; text-align: justify;\"><\/div>\n<div data-blogger-escaped-style=\"background-color: white; max-width: 100%; text-align: justify;\"><\/div>\n<div>\n<div class=\"mod_lightbox_sponsoring clearfix\">\n<div class=\"sponsor\">\n<h2><a href=\"http:\/\/www.uhclinz.at\/sponsoren\/\">UHC Linz<\/a><\/h2>\n<\/div>\n<div class=\"sponsor\">\n<p><img decoding=\"async\" loading=\"lazy\" class=\"alignnone wp-image-157\" src=\"http:\/\/www.invest-con.com\/homepages\/investcon\/wp-content\/uploads\/2018\/02\/uhc.png\" alt=\"\" width=\"196\" height=\"140\" \/><\/p>\n<div id=\"mod-lightbox-uhc-linz\" class=\"box visuallyhidden\">\n<p><span style=\"font-size: 18px;\"><a href=\"https:\/\/investcon.blogspot.com\/2019\/04\/sponsoring-herzlichen-gluckwunsch-die.html\">2019 Die Damen des UHC Linz werden Staatsmeister!\u00a0<\/a><\/span><\/p>\n<p><img decoding=\"async\" loading=\"lazy\" class=\"\" src=\"https:\/\/2.bp.blogspot.com\/-33s9xl2GrCc\/XLg2gSN1BRI\/AAAAAAAAAhg\/X0Db3ihYf40vMfX1uL3PpRip4-E1coPzQCLcBGAs\/s400\/IMG_4262.JPG\" width=\"311\" height=\"233\" \/><\/p>\n<p>Wir sponsern\u00a0den UHC Linz\u00a0bereits seit dem Jahr 2017\u00a0und daher freut es uns ganz besonders solche Erfolge miterleben zu d\u00fcrfen!<\/p>\n<p>Hier ein Auszug des Spiels:<\/p>\n<\/div>\n<p>[&#8230; Wien versucht alles in die Offensive zu werfen. Durch viel Erfahrung und Willensst\u00e4rke der Wiener Spielerinnen gelingt es noch dreimal im Linzer Tor ein zu netzen. Doch all das reicht nicht um den gro\u00dfen Vorsprung auf den FSG Linz\/Rum aufzuholen. Schlussendlich geht das Entscheidungsspiel 7:3 f\u00fcr den FSG Linz\/Rum zu Ende.<\/p>\n<div>\n<div>Zusammenfassend kann man sagen, dass die Titel hungrigen Neulinge der Damen Bundesliga gegen das erfahrene Team siegen konnten. Damit ist die Saison in der Damen-Bundesliga nun zu Ende und wir fiebern bereits der n\u00e4chsten Saison entgegen! &#8230;]<\/div>\n<\/div>\n<\/div>\n<\/div>\n<\/div>\n<div><\/div>\n<div>\n<div class=\"mod_lightbox_sponsoring clearfix\">\n<div class=\"sponsor\">\n<h1><\/h1>\n<h1><\/h1>\n<h4><span style=\"font-size: 18px;\">\u00a0Was ist Floorball eigentlich?:<\/span><\/h4>\n<h1><\/h1>\n<\/div>\n<\/div>\n<p>Das moderne Floorball wurde in den 70er Jahren in Schweden als Sommertraining f\u00fcr Eishockeyspieler entwickelt und vereint das Beste diverser Hockeysportarten wie Eishockey, Streethockey oder Bandy. Floorball trainiert umfassend Motorik und Fitness. Die klaren, einsichtigen Regeln und der hohe Aufforderungscharakter machen Floorball insbesondere f\u00fcr Kinder jeden Alters leicht erlernbar.<\/p>\n<p>Floorball wird in \u00d6sterreich in 53 Vereinen gespielt. Der \u00f6sterreichische Floorballverband (\u00d6FBV) z\u00e4hlt \u00fcber 1200 lizenzierte SpielerInnen und 2500 Mitglieder.<\/p>\n<div class=\"mod_lightbox_sponsoring clearfix\">\n<div class=\"sponsor\">\n<h1><\/h1>\n<h1><\/h1>\n<h1><\/h1>\n<h2><a href=\"http:\/\/www.cliniclowns-oberoesterreich.at\/helfen\/projekte-unterstuetzen\/\">CliniClowns<\/a><\/h2>\n<\/div>\n<div class=\"sponsor\">\n<p><img decoding=\"async\" title=\"\" src=\"http:\/\/investcon.at\/uploads\/resampled\/150x150_fw\/images\/171_Jubilaeumslogo_CMYK_rot.jpg\" alt=\"\" \/><\/p>\n<div id=\"mod-lightbox-cliniclowns\" class=\"box visuallyhidden\">\n<p>Trotz h\u00f6chsten medizinischen Standards bleibt es manchen leider nicht erspart l\u00e4nger ins Krankenhaus zu m\u00fcssen. Vor allem f\u00fcr Kinder ist der Aufenthalt in einem Krankenhaus niemals erfreulich und gerade f\u00fcr die Kleinsten ist es besonders schlimm von ihren Familien getrennt zu sein.<\/p>\n<p>Professionelle Teams und auch ehrenamtlich arbeitende \u00c4rzte, die im Krankenhaus als Clini Clowns (<a href=\"http:\/\/www.cliniclowns-oberoesterreich.at\/spitaeler\/Landes-Frauen-und-Kinderklinik\/\">http:\/\/www.cliniclowns-oberoesterreich.at\/spitaeler\/Landes-Frauen-und-Kinderklinik\/<\/a>) auftreten unterst\u00fctzen die Familien. Die Kinder werden somit abgelenkt und k\u00f6nnen daher zumindest f\u00fcr ein paar Stunden ihre Sorgen vergessen. Sie verhelfen damit nat\u00fcrlich auch zu einer schnelleren Genesung. Invest-con Finanzconsulting GmbH liegen Kinder besonders am Herzen und freut sie die \u201eClini Clowns\u201c finanziell unterst\u00fctzen zu d\u00fcrfen.<\/p>\n<\/div>\n<\/div>\n<div class=\"sponsor\"><\/div>\n<div class=\"sponsor\">\n<div id=\"mod-lightbox-Oesterreichtag\" class=\"box visuallyhidden\">\n<p>&nbsp;<\/p>\n<\/div>\n<\/div>\n<\/div>\n<\/div>\n","protected":false},"excerpt":{"rendered":"<p>INVEST-CON unterst\u00fctzt nicht nur seine KlientInnen und Consulter, sondern engagiert sich auch in vielen anderen wirtschaftlichen Bereichen um Know-How und &hellip; <\/p>\n","protected":false},"author":1,"featured_media":0,"parent":106,"menu_order":0,"comment_status":"closed","ping_status":"closed","template":"","meta":{"footnotes":""},"_links":{"self":[{"href":"https:\/\/www.invest-con.com\/homepages\/investcon\/wp-json\/wp\/v2\/pages\/110"}],"collection":[{"href":"https:\/\/www.invest-con.com\/homepages\/investcon\/wp-json\/wp\/v2\/pages"}],"about":[{"href":"https:\/\/www.invest-con.com\/homepages\/investcon\/wp-json\/wp\/v2\/types\/page"}],"author":[{"embeddable":true,"href":"https:\/\/www.invest-con.com\/homepages\/investcon\/wp-json\/wp\/v2\/users\/1"}],"replies":[{"embeddable":true,"href":"https:\/\/www.invest-con.com\/homepages\/investcon\/wp-json\/wp\/v2\/comments?post=110"}],"version-history":[{"count":5,"href":"https:\/\/www.invest-con.com\/homepages\/investcon\/wp-json\/wp\/v2\/pages\/110\/revisions"}],"predecessor-version":[{"id":3858,"href":"https:\/\/www.invest-con.com\/homepages\/investcon\/wp-json\/wp\/v2\/pages\/110\/revisions\/3858"}],"up":[{"embeddable":true,"href":"https:\/\/www.invest-con.com\/homepages\/investcon\/wp-json\/wp\/v2\/pages\/106"}],"wp:attachment":[{"href":"https:\/\/www.invest-con.com\/homepages\/investcon\/wp-json\/wp\/v2\/media?parent=110"}],"curies":[{"name":"wp","href":"https:\/\/api.w.org\/{rel}","templated":true}]}}