{"id":106,"date":"2018-02-16T14:01:17","date_gmt":"2018-02-16T13:01:17","guid":{"rendered":"http:\/\/www.invest-con.com\/homepages\/investcon\/?page_id=106"},"modified":"2025-12-10T07:00:20","modified_gmt":"2025-12-10T06:00:20","slug":"aktuelles","status":"publish","type":"page","link":"https:\/\/www.invest-con.com\/homepages\/investcon\/aktuelles\/","title":{"rendered":"Aktuelles"},"content":{"rendered":"<p><b>Unsere Finanzm\u00e4rkte \u00e4ndern sich stetig und gerade in der heutigen Zeit ist es besonders wichtig immer am neuesten Stand zu bleiben. Um spannende wirtschaftliche Entwicklungen Weltweit nachverfolgen zu k\u00f6nnen, erhalten Sie die M\u00f6glichkeit von unseren besten Spezialisten durch unseren exklusiven<\/b><a style=\"font-weight: bold;\" href=\"http:\/\/investcon.blogspot.co.at\/\">\u00a0INVEST-CON Blog\u00a0<\/a><b>\u00a0jederzeit, die wichtigsten Informationen nachlesen zu k\u00f6nnen.<\/b><\/p>\n<p><strong>Sie sollten nur mit einem Unternehmen Gesch\u00e4fte t\u00e4tigen, das von einer\u00a0<a href=\"http:\/\/www.fma.gv.at\/de\/verbraucher\/investorenwarnungen.html?tx_devnewssearch_pi1%5Bsort%5D=TA.DA\">Aufsichtsbeh\u00f6rde in einem EU-Mitgliedstaat beaufsichtigt wird<\/a>. Wenn Sie in Europa Gesch\u00e4fte mit einem Unternehmen t\u00e4tigen, das nicht von einer Aufsichtsbeh\u00f6rde eines EU-Mitgliedstaats beaufsichtigt wird, laufen Sie Gefahr, an einen Betr\u00fcger zu geraten.<\/strong><\/p>\n<div>\n<div data-blogger-escaped-style=\"background-color: white; box-sizing: inherit; margin-bottom: 1.5em;\">\n<div data-blogger-escaped-style=\"text-align: justify;\">\n<div data-blogger-escaped-style=\"box-sizing: border-box; font-stretch: inherit; line-height: inherit; padding: 0px; text-align: justify; text-shadow: 0px 1px rgba(0,0,0,0.3);\">\n<hr \/>\n<\/div>\n<\/div>\n<\/div>\n<div data-blogger-escaped-style=\"box-sizing: border-box; font-stretch: inherit; line-height: inherit; padding: 0px; text-align: justify; text-shadow: 0px 1px rgba(0,0,0,0.3);\">\n<h3 style=\"text-align: center;\"><a href=\"https:\/\/investcon.blogspot.com\/2025\/05\/invest-con-ist-wieder-unter-den-top.html\">Invest-con ist wieder unter den Top Beratern des Jahres 2025 \ud83d\udd25<\/a><\/h3>\n<p style=\"text-align: center;\">[&#8230;\u00a0<strong>Die Top Berater des Landes\u00a0<\/strong><\/p>\n<p style=\"text-align: center;\"><strong>G\u00fctesiegel.<\/strong>\u00a0Rund 3000 Berater-Unternehmen mit Stammsitz in \u00d6sterreich wurden analysiert und bewertet<\/p>\n<p style=\"text-align: center;\">Zum dritten Mal hat das Institut f\u00fcr Management und Wirtschaftsforschung (IMWF Austria) die \u00f6ffentliche Reputation \u00f6sterreichischer Berater untersucht, in Kooperation mit dem KURIER als Medienpartner.<\/p>\n<p style=\"text-align: center;\">Die Analyse konzentrierte sich auf Unternehmen, die ihren Fokus und Stammsitz in \u00d6sterreich haben.<\/p>\n<p style=\"text-align: center;\"><strong>Methode<\/strong><\/p>\n<p style=\"text-align: center;\">F\u00fcr die Studie zur Auszeichnung \u201eTop Berater 2025\u201c wurden rund 3.000 Unternehmen aus den Branchen Steuerberatung, Finanzberatung, Versicherungsberatung, IT-Beratung, HR-Beratung, Personalvermittlung, Personalleasing, Digitales Marketing, SEO &amp; Webdesign, sowie Unternehmensberatung untersucht.\u00a0&#8230;]\u00a0Quelle:\u00a0<a href=\"https:\/\/imwf.at\/media\/tb25_1007_stamm.pdf\">TOP-Berater 2025<\/a><\/p>\n<p style=\"font-weight: 400; text-align: center;\">Um den gesamten Artikel anzusehen, klicken Sie bitte hier:\u00a0<a href=\"https:\/\/imwf.at\/media\/tb25_1007_stamm.pdf\">TOP-Berater 2025<\/a><\/p>\n<p style=\"text-align: center;\">Wir bedanken uns herzlich bei unseren treuen KlientInnen, unseren engagierten\u00a0 Gesch\u00e4ftspartnerInnen und dem Kurier, f\u00fcr die tolle Unterst\u00fctzung. Denn ohne sie h\u00e4tten wir diese Auszeichnung nicht bekommen.<\/p>\n<p style=\"text-align: center;\">\u00a0Top-Berater 2025\u00a0\ud83d\udc96<\/p>\n<\/div>\n<div data-blogger-escaped-style=\"box-sizing: border-box; font-stretch: inherit; line-height: inherit; padding: 0px; text-align: justify; text-shadow: 0px 1px rgba(0,0,0,0.3);\">\n<p><em>Die\u00a0Analyse dient nicht als konkrete Handelsempfehlung. Eine Haftung f\u00fcr Verm\u00f6genssch\u00e4den ist ausgeschlossen. Konsultieren Sie vor Anlageentscheidungen Ihren\u00a0<a href=\"https:\/\/www.blogger.com\/blog\/post\/edit\/3398834070284540073\/8867068254612828208?hl=de\">INVEST-CON Berater.<\/a><\/em><\/p>\n<p>Disclaimer: Die angef\u00fchrten Informationen dienen lediglich der unverbindlichen Information, stellen kein Angebot zum Kauf oder Verkauf der genannten Finanzinstrumente dar und d\u00fcrfen auch nicht so ausgelegt werden. Die Informationen dienen nicht als Entscheidungshilfe f\u00fcr rechtliche, steuerliche oder andere Beratungsfragen. Jeder, der diese Daten zu diesen Zwecken nutzt, \u00fcbernimmt hierf\u00fcr die volle Verantwortung. Wir weisen ausdr\u00fccklich darauf hin, dass Investitionen in die beschriebenen Finanzinstrumente mit Risiken verbunden und nicht f\u00fcr jeden Anleger geeignet sind. Soweit Informationen zu einer bestimmten steuerlichen Behandlung gegeben werden, weisen wir darauf hin, dass die steuerliche Behandlung von den pers\u00f6nlichen Verh\u00e4ltnissen des Anlegers abh\u00e4ngt und k\u00fcnftig \u00c4nderungen unterworfen sein kann. Die\u00a0INVEST-CON Group Beteiligungs GmbH\u00a0und ihre verbundenen Unternehmen\u00a0 geben ausschlie\u00dflich ihre Meinung\/en wieder und \u00fcbernehmen keine Garantie f\u00fcr die Korrektheit, Zuverl\u00e4ssigkeit, Aktualit\u00e4t oder Vollst\u00e4ndigkeit der genannten Informationen. Es besteht keine Verpflichtung zur Richtigstellung etwaiger unzutreffender, unvollst\u00e4ndiger oder \u00fcberholter Angaben. Weitere Informationen zum Unternehmen finden Sie unter:\u00a0<a href=\"https:\/\/www.blogger.com\/blog\/post\/edit\/3398834070284540073\/8867068254612828208?hl=de\">group.invest-con.at<\/a><\/p>\n<\/div>\n<\/div>\n<div>\n<div data-blogger-escaped-style=\"box-sizing: border-box; font-stretch: inherit; line-height: inherit; padding: 0px; text-align: justify; text-shadow: 0px 1px rgba(0,0,0,0.3);\">\n<div data-blogger-escaped-style=\"background-color: white; color: #454545; font-family: &quot;.SF UI Display&quot;; line-height: normal;\"><\/div>\n<div data-blogger-escaped-style=\"background-color: white; color: #454545; font-family: &quot;.SF UI Display&quot;; line-height: normal;\">\n<p data-original-attrs=\"{&quot;style&quot;:&quot;&quot;}\">\n<\/div>\n<\/div>\n<\/div>\n","protected":false},"excerpt":{"rendered":"<p>Unsere Finanzm\u00e4rkte \u00e4ndern sich stetig und gerade in der heutigen Zeit ist es besonders wichtig immer am neuesten Stand zu &hellip; <\/p>\n","protected":false},"author":1,"featured_media":0,"parent":0,"menu_order":0,"comment_status":"closed","ping_status":"closed","template":"","meta":{"footnotes":""},"_links":{"self":[{"href":"https:\/\/www.invest-con.com\/homepages\/investcon\/wp-json\/wp\/v2\/pages\/106"}],"collection":[{"href":"https:\/\/www.invest-con.com\/homepages\/investcon\/wp-json\/wp\/v2\/pages"}],"about":[{"href":"https:\/\/www.invest-con.com\/homepages\/investcon\/wp-json\/wp\/v2\/types\/page"}],"author":[{"embeddable":true,"href":"https:\/\/www.invest-con.com\/homepages\/investcon\/wp-json\/wp\/v2\/users\/1"}],"replies":[{"embeddable":true,"href":"https:\/\/www.invest-con.com\/homepages\/investcon\/wp-json\/wp\/v2\/comments?post=106"}],"version-history":[{"count":22,"href":"https:\/\/www.invest-con.com\/homepages\/investcon\/wp-json\/wp\/v2\/pages\/106\/revisions"}],"predecessor-version":[{"id":4389,"href":"https:\/\/www.invest-con.com\/homepages\/investcon\/wp-json\/wp\/v2\/pages\/106\/revisions\/4389"}],"wp:attachment":[{"href":"https:\/\/www.invest-con.com\/homepages\/investcon\/wp-json\/wp\/v2\/media?parent=106"}],"curies":[{"name":"wp","href":"https:\/\/api.w.org\/{rel}","templated":true}]}}