{"id":1025,"date":"2018-06-13T10:24:13","date_gmt":"2018-06-13T08:24:13","guid":{"rendered":"http:\/\/www.invest-con.com\/homepages\/investcon\/?page_id=1025"},"modified":"2020-06-02T14:08:42","modified_gmt":"2020-06-02T12:08:42","slug":"whistleblower-hotline","status":"publish","type":"page","link":"https:\/\/www.invest-con.com\/homepages\/investcon\/whistleblower-hotline\/","title":{"rendered":"Whistleblower Hotline"},"content":{"rendered":"\n<div class=\"wpcf7 no-js\" id=\"wpcf7-f1024-o1\" lang=\"de-DE\" dir=\"ltr\">\n<div class=\"screen-reader-response\"><p role=\"status\" aria-live=\"polite\" aria-atomic=\"true\"><\/p> <ul><\/ul><\/div>\n<form action=\"\/homepages\/investcon\/wp-json\/wp\/v2\/pages\/1025#wpcf7-f1024-o1\" method=\"post\" class=\"wpcf7-form init\" aria-label=\"Kontaktformular\" enctype=\"multipart\/form-data\" novalidate=\"novalidate\" data-status=\"init\">\n<div style=\"display: none;\">\n<input type=\"hidden\" name=\"_wpcf7\" value=\"1024\" \/>\n<input type=\"hidden\" name=\"_wpcf7_version\" value=\"5.9.8\" \/>\n<input type=\"hidden\" name=\"_wpcf7_locale\" value=\"de_DE\" \/>\n<input type=\"hidden\" name=\"_wpcf7_unit_tag\" value=\"wpcf7-f1024-o1\" \/>\n<input type=\"hidden\" name=\"_wpcf7_container_post\" value=\"0\" \/>\n<input type=\"hidden\" name=\"_wpcf7_posted_data_hash\" value=\"\" \/>\n<\/div>\n<p>Sie haben Kenntnis von Missst\u00e4nden oder Verst\u00f6\u00dfen gegen das Geldw\u00e4schegesetz oder gegen das Wertpapieraufsichtsrecht, bei Invest-con Finanzconsulting GmbH?\n<\/p>\n<p>Um Sie als Hinweisgeber wirksam zu sch\u00fctzen, stellen wir Ihnen hier eine Kommunikationsplattform zur Abgabe anonymer Hinweise zur Verf\u00fcgung.\n<\/p>\n<p>1. Info\/Erkl\u00e4rung - Geldw\u00e4sche und Terrorismusfinanzierung:<br \/>\nVerst\u00f6\u00dfe gegen die Einhaltung der Sorgfaltspflichten im Bereich Geldw\u00e4sche und Terrorismusfinanzierung, insbesondere aufgrund des Bankwesengesetzes und des Versicherungsaufsichtsgesetzes.<br \/>\nS\u00e4mtliche Bundesgesetze sowie auf Grund dieser Bundesgesetze erlassene Verordnungen k\u00f6nnen kostenfrei unter www.ris.bka.gv.at aufgerufen werden. EU-Richtlinientexte sowie EU\u2010Verordnungen k\u00f6nnen \u00fcber eur-lex.europa.eu, dem Portal zum Recht der Europ\u00e4ischen Union bzw. \u00fcber die Website der Europ\u00e4ischen Kommission, abgefragt werden. Verbindlich ist ausschlie\u00dflich das in den gedruckten Ausgaben des Amtsblattes der Europ\u00e4ischen Union ver\u00f6ffentlichte Gemeinschaftsrecht.\n<\/p>\n<p>2. Info\/Erkl\u00e4rung - Wertpapieraufsicht:<br \/>\nSonstige Verst\u00f6\u00dfe gegen im Rahmen der Wertpapieraufsicht (au\u00dfer Markt\u2010 und B\u00f6rseaufsicht) wahrzunehmende Bestimmungen, insbesondere Wertpapieraufsichtsgesetz 2018, Kapitalmarktgesetz 1992, Investmentfondsgesetz 2011, Betriebliches Mitarbeiter\u2010 und Selbst\u00e4ndigenvorsorgegesetz, Immobilien\u2010Investmentfondsgesetz, Alternatives Investmentfonds Manager\u2010Gesetz sowie die auf Grund dieser Bundesgesetze erlassenen Verordnungen, die Bestimmungen der f\u00fcr die Wertpapieraufsicht relevanten technischen Standards im Sinne der Art. 10 bis 15 der Verordnung (EU) Nr. 1095\/2010 (\"ESMA\u2010VO\").<br \/>\nS\u00e4mtliche Bundesgesetze sowie auf Grund dieser Bundesgesetze erlassene Verordnungen k\u00f6nnen kostenfrei unter www.ris.bka.gv.at aufgerufen werden. EU-Richtlinientexte sowie EU\u2010Verordnungen k\u00f6nnen \u00fcber eur-lex.europa.eu, dem Portal zum Recht der Europ\u00e4ischen Union bzw. \u00fcber die Website der Europ\u00e4ischen Kommission, abgefragt werden. Verbindlich ist ausschlie\u00dflich das in den gedruckten Ausgaben des Amtsblattes der Europ\u00e4ischen Union ver\u00f6ffentlichte Gemeinschaftsrecht.\n<\/p>\n<p><label> Betreff<br \/>\n<span class=\"wpcf7-form-control-wrap\" data-name=\"your-subject\"><input size=\"40\" maxlength=\"400\" class=\"wpcf7-form-control wpcf7-text\" aria-invalid=\"false\" value=\"\" type=\"text\" name=\"your-subject\" \/><\/span> <\/label>\n<\/p>\n<p><label> Ihre Nachricht<br \/>\n<span class=\"wpcf7-form-control-wrap\" data-name=\"your-message\"><textarea cols=\"40\" rows=\"10\" maxlength=\"2000\" class=\"wpcf7-form-control wpcf7-textarea\" aria-invalid=\"false\" name=\"your-message\"><\/textarea><\/span> <\/label>\n<\/p>\n<p><span class=\"wpcf7-form-control-wrap\" data-name=\"file-541\"><input size=\"40\" class=\"wpcf7-form-control wpcf7-file\" accept=\".doc,.pdf\" aria-invalid=\"false\" type=\"file\" name=\"file-541\" \/><\/span>\n<\/p>\n<p>Sicherheitsabfrage<br \/>\nUm das System vor maschinellen Angriffen zu sch\u00fctzen, ben\u00f6tigen wir die Eingabe des unten stehenden Captchas.<br \/>\n[recaptcha]\n<\/p>\n<p><input class=\"wpcf7-form-control wpcf7-submit has-spinner\" type=\"submit\" value=\"Senden\" \/>\n<\/p><div class=\"wpcf7-response-output\" aria-hidden=\"true\"><\/div>\n<\/form>\n<\/div>\n\n","protected":false},"excerpt":{"rendered":"","protected":false},"author":1,"featured_media":0,"parent":0,"menu_order":0,"comment_status":"closed","ping_status":"closed","template":"","meta":{"footnotes":""},"_links":{"self":[{"href":"https:\/\/www.invest-con.com\/homepages\/investcon\/wp-json\/wp\/v2\/pages\/1025"}],"collection":[{"href":"https:\/\/www.invest-con.com\/homepages\/investcon\/wp-json\/wp\/v2\/pages"}],"about":[{"href":"https:\/\/www.invest-con.com\/homepages\/investcon\/wp-json\/wp\/v2\/types\/page"}],"author":[{"embeddable":true,"href":"https:\/\/www.invest-con.com\/homepages\/investcon\/wp-json\/wp\/v2\/users\/1"}],"replies":[{"embeddable":true,"href":"https:\/\/www.invest-con.com\/homepages\/investcon\/wp-json\/wp\/v2\/comments?post=1025"}],"version-history":[{"count":0,"href":"https:\/\/www.invest-con.com\/homepages\/investcon\/wp-json\/wp\/v2\/pages\/1025\/revisions"}],"wp:attachment":[{"href":"https:\/\/www.invest-con.com\/homepages\/investcon\/wp-json\/wp\/v2\/media?parent=1025"}],"curies":[{"name":"wp","href":"https:\/\/api.w.org\/{rel}","templated":true}]}}