{"id":102,"date":"2018-02-16T14:00:53","date_gmt":"2018-02-16T13:00:53","guid":{"rendered":"http:\/\/www.invest-con.com\/homepages\/investcon\/?page_id=102"},"modified":"2020-09-15T14:10:55","modified_gmt":"2020-09-15T12:10:55","slug":"ethik-esgfonds","status":"publish","type":"page","link":"https:\/\/www.invest-con.com\/homepages\/investcon\/finanzconsulting\/ethik-esgfonds\/","title":{"rendered":"Ethik &#038; ESG Fonds"},"content":{"rendered":"<p>Im M\u00e4rz 2018 ver\u00f6ffentlichte die Europ\u00e4ische Kommission einen Aktionsplan &#8222;Nachhaltige Finanzierung&#8220; (Aktionsplan zur Finanzierung nachhaltigen Wachstums bzw. &#8222;Sustainable Finance&#8220;). Der Plan folgt dem Pariser Klimaabkommen 2016 und der Agenda 2030 der Vereinten Nationen f\u00fcr nachhaltige Entwicklung. Die ersten umfassenden Legislativvorschl\u00e4ge zur Umsetzung des Aktionsplans Sustainable Finance ver\u00f6ffentlichte die Kommission im Mai 2018.<\/p>\n<p>Es gibt \u00fcberzeugende Argumente, die daf\u00fcrsprechen, den Finanzsektor in den Dienst unseres Planeten zu stellen: Erstens bedrohen die Auswirkungen des Klimawandels bereits jetzt die Finanzstabilit\u00e4t und verursachen betr\u00e4chtliche wirtschaftliche Verluste \u2013 etwa durch Hochwasser, Bodenerosion oder D\u00fcrre. 2018 erreichten die Versicherungssch\u00e4den infolge von Naturkatastrophen mit 110 Mrd. EUR ein Rekordniveau. Zweitens k\u00f6nnte, wenn wir die Augen zu lange vor den Realit\u00e4ten der Erderw\u00e4rmung verschlie\u00dfen, ein Gro\u00dfteil der heute get\u00e4tigten Investitionen letztlich nur ein Tropfen auf dem hei\u00dfen Stein bleiben. Der EU-Finanzsektor verf\u00fcgt \u00fcber das Potenzial, den Bereich nachhaltige Finanzierungen weiter auszubauen und hier weltweit eine Vorreiterrolle zu \u00fcbernehmen. Dies d\u00fcrfte sich auch positiv auf das Wirtschaftswachstum und die Schaffung von Arbeitspl\u00e4tzen auswirken. Damit wird auch das im Rahmen der Kapitalmarktunion angestrebte Ziel unterst\u00fctzt, das Finanzwesen st\u00e4rker an den Bed\u00fcrfnissen der europ\u00e4ischen Wirtschaft und an der EU-Agenda f\u00fcr nachhaltige Entwicklung auszurichten.<\/p>\n<p>Die durch extreme Wetterereignisse verursachten wirtschaftlichen Sch\u00e4den haben zwischen 2007 und 2016 um 86 % zugenommen. Die pr\u00e4sentierten Vorschl\u00e4ge zeugen von der Entschlossenheit der Europ\u00e4ischen Union, unsere Investitionen in die richtige Richtung zu lenken. Sie stellen darauf ab, die gewaltige Kraft der Kapitalm\u00e4rkte f\u00fcr den Kampf gegen den Klimawandel und die F\u00f6rderung von Nachhaltigkeit zu mobilisieren.\u201c<\/p>\n<p>Was ist Sustainable Finance?<br \/>\nMit der sogenannten Taxonomie-Verordnung sollen zun\u00e4chst Kriterien festgelegt werden, wann eine Wirtschaftst\u00e4tigkeit \u00f6kologisch nachhaltig bzw. \u201esustainable\u201c ist. Eine Investition gilt im Wesentlichen als nachhaltig (sogenannte nachhaltige Investition), wenn sie wesentlich zur Verwirklichung eines oder mehrerer von sechs Umweltzielen beitr\u00e4gt:<\/p>\n<p>&#8211; Klimaschutz<br \/>\n&#8211; Anpassung an den Klimawandel<br \/>\n&#8211; nachhaltige Nutzung und Schutz von Wasser- und Meeresressourcen<br \/>\n&#8211; \u00dcbergang zu einer Kreislaufwirtschaft<br \/>\n&#8211; Abfallvermeidung und Recycling<br \/>\n&#8211; Vermeidung und Verminderung der Umweltverschmutzung sowie<br \/>\n&#8211; Schutz gesunder \u00d6kosysteme.<\/p>\n<p>Nachhaltige Geldanlage hat die Nische verlassen und steht vermutlich dennoch erst am Anfang einer gro\u00dfen \u00f6kologischen Bewegung. Die EU sorgt sich nicht nur um die Umwelt, sondern setzen auch vermehrt auf nachhaltige Veranlagungen. Themen Umwelt, Soziales und Unternehmensf\u00fchrung werden zu Ratingzwecken derzeit unter dem \u00dcberbegriff ESG geb\u00fcndelt (Environmental, Social and Governance). Die Europ\u00e4ische Union m\u00f6chte das Thema Nachhaltigkeit weiter vorantreiben und wird bestrebt sein, \u00fcber die n\u00e4chsten Jahre einheitliche Richtlinien zu schaffen.<\/p>\n<p><strong>Ethik<\/strong><br \/>\nEine tats\u00e4chliche Nische im Universum der nachhaltigen Anlagen stellen ethische Investments dar. Hier wird in der Regel mit Ausschlusskriterien gearbeitet. Humanit\u00e4t, Solidarit\u00e4t und Verantwortung sind die zentralen Werte, wobei die Folgen wirtschaftlichen Handelns auf andere Menschen und die Umwelt einer Rechtfertigung unterzogen werden. Was daher von ethischen Ratingagenturen oftmals ausgeschlossen wird, sind Unternehmen, die in den Bereichen Kernenergie, Genmanipulation, Alkohol, Verh\u00fctung, Pornographie, Gl\u00fccksspiel, Tabak und Milit\u00e4r t\u00e4tig sind.<\/p>\n<p><strong>FinAnKo\u00a0<\/strong><br \/>\nHinter diesem Begriff verbirgt sich die Richtlinie der \u00f6sterreichischen Bischofskonferenz. Dabei wurden die Themen der Nachhaltigkeit genauestens abgesteckt und dennoch ergeben sich zwischen den Ratingagenturen unterschiedliche Universen, die f\u00fcr eine Zusammenstellung verwendet werden k\u00f6nnen.<\/p>\n<p>&nbsp;<\/p>\n<h1><strong>Mikrofinanz<\/strong><\/h1>\n<p>Mehr als ein Drittel der Weltbev\u00f6lkerung lebt von weniger als zwei Dollar pro Tag. Wenn sie die Chance auf Arbeit bekommen, dann meist nur zur Aushilfst\u00e4tigkeiten. Diese Menschen haben kein geregeltes Einkommen. Gerade Frauen bleiben Ausbildung und Arbeit in den 3. Welt-L\u00e4ndern meistens g\u00e4nzlich verwehrt.<\/p>\n<p>Doch w\u00fcrde der Kauf einer Ziege oder einer N\u00e4hmaschine schon oft ausreichen, um der Armut zu entkommen. Die N\u00e4hmaschine verhilft zum Aufbau einer eigenen Schneiderei.<\/p>\n<p>Das Startkapital f\u00fcr die einzige Alternative, n\u00e4mlich sein eigenes Gesch\u00e4ft zu er\u00f6ffnen, fehlt jedoch und die T\u00fcren in ein sichereres und selbstbestimmendes Leben bleiben damit meist verschlossen.<\/p>\n<p>Diese Menschen haben oft keinen Zugang zu Finanzdienstleistungen. In vielen L\u00e4ndern dieser Welt fehlen n\u00e4mlich grundlegende Strukturen. Auch im Bankwesen.<br \/>\nKredite, die den Start in eine wirtschaftliche Unabh\u00e4ngigkeit erm\u00f6glichen w\u00fcrden, bleiben f\u00fcr arme Menschen verwehrt. Nur wer materielle Sicherheiten vorweisen kann, hat die Chance auf ein kleines Darlehen. Und sollte es mit dem Kredit doch klappen, dann nur zu horrenden Konditionen mit bis zu unvorstellbaren 15% monatlich!<\/p>\n<p>Das Mikrokreditsystem durchbricht diese Barrieren. Mikrokredite sind unternehmerische Startkredite zu fairen Konditionen (von 10 bis zu etwa 1.000 Euro), die an einkommensschwache Menschen vergeben werden, die normalerweise keinen Zugang zu regul\u00e4ren Bankkrediten haben. Somit bietet sich f\u00fcr diese Menschen eine gro\u00dfe Chance, eigenes Geld zu verdienen und ihren Familien essenzielle Dinge wie Essen, Kleidung kaufen zu k\u00f6nnen.<br \/>\nEin zus\u00e4tzlicher gro\u00dfer Vorteil ist die \u00fcberdurchschnittliche R\u00fcckf\u00fchrung von solchen Kleinstkrediten von durchschnittlich \u00fcber 98%!<br \/>\nDie Idee der Mikrokreditvergabe geht auf den Inder\u00a0<a href=\"http:\/\/www.muhammadyunus.org\/\">Muhammad Yunus<\/a>\u00a0aus Bangladesch zur\u00fcck, der dort mit der Gr\u00fcndung der Grameen Bank wesentlich zur Armutsbek\u00e4mpfung beigetragen hat und 2006 daf\u00fcr mit dem Friedensnobelpreis ausgezeichnet wurde.<br \/>\nDies ist ein \u00e4u\u00dferst effektiver Weg zur Verhinderung der Ausbeutung von Menschen mit schlechter Bildung, wie es in 3. Welt-L\u00e4ndern leider oft passiert. Wie auch in einer spannenden\u00a0<a href=\"http:\/\/religionv1.orf.at\/projekt03\/tvradio\/kreuz\/kq_main_neu.html\">ORF<\/a>\u00a0Dokumentation von \u201eKreuz und Quer&#8220; gezeigt wurde, wie viele unbezahlte Menschen in der 3. Welt f\u00fcr welche Produkte arbeiten m\u00fcssen!\u00a0\u00dcberpr\u00fcfen Sie es selbst unter:\u00a0<a href=\"http:\/\/slaveryfootprint.org\/\">http:\/\/slaveryfootprint.org\/<\/a><\/p>\n<p>In Zeiten wo Skandale und Betrug fast zu allt\u00e4glichen Vorkommnissen werden &#8211; selbst von gro\u00dfen und renommierten Unternehmen &#8211; sehen wir in unserer Dienstleistung eine besondere Verantwortung!<\/p>\n<p>N\u00e4mlich nicht nur mit dem Vertrauen unserer Klienten sicher und wirtschaftlich zu agieren sondern auch mit den gro\u00dfen M\u00f6glichkeiten der westlichen 1. Welt sinnvoll umzugehen. Daher bem\u00fchen wir uns neben Service und Vorteilen f\u00fcr unsere Klienten auch noch ethisch und \u00f6kologisch korrekt zu handeln!<\/p>\n<p>Hier gibt es inzwischen einige tolle M\u00f6glichkeiten, wo jeder einzelne mit seinen M\u00f6glichkeiten, einiges dazu beitragen kann! Also kontaktieren Sie Ihren INVESTcon Berater und lassen auch Sie sich aufkl\u00e4ren wie sie vielleicht ihr Geld nicht nur vermehren, sondern auch noch wesentliches zu einer gerechteren Welt beitragen k\u00f6nnen!<\/p>\n","protected":false},"excerpt":{"rendered":"<p>Im M\u00e4rz 2018 ver\u00f6ffentlichte die Europ\u00e4ische Kommission einen Aktionsplan &#8222;Nachhaltige Finanzierung&#8220; (Aktionsplan zur Finanzierung nachhaltigen Wachstums bzw. &#8222;Sustainable Finance&#8220;). Der &hellip; <\/p>\n","protected":false},"author":1,"featured_media":0,"parent":94,"menu_order":0,"comment_status":"closed","ping_status":"closed","template":"","meta":{"footnotes":""},"_links":{"self":[{"href":"https:\/\/www.invest-con.com\/homepages\/investcon\/wp-json\/wp\/v2\/pages\/102"}],"collection":[{"href":"https:\/\/www.invest-con.com\/homepages\/investcon\/wp-json\/wp\/v2\/pages"}],"about":[{"href":"https:\/\/www.invest-con.com\/homepages\/investcon\/wp-json\/wp\/v2\/types\/page"}],"author":[{"embeddable":true,"href":"https:\/\/www.invest-con.com\/homepages\/investcon\/wp-json\/wp\/v2\/users\/1"}],"replies":[{"embeddable":true,"href":"https:\/\/www.invest-con.com\/homepages\/investcon\/wp-json\/wp\/v2\/comments?post=102"}],"version-history":[{"count":0,"href":"https:\/\/www.invest-con.com\/homepages\/investcon\/wp-json\/wp\/v2\/pages\/102\/revisions"}],"up":[{"embeddable":true,"href":"https:\/\/www.invest-con.com\/homepages\/investcon\/wp-json\/wp\/v2\/pages\/94"}],"wp:attachment":[{"href":"https:\/\/www.invest-con.com\/homepages\/investcon\/wp-json\/wp\/v2\/media?parent=102"}],"curies":[{"name":"wp","href":"https:\/\/api.w.org\/{rel}","templated":true}]}}