{"id":1005,"date":"2018-06-01T12:50:26","date_gmt":"2018-06-01T10:50:26","guid":{"rendered":"http:\/\/www.invest-con.com\/homepages\/investcon\/?page_id=1005"},"modified":"2021-10-25T14:10:48","modified_gmt":"2021-10-25T12:10:48","slug":"berufsunfaehigkeit","status":"publish","type":"page","link":"https:\/\/www.invest-con.com\/homepages\/investcon\/berufsunfaehigkeit\/","title":{"rendered":"Berufsunf\u00e4higkeit"},"content":{"rendered":"<div>\n<div class=\"mod_lightbox clearfix\">\n<div id=\"mod-lightbox-berufsunfaehigkeit\" class=\"box visuallyhidden\">\n<h2>Berufsunf\u00e4higkeitsvorsorge<\/h2>\n<p>An Ungl\u00fccksf\u00e4lle zu denken, die schwere Verletzungen, Arbeitsunf\u00e4higkeit oder gar den Tod mit sich bringen, f\u00e4llt vielen Menschen schwer. Und das, obwohl rund 800.000 \u00d6sterreicher \u2013 also jeder Zehnte \u2013 j\u00e4hrlich verungl\u00fccken. Zus\u00e4tzlich zum pers\u00f6nlichen Schicksal kommen dann auch h\u00e4ufig finanzielle Probleme.<\/p>\n<p>Mit einer Berufsunf\u00e4higkeitsversicherung kann bereits mit geringen Beitr\u00e4gen der Verdienstentgang bei dauernder Erwerbsunf\u00e4higkeit ausgeglichen werden. Ein gutes, jedoch zu wenig genutztes Instrument, um finanzielle Engp\u00e4sse in so einer Situation abzusichern.<\/p>\n<p>Die Leistungspflicht des Versicherers tritt dann in Kraft, wenn der Versicherte infolge Krankheit, K\u00f6rperverletzung oder Kr\u00e4fteverfalls voraussichtlich dauerhaft au\u00dferstande ist, seinem ausge\u00fcbten Beruf nachzugehen.<\/p>\n<\/div>\n<\/div>\n<\/div>\n<p>Ihr INVEST-CON Consulter \u00fcberpr\u00fcft bestehende Vertr\u00e4ge und baut diese in Ihr pers\u00f6nliches Vorsorgekonzept ein.<\/p>\n<p>Besuchen Sie auch dazu: <a href=\"https:\/\/chronischkrank.at\/\">https:\/\/chronischkrank.at\/<\/a><\/p>\n","protected":false},"excerpt":{"rendered":"<p>Berufsunf\u00e4higkeitsvorsorge An Ungl\u00fccksf\u00e4lle zu denken, die schwere Verletzungen, Arbeitsunf\u00e4higkeit oder gar den Tod mit sich bringen, f\u00e4llt vielen Menschen schwer. &hellip; <\/p>\n","protected":false},"author":1,"featured_media":0,"parent":0,"menu_order":0,"comment_status":"closed","ping_status":"closed","template":"","meta":{"footnotes":""},"_links":{"self":[{"href":"https:\/\/www.invest-con.com\/homepages\/investcon\/wp-json\/wp\/v2\/pages\/1005"}],"collection":[{"href":"https:\/\/www.invest-con.com\/homepages\/investcon\/wp-json\/wp\/v2\/pages"}],"about":[{"href":"https:\/\/www.invest-con.com\/homepages\/investcon\/wp-json\/wp\/v2\/types\/page"}],"author":[{"embeddable":true,"href":"https:\/\/www.invest-con.com\/homepages\/investcon\/wp-json\/wp\/v2\/users\/1"}],"replies":[{"embeddable":true,"href":"https:\/\/www.invest-con.com\/homepages\/investcon\/wp-json\/wp\/v2\/comments?post=1005"}],"version-history":[{"count":2,"href":"https:\/\/www.invest-con.com\/homepages\/investcon\/wp-json\/wp\/v2\/pages\/1005\/revisions"}],"predecessor-version":[{"id":3457,"href":"https:\/\/www.invest-con.com\/homepages\/investcon\/wp-json\/wp\/v2\/pages\/1005\/revisions\/3457"}],"wp:attachment":[{"href":"https:\/\/www.invest-con.com\/homepages\/investcon\/wp-json\/wp\/v2\/media?parent=1005"}],"curies":[{"name":"wp","href":"https:\/\/api.w.org\/{rel}","templated":true}]}}