{"id":1003,"date":"2018-06-01T12:49:07","date_gmt":"2018-06-01T10:49:07","guid":{"rendered":"http:\/\/www.invest-con.com\/homepages\/investcon\/?page_id=1003"},"modified":"2018-06-01T12:49:07","modified_gmt":"2018-06-01T10:49:07","slug":"gesundheitsvorsorge","status":"publish","type":"page","link":"https:\/\/www.invest-con.com\/homepages\/investcon\/gesundheitsvorsorge\/","title":{"rendered":"Gesundheitsvorsorge"},"content":{"rendered":"<h2>Gesundheitsvorsorge<\/h2>\n<p>Explodierende Spitals- und Medikamentenkosten treiben immer mehr \u00f6ffentliche Krankenkassen in die roten Zahlen. Erh\u00f6hung der Rezeptgeb\u00fchren, Ambulanzgeb\u00fchr, Selbstbehalte bei Arztbesuchen sind nur ein Auszug von Schlagworten aus der politischen Diskussion, die aus dem Dilemma der Finanzierbarkeit des Gesundheitswesens f\u00fchren sollen. Damit wird die private Gesundheitsvorsorge immer wichtiger.<\/p>\n<p>Wer im Ernstfall in den Genuss einer erstklassigen Rundum-Versorgung kommen will, kann dies nur erreichen, wenn er entweder bereit ist, als sogenannter Privatpatient die Mehrkosten dieser Betreuung aus eigener Tasche zu bezahlen oder eine private Krankenversicherung abzuschlie\u00dfen.<\/p>\n<p>Mit Anbietern solcher Versicherungen, die im Krankheitsfall eine erstklassige und rasche Behandlung samt der Unterbringung in freundlich ausgestatteten Krankenzimmern garantieren, ist der heimische Markt gut versorgt.<\/p>\n<p>Die Versicherungs-Leistungen sind oft flexibel gestaltbar. Die Basisleistung besteht immer in der Bezahlung der Unterbringung in der sogenannten Sonderklasse bei Spitalsaufenthalten. Der Sonderklasse-Tarif schlie\u00dft Wartezeiten auf Operationen praktisch aus. Das gew\u00fcnschte Bett steht sofort zur Verf\u00fcgung und auch bei der Arztwahl genie\u00dft der Patient jede Freiheit.<\/p>\n<p>Diese Basisleistung kann der Versicherte je nach Wunsch aufstocken. Die Bausteine, die zur Verf\u00fcgung stehen, decken jeden denkbaren Versicherungsfall ab. So kann die G\u00fcltigkeit der Polizze auch die medizinische Betreuung im Ausland einschlie\u00dfen oder auf ambulante Behandlungen erstreckt werden.<\/p>\n","protected":false},"excerpt":{"rendered":"<p>Gesundheitsvorsorge Explodierende Spitals- und Medikamentenkosten treiben immer mehr \u00f6ffentliche Krankenkassen in die roten Zahlen. Erh\u00f6hung der Rezeptgeb\u00fchren, Ambulanzgeb\u00fchr, Selbstbehalte bei &hellip; <\/p>\n","protected":false},"author":1,"featured_media":0,"parent":0,"menu_order":0,"comment_status":"closed","ping_status":"closed","template":"","meta":{"footnotes":""},"_links":{"self":[{"href":"https:\/\/www.invest-con.com\/homepages\/investcon\/wp-json\/wp\/v2\/pages\/1003"}],"collection":[{"href":"https:\/\/www.invest-con.com\/homepages\/investcon\/wp-json\/wp\/v2\/pages"}],"about":[{"href":"https:\/\/www.invest-con.com\/homepages\/investcon\/wp-json\/wp\/v2\/types\/page"}],"author":[{"embeddable":true,"href":"https:\/\/www.invest-con.com\/homepages\/investcon\/wp-json\/wp\/v2\/users\/1"}],"replies":[{"embeddable":true,"href":"https:\/\/www.invest-con.com\/homepages\/investcon\/wp-json\/wp\/v2\/comments?post=1003"}],"version-history":[{"count":0,"href":"https:\/\/www.invest-con.com\/homepages\/investcon\/wp-json\/wp\/v2\/pages\/1003\/revisions"}],"wp:attachment":[{"href":"https:\/\/www.invest-con.com\/homepages\/investcon\/wp-json\/wp\/v2\/media?parent=1003"}],"curies":[{"name":"wp","href":"https:\/\/api.w.org\/{rel}","templated":true}]}}